{"id":962,"date":"2014-06-08T19:06:51","date_gmt":"2014-06-08T17:06:51","guid":{"rendered":"http:\/\/www.lamamaumbria.org\/?page_id=962"},"modified":"2015-06-20T17:40:48","modified_gmt":"2015-06-20T15:40:48","slug":"urdimbre","status":"publish","type":"page","link":"http:\/\/www.lamamaumbria.org\/?page_id=962","title":{"rendered":"LA URDIMBRE"},"content":{"rendered":"<p style=\"color: #b72b1c;\"><strong><span style=\"color: #000000;\">dal 19 al 26 agosto 2014<\/span><\/strong><\/p>\n<p style=\"color: #b72b1c;\"><strong>presentazione 25 e 26 agosto ore 21.00 CANTIERE OBERDAN<\/strong><\/p>\n<h1 style=\"color: #b72b1c;\"><strong><span style=\"color: #000000;\"><img loading=\"lazy\" decoding=\"async\" class=\"size-medium wp-image-977 alignleft\" src=\"http:\/\/www.lamamaumbria.org\/wp-content\/uploads\/Dora-Arreola-300x227.jpg\" alt=\"Dora Arreola\" width=\"300\" height=\"227\" \/>LA URDIMBRE<br \/>\n<\/span><span style=\"color: #000000;\">Mujeres en Ritual<\/span><span style=\"color: #000000;\">\u00a0(Mexico, USA)<\/span><\/strong><\/h1>\n<p>Basato su\/<span style=\"color: #00595c;\"><i>Based on<\/i><\/span>\u00a0Telares (o el Olvido)<i>\u00a0<\/i>dello scrittore Messicano<i>\/<\/i><span style=\"color: #00595c;\"><i>by Mexican writer:<\/i><\/span>\u00a0<b>Fabiola Ruiz<br \/>\n<\/b>Regia e direzione artistica \/\u00a0<span style=\"color: #00595c;\"><i>Director and artistic director<\/i><\/span>\u00a0<b>Dora Arreola<br \/>\n<\/b>con la collaborazione di \/<span style=\"color: #00595c;\"><i>with the collaboration:\u00a0<\/i><\/span><b>Rena Mirecka<br \/>\n<\/b>Performers:\u00a0<b>Dora Arreola, Gisela Madrigal, Cristina Carpio, Ilse L\u00f3pez, Kenia Delgadillo, Sandra Diaz, Maria Vale<\/b><\/p>\n<p>Residenza artistica mirata allo sviluppo di uno spettacolo basato sul romanzo della scrittrice messicana Fabiola Ruiz, durante la quale la regista Dora Arreola e la sua compagnia Mujeres en Ritual avranno la possibilit\u00e0 di lavorare con la grande maestra polacca Rena Mirecka, uno degli ultimi artisti viventi dello storico gruppo Teatr Labotarium di Jerzy Grotowski, alla ricerca \u201cDall\u2019azione sacra alla performance\u201d.\u00a0 Oblio, memoria e ricerca d\u2019identit\u00e0 sono i temi che si intrecciano in \u201eLa Urdimbre\u201c, storia di un piccolo villaggio di montagna dove gli abitanti, senza rendersene conto, si trovano a condurre una lotta tra tradizione e modernit\u00e0, che pu\u00f2 essere simbolo di ci\u00f2 che avviene in diverse parti del Messico e del mondo. La Urdimbre racconta infatti ci\u00f2 che accade nei territori indigeni con l\u2018arrivo della cultura del capitale e di come questo stia distruggendo la vita dei suoi abitanti. Lo spettacolo parla del passaggio a una modernit\u00e0 che spazza costumi e identit\u00e0, della lotta tra questa modernit\u00e0 e la tradizione, tratteggiando un panorama pi\u00f9 ampio sulla cultura popolare, che include il ruolo della donna, il maschilismo, la religiosit\u00e0, i modi di dire, le abitudini e la gestione del tempo.<\/p>\n<p style=\"color: #00595c;\">The loss of memory and the search for identity are the main themes woven into La Urdimbre, based on the novel Telares by Fabiola Ruiz, the story of a small mountain village where the inhabitants, without realizing it, carry on a struggle between tradition and modernity, which represents the symbol of what is currently happening in different parts of Mexico and the world. La Urdimbre tells about what happens in the indigenous territories with the arrival of the capitalistic culture and how this is destroying the lives of its inhabitants. The performance talks about the transition to a modernity that sweeps away customs and identities, about the struggle between tradition and modernity, outlining a broader panorama on popular culture, including the role of women, machismo, religion, ways of speaking, habits and time management.<\/p>\n<p style=\"color: #00595c;\">This project is the result of an ongoing research of performer and director Dora Arreola and her company Mujeres en Ritual. It was further developed in a Residency at La MaMa Umbria that involved the collaboration of the great theatre master Rena Mirecka.<\/p>\n<p><\/p>","protected":false},"excerpt":{"rendered":"<p>dal 19 al 26 agosto 2014 presentazione 25 e 26 agosto ore 21.00 CANTIERE OBERDAN LA URDIMBRE Mujeres en Ritual\u00a0(Mexico, USA) Basato su\/Based on\u00a0Telares (o el Olvido)\u00a0dello scrittore Messicano\/by Mexican writer:\u00a0Fabiola Ruiz Regia e direzione artistica \/\u00a0Director and artistic director\u00a0Dora Arreola con la collaborazione di \/with the collaboration:\u00a0Rena Mirecka Performers:\u00a0Dora\u2026<\/p>\n<p> <a class=\"continue-reading-link\" href=\"http:\/\/www.lamamaumbria.org\/?page_id=962\"><span>Continue reading<\/span><i class=\"crycon-right-dir\"><\/i><\/a> <\/p>\n","protected":false},"author":1,"featured_media":0,"parent":944,"menu_order":0,"comment_status":"closed","ping_status":"closed","template":"","meta":{"footnotes":""},"_links":{"self":[{"href":"http:\/\/www.lamamaumbria.org\/index.php?rest_route=\/wp\/v2\/pages\/962"}],"collection":[{"href":"http:\/\/www.lamamaumbria.org\/index.php?rest_route=\/wp\/v2\/pages"}],"about":[{"href":"http:\/\/www.lamamaumbria.org\/index.php?rest_route=\/wp\/v2\/types\/page"}],"author":[{"embeddable":true,"href":"http:\/\/www.lamamaumbria.org\/index.php?rest_route=\/wp\/v2\/users\/1"}],"replies":[{"embeddable":true,"href":"http:\/\/www.lamamaumbria.org\/index.php?rest_route=%2Fwp%2Fv2%2Fcomments&post=962"}],"version-history":[{"count":1,"href":"http:\/\/www.lamamaumbria.org\/index.php?rest_route=\/wp\/v2\/pages\/962\/revisions"}],"predecessor-version":[{"id":1372,"href":"http:\/\/www.lamamaumbria.org\/index.php?rest_route=\/wp\/v2\/pages\/962\/revisions\/1372"}],"up":[{"embeddable":true,"href":"http:\/\/www.lamamaumbria.org\/index.php?rest_route=\/wp\/v2\/pages\/944"}],"wp:attachment":[{"href":"http:\/\/www.lamamaumbria.org\/index.php?rest_route=%2Fwp%2Fv2%2Fmedia&parent=962"}],"curies":[{"name":"wp","href":"https:\/\/api.w.org\/{rel}","templated":true}]}}