{"id":76,"date":"2011-04-10T10:40:27","date_gmt":"2011-04-10T08:40:27","guid":{"rendered":"http:\/\/www.lamamaumbria.org\/?page_id=76"},"modified":"2015-06-20T17:19:32","modified_gmt":"2015-06-20T15:19:32","slug":"special-cricot-2-workshop","status":"publish","type":"page","link":"http:\/\/www.lamamaumbria.org\/?page_id=76","title":{"rendered":"Special Cricot 2 workshop"},"content":{"rendered":"<h2><strong><strong>Progetto speciale<\/strong><br \/>\ndal 13 al 26 giugno 2011<\/strong><\/h2>\n<h2><span style=\"color: #ac161b;\"><strong><span style=\"text-decoration: underline;\">LABORATORIO\/SPETTACOLO<\/span><\/strong><em><strong><br \/>\nCRICOT 2<\/strong><\/em><\/span><strong> <\/strong><\/h2>\n<p>Diretto da<strong> <\/strong><strong>TERESA ed ANDRZEJ WELMINSKI<\/strong><strong> <\/strong>(PL)<br \/>\nmembri della<em> <\/em><em>Compagnia Cricot 2 di Tadeusz Kantor<\/em><\/p>\n<p><a href=\"http:\/\/www.lamamaumbria.org\/wp-content\/uploads\/2011\/04\/PONTLEVOY-WORKSHOP-1.jpg\"><img loading=\"lazy\" decoding=\"async\" class=\"alignleft size-medium wp-image-92\" title=\"PONTLEVOY WORKSHOP 1\" src=\"http:\/\/www.lamamaumbria.org\/wp-content\/uploads\/2011\/04\/PONTLEVOY-WORKSHOP-1-300x265.jpg\" alt=\"\" width=\"270\" height=\"239\" \/><\/a>Si tratta di un laboratorio pratico sulla creazione teatrale, che si concluder\u00e0 con una presentazione pubblica finale inserita nel programma della manifestazione <em>SPOLETO<\/em> <em>FRINGE, <\/em>evento speciale del<em> Festival dei 2 Mondi di Spoleto.<\/em><\/p>\n<p>Il laboratorio mira anche a presentare in forma pratica e teorica alcune rilevanti informazioni sulla storia del Teatro Cricot-2 e sullo sviluppo delle ideee teatrali create da Tadeusz Kantor con la compagnia. Alcune delle idee chiave sono \u2018la realt\u00e0 nel suo livello pi\u00f9 basso\u2019, \u2018clich\u00e9 della memoria\u2019, \u2018manichini\u2019 e l&#8217;idea del \u2018viaggio\u2019.<br \/>\nNelle sessioni pratiche, verranno ricreati studi di scene e applicate praticamente le metodologie di lavoro sviluppate, per avviare il processo di creazione di una performance. Verranno presentate idee realative all&#8217;uso di diversi spazi teatrali e la loro consequenza sul lavoro degli attori, all&#8217;uso degli oggetti, al significato di un costume, ai biooggetti, alla funzione del testo, etc.<\/p>\n<p><strong>ANDRZEJ WELMINSKI<\/strong> \u00e8 nato a Cracovia nel 1952 e ha studiato Arti Grafiche presso L&#8217;Accademia delle Belle Arti di Cracovia, diplomandosi nel 1977. <strong>TERESA WELMINSKI<\/strong> \u00e8 nata a Cracovia nel 1954 e ha studiato medicina al Collegium Medicum, di Cracovia. Andrzej \u00e8 entrato a far parte del Teatro Cricot nel 1973, Teresa nel 1975. Da allora hanno preso parte a tutte le attivit\u00e0 e spettacoli , di questa importante compagnia sperimentale, fino alla morte del suo fondatore  Tadeusz Kantor, nel 1990. La loro successiva attivit\u00e0 di insegnamento e creazione, in giro per il mondo, \u00e8 stata fondamentale per lo sviluppo e il mantenimento del lavoro della compagnia dopo la morte di Kantor.<\/p>\n<p>Il laboratorio \u00e8 stato reso possibile grazie alla collaborazione con la <a href=\"http:\/\/anna-mahler.com\/\" target=\"_blank\"><strong>Anna Mahler International Association <\/strong><\/a>e <strong>David Gothard<\/strong>.<\/p>\n<p><\/p>","protected":false},"excerpt":{"rendered":"<p>Progetto speciale dal 13 al 26 giugno 2011 LABORATORIO\/SPETTACOLO CRICOT 2 Diretto da TERESA ed ANDRZEJ WELMINSKI (PL) membri della Compagnia Cricot 2 di Tadeusz Kantor Si tratta di un laboratorio pratico sulla creazione teatrale, che si concluder\u00e0 con una presentazione pubblica finale inserita nel programma della manifestazione SPOLETO FRINGE,\u2026<\/p>\n<p> <a class=\"continue-reading-link\" href=\"http:\/\/www.lamamaumbria.org\/?page_id=76\"><span>Continue reading<\/span><i class=\"crycon-right-dir\"><\/i><\/a> <\/p>\n","protected":false},"author":1,"featured_media":0,"parent":24,"menu_order":0,"comment_status":"closed","ping_status":"closed","template":"","meta":{"footnotes":""},"_links":{"self":[{"href":"http:\/\/www.lamamaumbria.org\/index.php?rest_route=\/wp\/v2\/pages\/76"}],"collection":[{"href":"http:\/\/www.lamamaumbria.org\/index.php?rest_route=\/wp\/v2\/pages"}],"about":[{"href":"http:\/\/www.lamamaumbria.org\/index.php?rest_route=\/wp\/v2\/types\/page"}],"author":[{"embeddable":true,"href":"http:\/\/www.lamamaumbria.org\/index.php?rest_route=\/wp\/v2\/users\/1"}],"replies":[{"embeddable":true,"href":"http:\/\/www.lamamaumbria.org\/index.php?rest_route=%2Fwp%2Fv2%2Fcomments&post=76"}],"version-history":[{"count":1,"href":"http:\/\/www.lamamaumbria.org\/index.php?rest_route=\/wp\/v2\/pages\/76\/revisions"}],"predecessor-version":[{"id":1344,"href":"http:\/\/www.lamamaumbria.org\/index.php?rest_route=\/wp\/v2\/pages\/76\/revisions\/1344"}],"up":[{"embeddable":true,"href":"http:\/\/www.lamamaumbria.org\/index.php?rest_route=\/wp\/v2\/pages\/24"}],"wp:attachment":[{"href":"http:\/\/www.lamamaumbria.org\/index.php?rest_route=%2Fwp%2Fv2%2Fmedia&parent=76"}],"curies":[{"name":"wp","href":"https:\/\/api.w.org\/{rel}","templated":true}]}}