{"id":71,"date":"2011-04-10T10:39:09","date_gmt":"2011-04-10T09:39:09","guid":{"rendered":"http:\/\/www.lamamaumbria.org\/?page_id=71"},"modified":"2015-06-20T17:18:58","modified_gmt":"2015-06-20T15:18:58","slug":"acting-workshop","status":"publish","type":"page","link":"http:\/\/www.lamamaumbria.org\/?page_id=71","title":{"rendered":"Master acting workshop"},"content":{"rendered":"<h3><strong><span style=\"color: #000000;\"><span style=\"font-family: Times New Roman,serif;\"><span style=\"font-size: big;\">dal 17 al 27 agosto, 2011<\/span><\/span><\/span><\/strong><\/h3>\n<p><span style=\"color: #101010;\"><span style=\"font-family: Times New Roman,serif;\"><span style=\"font-size: medium;\">Due docenti\/artisti internazionalmenre riconosciuti condurranno un corso intensivo di recitazione rivolto ad attori professionisti. <strong>Tina Landau<\/strong> e <strong>Andr\u00e9 De Shields<\/strong> offriranno agli attori strumenti per sviluppare le lotenzialit\u00e0 espressive del corpo e della voce. Inoltre, insieme ai due artisti ospiti, <strong>Ferdinando Ceriani<\/strong> e <strong>Carla Ferraro<\/strong>, i partecipanti affronteranno un lavoro mirato all&#8217;esplorazione di un testo teatrale di un autore italiano.<\/span><\/span><\/span><\/p>\n<h2><span style=\"color: #000000;\"><span style=\"font-family: Times New Roman,serif;\"><span style=\"font-size: big;\"><strong>TINA LANDAU<\/strong><\/span><\/span><\/span><span style=\"color: #b6000c;\"><span style=\"font-family: Times New Roman,serif;\"><span style=\"font-size: big;\"><strong><br \/>\nVIEWPOINTS<\/strong><\/span><\/span><\/span><\/h2>\n<p><span style=\"font-family: Times New Roman,serif;\"><span style=\"font-size: medium;\"><span style=\"color: #101010;\">I partecipanti verranno introdotti al metodo <\/span><span style=\"color: #101010;\"><em>Viewpoints,<\/em><\/span><span style=\"color: #101010;\"> che aiuta gli attori ad espandere la propria consapevolezza, spontaneit\u00e0 e flessibilit\u00e0. Il lavoro sul corpo e sull&#8217;improvvisazione, verr\u00e0 condotto parallelamente ad un lavoro pi\u00f9 analitico a partire dal testo. <\/span><\/span><\/span><\/p>\n<p><span style=\"color: #141413;\"><span style=\"font-family: Times New Roman,serif;\"><span style=\"font-size: medium;\"><span style=\"color: #101010;\"><strong>TINA LANDAU <\/strong><\/span><span style=\"color: #101010;\">\u00e8 una autrice, regista ed insegnante. Fa parte dell&#8217;ensemble Steppenwolf per il quale ha curato numerose regie. Tina ha vinto numerosi premi e riconoscimenti, tra cui il prestigioso United States Artist Fellowship, il Princess Grace Foundation, Rockefeller Foundation, Pew Charitable Trust, NEA, il Richard Rodgers Award, un Obie, e il premio Lucille Lortel. \u00c8 coautrice, insieme alla regista Anne Bogart, del libro sul metodio Viewpoints: <\/span><span style=\"color: #101010;\"><em>\u201cA Practical Guide to Viewpoints and Composition\u201d<\/em><\/span><\/span><\/span><\/span><\/p>\n<h2><span style=\"color: #101010;\"><span style=\"font-family: Times New Roman,serif;\"><span style=\"font-size: big;\"><strong>ANDR\u00c9 DE SHIELDS<\/strong><\/span><\/span><\/span><span style=\"color: #b6000c;\"><span style=\"font-family: Times New Roman,serif;\"><span style=\"font-size: big;\"><strong><br \/>\nL&#8217;ATTORE EROICO<\/strong><\/span><\/span><\/span><\/h2>\n<p><span style=\"font-family: Times New Roman,serif;\"><span style=\"font-size: medium;\"><span style=\"color: #101010;\">L&#8217;arte dell&#8217;attore si collega ad una tema mitologico: la scoperta del Triangolo d&#8217;oro \u2013 quel luogo nella psiche dove mente, corpo e spirito esistono in un unica sorgente di energia. Una volta unite, queste accendono un fuoco nell&#8217;anima che brucia attraverso tutte le illusioni. L&#8217;attore che riesce in quest&#8217;avventure viene trasformato in un eroe, possiede lo strumento per sbloccare il potere della vita sepolto nell&#8217;inconscio. <\/span><\/span><\/span><\/p>\n<p><span style=\"color: #141413;\"><span style=\"font-family: Times New Roman,serif;\"><span style=\"font-size: medium;\"><span style=\"color: #101010;\"><strong>ANDR\u00c9 DE SHIELDS<\/strong><\/span><span style=\"color: #101010;\"> Durante la sua quarantennale carriera, Andr\u00e9 De Shields, si \u00e8 distinto come un ineguagliabile attore, regista, coreografo ed educatore. Nel 2009 gli \u00e8 stato conferito il prestigioso premio <\/span><span style=\"color: #101010;\"><em>National Black Theatre Festival Living Legend Award<\/em><\/span><span style=\"color: #101010;\">, e il premio OBIE alla carriera nel 2007. La critica lo ha costantemente acclamato per le sue straordinarie interpretazioni e per il suo originale approccio al teatro come un modo di vivere. Namaste!<\/span><\/span><\/span><\/span><\/p>\n<h2><span style=\"font-family: Times New Roman,serif;\"><span style=\"font-size: big;\"><strong>FERDINANDO CERIANI e CARLA FERRARO <\/strong><br \/>\n<span style=\"color: #b6000c;\"><strong>THAT INSTRUMENT WAS OUT OF TUNE<\/strong><\/span><\/span><\/span><\/h2>\n<p><span style=\"font-family: Times New Roman,serif;\"><span style=\"font-size: medium;\">Ansia \/ serenit\u00e0, attesa \/ azione, rabbia \/ amore, illusione\/ sconfitta sono solo alcuni dei contrasti che ci suggerisce il testo del drammaturgo Franco Mol\u00e8, <em>Concerto Grosso per Brugh (Big concert for Broogh)<\/em>, che abbiamo scelto come spunto e materiale per questo laboratorio che si svilupper\u00e0 in quattro incontri di quattro ore ciascuno. Leggeremo il testo, ne sceglieremo dei frammenti che diventeranno il ring ideale in cui dare ampio spazio alla vitalit\u00e0, talvolta disperata, dei sentimenti. Un lavoro sul corpo e sulla recitazione volto direttamente alla messa in scena con l\u2019obiettivo di presentare micro performance alla fine dello stage.<\/span><\/span><\/p>\n<p><span style=\"font-family: Times New Roman,serif;\"><span style=\"font-size: medium;\"><strong>FERDINANDO CERIANI <\/strong>Regista e responsabile artistico di numerosi festival, vice direttore della <em>Compagnia Italiana <\/em>di Maurizio Scaparro. Come <span style=\"text-decoration: underline;\">regista<\/span> dirige, tra gli altri, Valeria Moriconi in <em>Shakespeare amore<\/em>, mette in scena per la Biennale di Venezia Dove danzano in draghi e gli dei, la cina di Tiziano e Angela Terzani con Andrea Jonasson e Franco Mol\u00e8 e Il sogno di G. con Giulia Lazzarini e la civica jazz band di Milano; cura la regia dello spettacolo i 60\u00b0 del Piccolo Teatro di Milano; mette in scena <em>I Clowns, <\/em>tratto dall\u2019omonimo film di Federico Fellini, adatta e dirige <em>Salonicco 43<\/em> che debutta a Tel Aviv, Salonicco e alla Biennale di Venezia. Dal 2008 \u00e8 <span style=\"text-decoration: underline;\">direttore artistico<\/span>, con Paola Servillo, del festival internazionale di Settembre al Borgo di Caserta. Ha collaborato come <span style=\"text-decoration: underline;\">responsabile artistico<\/span> in tutte le manifestazioni ideate da Maurizio Scaparro negli ultimi anni (<em>Voci d\u2019Europa<\/em>, <em>Canti di vita in tempo di peste<\/em>, <em>Les Italiens<\/em>). Nel 2010, dirige, per il Teatro Nazionale del Marocco, <em>Appunti per il prossimo millennio<\/em> omaggio a Italo Calvino. Nel 2011 \u00e8 responsabile artistico del progetto Il Teatro Italiano nel Mondo di Maurizio Scaparro.<\/span><\/span><\/p>\n<p><span style=\"font-family: Times New Roman,serif;\"><span style=\"font-size: medium;\"><strong>CARLA FERRARO <\/strong>Attrice diplomata presso l\u2019Accademia d\u2019Arte Drammatica \u201cSilvio D\u2019Amico\u201d, sotto la guida di Lorenzo Salveti, con cui successivamente collabora come protagonista in numerosi progetti teatrali: <em>Cos\u00ec \u00e8 (se vi pare), Ecuba, La Tempesta, Un tram che si chiama desiderio<\/em>, tra gli altri. Lavora con registi quali: Piero Maccarinelli, Giancarlo Sepe, e Maurizio Scaparro che la sceglie tra l&#8217;altro per lo spettacolo <em>Don Giovanni<\/em>, e per il film <em>L&#8217;ultimo Pulcinella<\/em>. Collebora da tempo con Ferdinando Ceriani, compreso in <em>Salonicco 43<\/em>, e<em> Appunti per il prossimo millennio<\/em>, tratta da opere di Italo Calvino. Affianca alla sua attivit\u00e0 teatrale impegni radiofonici, televisivi, di doppiaggio e soprattutto di insegnamento.<\/span><\/span><\/p>\n<p><\/p>","protected":false},"excerpt":{"rendered":"<p>dal 17 al 27 agosto, 2011 Due docenti\/artisti internazionalmenre riconosciuti condurranno un corso intensivo di recitazione rivolto ad attori professionisti. Tina Landau e Andr\u00e9 De Shields offriranno agli attori strumenti per sviluppare le lotenzialit\u00e0 espressive del corpo e della voce. Inoltre, insieme ai due artisti ospiti, Ferdinando Ceriani e Carla\u2026<\/p>\n<p> <a class=\"continue-reading-link\" href=\"http:\/\/www.lamamaumbria.org\/?page_id=71\"><span>Continue reading<\/span><i class=\"crycon-right-dir\"><\/i><\/a> <\/p>\n","protected":false},"author":1,"featured_media":0,"parent":24,"menu_order":0,"comment_status":"closed","ping_status":"closed","template":"","meta":{"footnotes":""},"_links":{"self":[{"href":"http:\/\/www.lamamaumbria.org\/index.php?rest_route=\/wp\/v2\/pages\/71"}],"collection":[{"href":"http:\/\/www.lamamaumbria.org\/index.php?rest_route=\/wp\/v2\/pages"}],"about":[{"href":"http:\/\/www.lamamaumbria.org\/index.php?rest_route=\/wp\/v2\/types\/page"}],"author":[{"embeddable":true,"href":"http:\/\/www.lamamaumbria.org\/index.php?rest_route=\/wp\/v2\/users\/1"}],"replies":[{"embeddable":true,"href":"http:\/\/www.lamamaumbria.org\/index.php?rest_route=%2Fwp%2Fv2%2Fcomments&post=71"}],"version-history":[{"count":1,"href":"http:\/\/www.lamamaumbria.org\/index.php?rest_route=\/wp\/v2\/pages\/71\/revisions"}],"predecessor-version":[{"id":1342,"href":"http:\/\/www.lamamaumbria.org\/index.php?rest_route=\/wp\/v2\/pages\/71\/revisions\/1342"}],"up":[{"embeddable":true,"href":"http:\/\/www.lamamaumbria.org\/index.php?rest_route=\/wp\/v2\/pages\/24"}],"wp:attachment":[{"href":"http:\/\/www.lamamaumbria.org\/index.php?rest_route=%2Fwp%2Fv2%2Fmedia&parent=71"}],"curies":[{"name":"wp","href":"https:\/\/api.w.org\/{rel}","templated":true}]}}