{"id":393,"date":"2012-03-09T12:53:18","date_gmt":"2012-03-09T11:53:18","guid":{"rendered":"http:\/\/www.lamamaumbria.org\/?page_id=393"},"modified":"2015-06-20T17:16:48","modified_gmt":"2015-06-20T15:16:48","slug":"neil-labute-marco-calvani","status":"publish","type":"page","link":"http:\/\/www.lamamaumbria.org\/?page_id=393","title":{"rendered":"Neil LaBute &#038; Marco Calvani"},"content":{"rendered":"<p><!-- \t\t@page { margin: 2cm } \t\tP { margin-bottom: 0.21cm } \t\tH3 { margin-bottom: 0.21cm } \t\tH3.cjk { font-family: \"SimSun\" } \t\tH3.ctl { font-family: \"Lucida Sans\" } --><\/p>\n<h3>THE TRUTH ON THE STAGE<\/h3>\n<p>Through comparison with long established traditions, the workshop concentrates on training the director to search for the <em>Truth<\/em> spurring the actor to use to the maximum all the techniques and devices at his disposal. His body, his voice and his focus need to become well-honed instruments, responsive, sensitive and agile and the director needs to encourage him, follow him, show him the road. The director\u2019s work must be focused on the Actor\u2019s voice and body according him on the Theme of the play. We create different kind of performances only in collaboration with the Actors. From constantly searching for a new and personal perception of the truth the director will discover the change in behavior, in gesture. He will learn to train himself to synthesize, to acquire the fluidity of his thought and of his idea.<\/p>\n<h3>About Neil LaBute and Marco Calvani<\/h3>\n<p><strong><img loading=\"lazy\" decoding=\"async\" class=\"alignleft size-thumbnail wp-image-454\" title=\"neil-labute\" src=\"http:\/\/www.lamamaumbria.org\/wp-content\/uploads\/2012\/03\/neil-labute-150x150.jpg\" alt=\"\" width=\"150\" height=\"150\" \/>Neil LaBute<\/strong> received his Master of Fine Arts degree in dramatic writing from New York University and was the recipient of a literary fellowship to study at the Royal Court Theatre. Films include <em>In the Company of Men<\/em> (New York Critics Circle Award for Best First Feature, Filmmakers\u2019 Trophy at the Sundance Film Festival), <em>Your Friends and Neighbors<\/em>, <em>Nurse Betty<\/em>, <em>Possession<\/em>, <em>The Shape of Things<\/em> \u2013 a film adaptation of his play by the same title \u2013 <em>The Wicker Man<\/em>, <em>Lakeview Terrace<\/em> and <em>Death at a Funeral<\/em>. Plays include bash: <em>Reasons to be pretty<\/em>, <em>Latter-day plays<\/em>, <em>The Shape of Things<\/em>, <em>The Distance From Here<\/em>,<em> The Mercy Seat<\/em>, <em>Autobahn<\/em>, <em>This Is How It Goes<\/em>,<em> Some Girl(s)<\/em>, <em>Wrecks<\/em>, <em>In a Dark Dark House<\/em>, <em>Helter Skelter<\/em>, <em>The Furies<\/em> and <em>The War on Terror<\/em>. LaBute is the author of several fictional pieces that have been published in The New Yorker, The New York Times, Harper\u2019s Bazaar and Playboy, among others. A collection of his short stories was published by Grove\/Atlantic.<\/p>\n<p><strong><img loading=\"lazy\" decoding=\"async\" class=\"alignleft size-thumbnail wp-image-455\" title=\"MARCO+CALVANI\" src=\"http:\/\/www.lamamaumbria.org\/wp-content\/uploads\/2012\/03\/MARCO+CALVANI-150x150.jpg\" alt=\"\" width=\"150\" height=\"150\" \/>Marco Calvani<\/strong> was trained as an actor at the Teatro della Limonaia of Florence and the Duse Studio of Rome, his debut as a playwright was in 2002 with <em>Quasi<\/em> commissioned by the European Social Forum.<br \/>\nOther work includes: <em>TeLoLeggoNegliOcchi! <\/em>(2003), <em>Prima che tu dorma<\/em> commissioned by the Todi Art Festival (2004), <em>La Vita Bassa\/Low Life<\/em> (2005) commissioned by the Phoenix Theatre of London, <em>Le Mani Forti\/Strong Hands<\/em> (2006) a piece broadly based on the tragedy of Novi Ligure and <em>Olio\/Oil<\/em> (2008) which makes his directorial debut. In Summer 2008 he took part in the 2nd International Playwrights Retreat organized by La MaMa, where he developed a first draft of<em> La Citt\u00e0 Sotto\/The City Beneath<\/em>. The play was commissioned by the Grec Fundaci\u00f2 of Barcelone and it was presented for the very first time at a staged reading at La MaMa Theatre in February 2009, translated into English by Bing Taylor. In 2009 he wrote and directed<em> Penelope in Groznyj,<\/em> which had its debut at Berlin\u2019s Kunsthaus Tacheles. He was also a guest of the Ubud Writers &amp; Readers International Festival of Bali, Indonesia. In 2010 wrote<em> Unghie\/Nails<\/em> with Marco Marra and directed it for the <em>Garofano Verde Festival<\/em> of homosexual theatre in Rome and he taught at the Obrador Internacional d\u2019Estiu at the Sala Beckett in Barcelona. With his play <em>Les Mains Fortes<\/em> he is one the young Italian playwrights most performed in France. In 2011 he was invited as Italy\u2019s representative by the Th\u00e9\u00e2tre de la Ville of Paris in a project of international writers, le Bal Litt\u00e9raire under the direction of Fabrice Melquiot. In the same year, he won a residency at Cit\u00e9 Internationale des Arts of Paris and he received the Siae Prize as the best young playwright on the occasion of the 54th annual Festival of Spoleto. In 2012 Neil LaBute will direct for the very first time his new play <em>Roba di questo mondo\/Things of this world<\/em>. He is the founder and artistic director of <a href=\"http:\/\/www.mixonline.eu\/\" target=\"_blank\"><strong>Mix\u00f2<\/strong><\/a>, an international cultural centre promoting original works for theatre and cinema by young actors and writers. His works have been translated and performed in six languages.<\/p>\n<p><img loading=\"lazy\" decoding=\"async\" class=\"alignnone size-medium wp-image-456\" title=\"in-a-forest-dark-and-deep-007\" src=\"http:\/\/www.lamamaumbria.org\/wp-content\/uploads\/2012\/03\/in-a-forest-dark-and-deep-007-300x180.jpg\" alt=\"\" width=\"300\" height=\"180\" \/><img loading=\"lazy\" decoding=\"async\" class=\"alignnone size-medium wp-image-457\" title=\"oliio\" src=\"http:\/\/www.lamamaumbria.org\/wp-content\/uploads\/2012\/03\/oliio-300x200.jpg\" alt=\"\" width=\"300\" height=\"200\" \/><\/p>\n<p><\/p>","protected":false},"excerpt":{"rendered":"<p>THE TRUTH ON THE STAGE Through comparison with long established traditions, the workshop concentrates on training the director to search for the Truth spurring the actor to use to the maximum all the techniques and devices at his disposal. His body, his voice and his focus need to become well-honed\u2026<\/p>\n<p> <a class=\"continue-reading-link\" href=\"http:\/\/www.lamamaumbria.org\/?page_id=393\"><span>Continue reading<\/span><i class=\"crycon-right-dir\"><\/i><\/a> <\/p>\n","protected":false},"author":1,"featured_media":0,"parent":353,"menu_order":0,"comment_status":"closed","ping_status":"closed","template":"","meta":{"footnotes":""},"_links":{"self":[{"href":"http:\/\/www.lamamaumbria.org\/index.php?rest_route=\/wp\/v2\/pages\/393"}],"collection":[{"href":"http:\/\/www.lamamaumbria.org\/index.php?rest_route=\/wp\/v2\/pages"}],"about":[{"href":"http:\/\/www.lamamaumbria.org\/index.php?rest_route=\/wp\/v2\/types\/page"}],"author":[{"embeddable":true,"href":"http:\/\/www.lamamaumbria.org\/index.php?rest_route=\/wp\/v2\/users\/1"}],"replies":[{"embeddable":true,"href":"http:\/\/www.lamamaumbria.org\/index.php?rest_route=%2Fwp%2Fv2%2Fcomments&post=393"}],"version-history":[{"count":1,"href":"http:\/\/www.lamamaumbria.org\/index.php?rest_route=\/wp\/v2\/pages\/393\/revisions"}],"predecessor-version":[{"id":1334,"href":"http:\/\/www.lamamaumbria.org\/index.php?rest_route=\/wp\/v2\/pages\/393\/revisions\/1334"}],"up":[{"embeddable":true,"href":"http:\/\/www.lamamaumbria.org\/index.php?rest_route=\/wp\/v2\/pages\/353"}],"wp:attachment":[{"href":"http:\/\/www.lamamaumbria.org\/index.php?rest_route=%2Fwp%2Fv2%2Fmedia&parent=393"}],"curies":[{"name":"wp","href":"https:\/\/api.w.org\/{rel}","templated":true}]}}