{"id":363,"date":"2012-03-09T11:01:52","date_gmt":"2012-03-09T10:01:52","guid":{"rendered":"http:\/\/www.lamamaumbria.org\/?page_id=363"},"modified":"2015-06-20T17:17:25","modified_gmt":"2015-06-20T15:17:25","slug":"special-workshop-on-space-design","status":"publish","type":"page","link":"http:\/\/www.lamamaumbria.org\/?page_id=363","title":{"rendered":"SPECIAL Workshop on Space Design"},"content":{"rendered":"<h3>The Open Space<\/h3>\n<p><strong>Docente: Jean Guy Lecat<br \/>\nDate: 8-10 gougno, 2012<\/strong><\/p>\n<p><img loading=\"lazy\" decoding=\"async\" class=\"alignleft size-thumbnail wp-image-479\" title=\"atelier_sao_paulo_septembre_2005_300\" src=\"http:\/\/www.lamamaumbria.org\/wp-content\/uploads\/2012\/03\/atelier_sao_paulo_septembre_2005_300-150x150.jpg\" alt=\"\" width=\"150\" height=\"150\" \/><\/p>\n<p>Un laboratorio sull&#8217;uso dello spazio rivolto ad un gruppo misto di attori, registi e scenografi. A partire dalle idee e soluzioni sceniche elaborate dallo scenografo <a href=\"http:\/\/www.studiojglecat.eu\/\" target=\"_blank\"><strong>Jean Guy LeCat<\/strong><\/a> nel corso della sua lunga carriera internazionale, attraverso collaborazioni con molti importanti registi tra cui in particole quella con il regista Peter Brook, il laboratorio coinvolger\u00e0 i partecipanti all&#8217;esplorazione del design dello spazio e della scena. Verranno visitati ed esplorati diversi teatri e spazi della citt\u00e0 di Spoleto, cos\u00ec da analizzarne le propriet\u00e0 fisiche i limiti e le potenzialit\u00e0 come luoghi per la rappresentazione. Si lavorer\u00e0 inoltre praticamente su testi proposti dal docente e in relazione a questi si svolgeranno delle esercitazioni volte alla creazione di spazi \u201creali\u201d. I partecipanti verranno suddivisi in gruppi e collaboreranno insieme per trasformare lo spazio di lavoro nel luogo di una possibile messa in scena, attraverso l&#8217;uso di legno, carta, disegni foto o video ed altri materiali.<\/p>\n<p>informazioni su <a href=\"http:\/\/www.studiojglecat.eu\/\" target=\"_blank\">JEAN GUY LECAT<\/a><br \/>\nPer ulteriori informazioni sul laboratorio: +39 0743 222601 oppure <a href=\"lamamaumbria@hotmail.com\" target=\"_blank\">lamamaumbria@hotmail.com<\/a><\/p>\n<p><img loading=\"lazy\" decoding=\"async\" class=\"alignnone size-medium wp-image-482\" title=\"Cardboard-box-Theatre---Prague-2008----10-\" src=\"http:\/\/www.lamamaumbria.org\/wp-content\/uploads\/2012\/03\/Cardboard-box-Theatre-Prague-2008-10--300x223.jpg\" alt=\"\" width=\"300\" height=\"223\" \/><img loading=\"lazy\" decoding=\"async\" class=\"alignnone size-medium wp-image-483\" title=\"R-p-tition-27-02-2008--340\" src=\"http:\/\/www.lamamaumbria.org\/wp-content\/uploads\/2012\/03\/R-p-tition-27-02-2008-340-300x223.jpg\" alt=\"\" width=\"300\" height=\"223\" \/><\/p>\n<p><\/p>","protected":false},"excerpt":{"rendered":"<p>The Open Space Docente: Jean Guy Lecat Date: 8-10 gougno, 2012 Un laboratorio sull&#8217;uso dello spazio rivolto ad un gruppo misto di attori, registi e scenografi. A partire dalle idee e soluzioni sceniche elaborate dallo scenografo Jean Guy LeCat nel corso della sua lunga carriera internazionale, attraverso collaborazioni con molti\u2026<\/p>\n<p> <a class=\"continue-reading-link\" href=\"http:\/\/www.lamamaumbria.org\/?page_id=363\"><span>Continue reading<\/span><i class=\"crycon-right-dir\"><\/i><\/a> <\/p>\n","protected":false},"author":1,"featured_media":0,"parent":323,"menu_order":0,"comment_status":"closed","ping_status":"closed","template":"","meta":{"footnotes":""},"_links":{"self":[{"href":"http:\/\/www.lamamaumbria.org\/index.php?rest_route=\/wp\/v2\/pages\/363"}],"collection":[{"href":"http:\/\/www.lamamaumbria.org\/index.php?rest_route=\/wp\/v2\/pages"}],"about":[{"href":"http:\/\/www.lamamaumbria.org\/index.php?rest_route=\/wp\/v2\/types\/page"}],"author":[{"embeddable":true,"href":"http:\/\/www.lamamaumbria.org\/index.php?rest_route=\/wp\/v2\/users\/1"}],"replies":[{"embeddable":true,"href":"http:\/\/www.lamamaumbria.org\/index.php?rest_route=%2Fwp%2Fv2%2Fcomments&post=363"}],"version-history":[{"count":1,"href":"http:\/\/www.lamamaumbria.org\/index.php?rest_route=\/wp\/v2\/pages\/363\/revisions"}],"predecessor-version":[{"id":1339,"href":"http:\/\/www.lamamaumbria.org\/index.php?rest_route=\/wp\/v2\/pages\/363\/revisions\/1339"}],"up":[{"embeddable":true,"href":"http:\/\/www.lamamaumbria.org\/index.php?rest_route=\/wp\/v2\/pages\/323"}],"wp:attachment":[{"href":"http:\/\/www.lamamaumbria.org\/index.php?rest_route=%2Fwp%2Fv2%2Fmedia&parent=363"}],"curies":[{"name":"wp","href":"https:\/\/api.w.org\/{rel}","templated":true}]}}