{"id":33,"date":"2010-10-21T12:00:23","date_gmt":"2010-10-21T10:00:23","guid":{"rendered":"http:\/\/www.lamamaumbria.org\/?page_id=33"},"modified":"2022-06-13T21:17:31","modified_gmt":"2022-06-13T19:17:31","slug":"servizi","status":"publish","type":"page","link":"http:\/\/www.lamamaumbria.org\/?page_id=33","title":{"rendered":"Gli spazi"},"content":{"rendered":"\n<p>La MaMa Umbria si trova a Santa Maria Reggiana a Spoleto, in una zona di campagna circondata da natura e colline.<\/p>\n\n\n<p><a data-flickr-embed=\"true\" href=\"https:\/\/www.flickr.com\/photos\/9963055@N03\/albums\/72157626467177062\" title=\"La MaMa Umbria International\"><img loading=\"lazy\" decoding=\"async\" src=\"https:\/\/live.staticflickr.com\/5306\/5606204550_64a8f1ed07_z.jpg\" width=\"640\" height=\"480\" alt=\"La MaMa Umbria International\"><\/a><script async=\"\" src=\"\/\/embedr.flickr.com\/assets\/client-code.js\" charset=\"utf-8\"><\/script><\/p>\n\n\n\n<p>La struttura che oggi pu\u00f2 ospitare fino a 30 persone in camere singole, a due letti o a 3 letti (con bagni in comune), modulabile in diverse unit\u00e0 abitative indipendenti.<br>E&#8217; dotata di diversi spazi comuni, una sala da pranzo, 2 cucine funzionanti, un Caf\u00e9 per gli ospiti, un ufficio, una stanza della musica ed un archivio personale di Ellen Stewart.<\/p>\n\n\n\n<p>Gli spazi di lavoro comprendono:<\/p>\n\n\n\n<p>&#8211; una sala prove dei 6m per 10 m, con pavimento di legno,<br>&#8211; una galleria, composta da tre salette che spesso vengono utilizzati come spazi di lavoro e salette riunioni,<br>&#8211; un palcoscenico all&#8217;aperto di 12 m per 12 m, creando una sorta di anfiteatro naturale alla base di una zona boschiva in lieve pendio.<\/p>\n\n\n\n<p>La MaMa Umbria, usufruisce inoltre degli spazi del <a rel=\"noopener noreferrer\" href=\"http:\/\/www.cantiereoberdan.org\/\" target=\"_blank\">CANTIERE OBERDAN<\/a>, <em>centro per la creativit\u00e0 giovanile<\/em>, messo a disposizione dal Comune di Spoleto e gestito in collaborazione con altre\u00a0associazioni\u00a0locali. \u00a0Il CANTIERE dispone di 2 ampie sale, di cui una utilizzata come TEATRINO, con una capienza di 50-70 posti, attrezzata con pavimento di legno, luci, audio e video.<\/p>\n\n\n\n<figure class=\"wp-block-image size-large\"><a href=\"http:\/\/www.lamamaumbria.org\/wp-content\/uploads\/2022\/06\/WhatsApp-Image-2022-05-24-at-19.34.59.jpeg\"><img loading=\"lazy\" decoding=\"async\" width=\"1024\" height=\"768\" src=\"http:\/\/www.lamamaumbria.org\/wp-content\/uploads\/2022\/06\/WhatsApp-Image-2022-05-24-at-19.34.59-1024x768.jpeg\" alt=\"\" class=\"wp-image-2635\" srcset=\"http:\/\/www.lamamaumbria.org\/wp-content\/uploads\/2022\/06\/WhatsApp-Image-2022-05-24-at-19.34.59-1024x768.jpeg 1024w, http:\/\/www.lamamaumbria.org\/wp-content\/uploads\/2022\/06\/WhatsApp-Image-2022-05-24-at-19.34.59-300x225.jpeg 300w, http:\/\/www.lamamaumbria.org\/wp-content\/uploads\/2022\/06\/WhatsApp-Image-2022-05-24-at-19.34.59-768x576.jpeg 768w, http:\/\/www.lamamaumbria.org\/wp-content\/uploads\/2022\/06\/WhatsApp-Image-2022-05-24-at-19.34.59-1536x1152.jpeg 1536w, http:\/\/www.lamamaumbria.org\/wp-content\/uploads\/2022\/06\/WhatsApp-Image-2022-05-24-at-19.34.59-150x113.jpeg 150w, http:\/\/www.lamamaumbria.org\/wp-content\/uploads\/2022\/06\/WhatsApp-Image-2022-05-24-at-19.34.59-200x150.jpeg 200w, http:\/\/www.lamamaumbria.org\/wp-content\/uploads\/2022\/06\/WhatsApp-Image-2022-05-24-at-19.34.59.jpeg 1600w\" sizes=\"(max-width: 1024px) 100vw, 1024px\" \/><\/a><\/figure>\n<p><\/p>","protected":false},"excerpt":{"rendered":"<p>La MaMa Umbria si trova a Santa Maria Reggiana a Spoleto, in una zona di campagna circondata da natura e colline. La struttura che oggi pu\u00f2 ospitare fino a 30 persone in camere singole, a due letti o a 3 letti (con bagni in comune), modulabile in diverse unit\u00e0 abitative\u2026<\/p>\n<p> <a class=\"continue-reading-link\" href=\"http:\/\/www.lamamaumbria.org\/?page_id=33\"><span>Continue reading<\/span><i class=\"crycon-right-dir\"><\/i><\/a> <\/p>\n","protected":false},"author":1,"featured_media":0,"parent":9,"menu_order":7,"comment_status":"closed","ping_status":"closed","template":"","meta":{"footnotes":""},"_links":{"self":[{"href":"http:\/\/www.lamamaumbria.org\/index.php?rest_route=\/wp\/v2\/pages\/33"}],"collection":[{"href":"http:\/\/www.lamamaumbria.org\/index.php?rest_route=\/wp\/v2\/pages"}],"about":[{"href":"http:\/\/www.lamamaumbria.org\/index.php?rest_route=\/wp\/v2\/types\/page"}],"author":[{"embeddable":true,"href":"http:\/\/www.lamamaumbria.org\/index.php?rest_route=\/wp\/v2\/users\/1"}],"replies":[{"embeddable":true,"href":"http:\/\/www.lamamaumbria.org\/index.php?rest_route=%2Fwp%2Fv2%2Fcomments&post=33"}],"version-history":[{"count":12,"href":"http:\/\/www.lamamaumbria.org\/index.php?rest_route=\/wp\/v2\/pages\/33\/revisions"}],"predecessor-version":[{"id":2636,"href":"http:\/\/www.lamamaumbria.org\/index.php?rest_route=\/wp\/v2\/pages\/33\/revisions\/2636"}],"up":[{"embeddable":true,"href":"http:\/\/www.lamamaumbria.org\/index.php?rest_route=\/wp\/v2\/pages\/9"}],"wp:attachment":[{"href":"http:\/\/www.lamamaumbria.org\/index.php?rest_route=%2Fwp%2Fv2%2Fmedia&parent=33"}],"curies":[{"name":"wp","href":"https:\/\/api.w.org\/{rel}","templated":true}]}}