{"id":310,"date":"2012-03-08T22:41:10","date_gmt":"2012-03-08T21:41:10","guid":{"rendered":"http:\/\/www.lamamaumbria.org\/?page_id=310"},"modified":"2022-06-14T00:14:42","modified_gmt":"2022-06-13T22:14:42","slug":"la-mama-spoleto-open-2012","status":"publish","type":"page","link":"http:\/\/www.lamamaumbria.org\/?page_id=310","title":{"rendered":"La MaMa Spoleto Open"},"content":{"rendered":"<div class=\"wp-block-image\">\n<figure class=\"alignleft size-medium\"><img loading=\"lazy\" decoding=\"async\" width=\"300\" height=\"169\" src=\"http:\/\/www.lamamaumbria.org\/wp-content\/uploads\/2022\/06\/logo-spoletopen-senza-2021-copia-300x169.png\" alt=\"\" class=\"wp-image-2655\" srcset=\"http:\/\/www.lamamaumbria.org\/wp-content\/uploads\/2022\/06\/logo-spoletopen-senza-2021-copia-300x169.png 300w, http:\/\/www.lamamaumbria.org\/wp-content\/uploads\/2022\/06\/logo-spoletopen-senza-2021-copia-1024x576.png 1024w, http:\/\/www.lamamaumbria.org\/wp-content\/uploads\/2022\/06\/logo-spoletopen-senza-2021-copia-768x432.png 768w, http:\/\/www.lamamaumbria.org\/wp-content\/uploads\/2022\/06\/logo-spoletopen-senza-2021-copia-1536x864.png 1536w, http:\/\/www.lamamaumbria.org\/wp-content\/uploads\/2022\/06\/logo-spoletopen-senza-2021-copia-2048x1152.png 2048w, http:\/\/www.lamamaumbria.org\/wp-content\/uploads\/2022\/06\/logo-spoletopen-senza-2021-copia-150x84.png 150w, http:\/\/www.lamamaumbria.org\/wp-content\/uploads\/2022\/06\/logo-spoletopen-senza-2021-copia-250x141.png 250w\" sizes=\"(max-width: 300px) 100vw, 300px\" \/><\/figure><\/div>\n\n\n<p><a style=\"font-size: 0.83em;\" href=\"http:\/\/www.lamamaspoletopen.net\" target=\"_blank\" rel=\"noopener\"><br>www.lamamaspoletopen.net<\/a><\/p>\n\n\n\n<p>evento speciale del\u00a0<strong>Festival dei 2 Mondi<br><\/strong>a cura di\u00a0<strong>La MaMa Umbria International<br>La MaMa Spoleto Open<\/strong>, \u00e8 un evento a cura de\u00a0<strong>La MaMa Umbria International<\/strong>, residenza artistica, centro studi e produzione fondata da\u00a0<strong>Ellen Stewart<\/strong>\u00a0(gi\u00e0 fondatrice e direttrice artistica del\u00a0Teatro La MaMa E.T.C.\u00a0di New York) a Spoleto nel 1990. La manifestazione, realizzata in collaborazione con<strong> <\/strong>il<a rel=\"noopener\" href=\"http:\/\/www.festivaldispoleto.com\" target=\"_blank\"><strong> Festival dei 2Mondi <\/strong><\/a>e\u00a0<a href=\"http:\/\/lamama.org\">la MaMa ETC <\/a>e il coinvolgimento di numerose associazioni locali e di partner internazionali, si pone l\u2019obiettivo di incentivare la citt\u00e0 ad aprirsi ed animarsi, creando un\u2019atmosfera di curiosit\u00e0 e fermento per dare sostegno e visibilit\u00e0 a realt\u00e0 emergenti nel panorama artistico italiano ed internazionale.<\/p>\n\n\n\n<p>PER ULTERIORI INFORMAZIONI:<\/p>\n\n\n\n<div align=\"justify\">\n<p style=\"text-align: justify;\">Sito: <a href=\"http:\/\/www.lamamaspoletopen.net\" target=\"_blank\" rel=\"noopener\">www.lamamaspoletopen.net<br \/><\/a>Email: <a href=\"mailto:lamamaspoletopen@gmail.com\" target=\"_blank\" rel=\"noopener\">lamamaspoletopen@gmail.com<\/a><\/p>\n<\/div>\n<p><\/p>","protected":false},"excerpt":{"rendered":"<p>www.lamamaspoletopen.net evento speciale del\u00a0Festival dei 2 Mondia cura di\u00a0La MaMa Umbria InternationalLa MaMa Spoleto Open, \u00e8 un evento a cura de\u00a0La MaMa Umbria International, residenza artistica, centro studi e produzione fondata da\u00a0Ellen Stewart\u00a0(gi\u00e0 fondatrice e direttrice artistica del\u00a0Teatro La MaMa E.T.C.\u00a0di New York) a Spoleto nel 1990. La manifestazione, realizzata\u2026<\/p>\n<p> <a class=\"continue-reading-link\" href=\"http:\/\/www.lamamaumbria.org\/?page_id=310\"><span>Continue reading<\/span><i class=\"crycon-right-dir\"><\/i><\/a> <\/p>\n","protected":false},"author":1,"featured_media":0,"parent":856,"menu_order":3,"comment_status":"closed","ping_status":"closed","template":"","meta":{"footnotes":""},"_links":{"self":[{"href":"http:\/\/www.lamamaumbria.org\/index.php?rest_route=\/wp\/v2\/pages\/310"}],"collection":[{"href":"http:\/\/www.lamamaumbria.org\/index.php?rest_route=\/wp\/v2\/pages"}],"about":[{"href":"http:\/\/www.lamamaumbria.org\/index.php?rest_route=\/wp\/v2\/types\/page"}],"author":[{"embeddable":true,"href":"http:\/\/www.lamamaumbria.org\/index.php?rest_route=\/wp\/v2\/users\/1"}],"replies":[{"embeddable":true,"href":"http:\/\/www.lamamaumbria.org\/index.php?rest_route=%2Fwp%2Fv2%2Fcomments&post=310"}],"version-history":[{"count":6,"href":"http:\/\/www.lamamaumbria.org\/index.php?rest_route=\/wp\/v2\/pages\/310\/revisions"}],"predecessor-version":[{"id":2659,"href":"http:\/\/www.lamamaumbria.org\/index.php?rest_route=\/wp\/v2\/pages\/310\/revisions\/2659"}],"up":[{"embeddable":true,"href":"http:\/\/www.lamamaumbria.org\/index.php?rest_route=\/wp\/v2\/pages\/856"}],"wp:attachment":[{"href":"http:\/\/www.lamamaumbria.org\/index.php?rest_route=%2Fwp%2Fv2%2Fmedia&parent=310"}],"curies":[{"name":"wp","href":"https:\/\/api.w.org\/{rel}","templated":true}]}}