{"id":268,"date":"2012-01-19T10:16:28","date_gmt":"2012-01-19T09:16:28","guid":{"rendered":"http:\/\/www.lamamaumbria.org\/?page_id=268"},"modified":"2015-06-20T17:29:52","modified_gmt":"2015-06-20T15:29:52","slug":"discovering-pasolini","status":"publish","type":"page","link":"http:\/\/www.lamamaumbria.org\/?page_id=268","title":{"rendered":"Discovering Pasolini"},"content":{"rendered":"<p><strong>Progetto <\/strong><em><strong>Discovering Pasolini<\/strong><\/em><br \/>\nUn progetto di: <em>La MaMa Umbria International<\/em> e <em>La MaMa Experimental Theatre<\/em><\/p>\n<p lang=\"it-IT\" style=\"text-align: justify;\">In occasione dell&#8217;invito al festival <em>Il teatro italiano nel mondo<\/em>, svoltosi al Teatro La Pergola di Firenze nell&#8217;ottobre 2011, La MaMa ha iniziato un percorso di lavoro sull&#8217;opera di Pier Paolo Pasolini. Un ampio progetto produttivo ed divulgativo, che si svolger\u00e0 durante varie tappe di studio e presentazione.<\/p>\n<p lang=\"it-IT\" style=\"text-align: justify;\"><strong>Appunti per un film mai nato <\/strong>\u00e8 stata la prima fase di questo percorso, realizzato a partire da uno studio drammaturgico sul <em>San Paolo<\/em>, un film mai realizzato di Pier Paolo Pasolini. Curatore e responsabile artistico del progetto \u00e8 il regista <strong>Andrea Paciotto<\/strong>, che collabora con La MaMa da oltre venti anni, insieme a <strong>Mia Yoo<\/strong>, attuale direttrice artistica del teatro. Viene realizzato con la partecipazione di alcuni membri della storica <strong>Great Jones Repertory Company<\/strong> (compagnia residente de La MaMa che ha portato in giro per il mondo <em>Frammenti di una Trilogia Greca <\/em>ed altri memorabili spettacoli basati sulla mitologia classica), de <strong>La MaMa Umbria International<\/strong> centro italiano del teatro newyorkese, insieme ad un gruppo internazionale di artisti ed attori. Alla realizzazione del progetto collaborano, tra gli altri: il drammaturgo <strong>Andrea Jeva Quacquarelli<\/strong>, l&#8217;artista americano <strong>Jeffery Isaac<\/strong>, e la giovane compositrice olandese <strong>Malu Peeters. <\/strong><strong>Billy Clark<\/strong> cura invece l&#8217;aspetto relativo al design multimediale e allo sviluppo di contenuti online. Infatti, il progetto prevede l&#8217;integrazione di partecipazioni online, attraverso il laboratorio <em>di tele-presenza<\/em> <strong>CulturalHub<\/strong> de La MaMa.<\/p>\n<p style=\"text-align: justify;\"><strong>UN DIALOGO CON PASOLINI, ATTRAVERSO<\/strong><em><strong> SAN PAOLO<\/strong><\/em><strong><br \/>\nAppunti da un film mai nato<\/strong><\/p>\n<p lang=\"it-IT\" style=\"text-align: justify;\">La messa in scena prende spunto dalla sceneggiatura per un film mai realizzato su San Paolo. In questo lavoro Pasolini ritrae un personaggio spiritualmente lacerato, che vive il tragico conflitto di un anima scissa tra santit\u00e0 &#8211; che \u00e8 libert\u00e0, carit\u00e0 e gioia &#8211; e sacerdozio, che \u00e8 invece oppressione e moralismo. Pasolini esprime una forte attrazione verso la \u201csantit\u00e0\u201d, ma critica aspramente il Paolo \u201cprete\u201d, fondatore di una Chiesa-Istituzione, che falsifica la storia per la necessit\u00e0 di raggiungere il potere e il controllo della societ\u00e0. Nella sua idea per il film Pasolini opera un&#8217;attualizzazione della storia, trasferendola geograficamente e temporalmente al presente. Racconta i vari episodi della vita dell&#8217;Apostolo, riportandoli ad un contesto personale e poetico, abitato da complessi psicologici, da rimorsi mai sopiti, da visioni del passato che riaffiorano, come se avesse voluto trasferire anche le proprie ossessioni e prospettive.<\/p>\n<p style=\"text-align: justify;\"><strong>Appunti per un film mai nato<\/strong> propone delle suggestioni che collegano i momenti cruciali delle due vite, quella di Pasolini e quella di San Paolo: dall&#8217; \u201cilluminazione\u201d al \u201cmartirio\u201d. La struttura drammaturgica si va componendo come un affresco, con una serie di quadri contigui che, avvalendosi anche di una forte componente audiovisiva, raccontano i punti salienti delle due vite. I quadri si presentano, inizialmente, in modo scarno e breve, mostrando solo i passaggi chiave degli avvenimenti, poi, via via che lo spettacolo affonda lo sguardo dalla nuda narrazione alla piena teatralit\u00e0, gli stessi quadri si reiterano ampliandosi a macchia d\u2019olio e \u201csvelando\u201d con questo procedere, alcuni dettagli delle vicende che hanno caratterizzato le personalit\u00e0 di San Paolo e di Pasolini, non senza raccogliere quei segni di ironica allegoria che si possono vedere in molti lavori di Pasolini.<br \/>\nLo studio della sua opera, ci porta ad elaborare quasi un dialogo immaginario con questo autore, andando a ricercare le risposte nel <em>San Paolo<\/em>, cos\u00ec come in altri significativi testi quali ad esempio <em>Lettere Luterane,<\/em> <em>Scritti Corsari,<\/em> sfiorando anche elementi contenuti in altre sua opere, compresi i lavori teatrali e cinematografici. Ci\u00f2 che lega questi frammenti \u00e8 il fatto che tutti ruotano intorno a due argomenti pasoliniani, che ci sembrano attuali e forse ancora pi\u00f9 rilevanti oggi: il &#8220;rapporto con la sacralit\u00e0&#8221; e l&#8217;allarme verso la &#8220;mutazione antropologica&#8221; della societ\u00e0. Emerge cos\u00ec un ampio affresco che permette di far risaltare i tratti fondamentali del pensiero e della personalit\u00e0 di Pasolini e di esplorare gli elementi di attualit\u00e0 ed universalit\u00e0 della sua opera.<\/p>\n<p style=\"text-align: justify;\"><strong>Pier Paolo Pasolini e La MaMa<\/strong><\/p>\n<p lang=\"it-IT\" style=\"text-align: justify;\">L&#8217;idea di realizzare questo progetto \u00e8 partita da Ellen Stewart, la storica fondatrice e direttrice artistica del Teatro La MaMa, che purtroppo per\u00f2 \u00e8 scomparsa a gennaio del 2011, prima del suo inizio.<br \/>\nL&#8217;incontro tra Ellen Stewart e Pier Paolo Pasolini era avvenuto per la prima volta nel 1974 a Spoleto, in occasione della presentazione dello spettacolo <em>Frammenti di una trilogia greca<\/em> (Elettra, Medea e Le Troiane) al Festival dei 2 Mondi. Precedentemente, durante il suo viaggio a New York nel 1966, Pasolini si era imbattuto nel piccolo teatro dell&#8217;East Village, che nonostante esistesse da soli 5 anni era gi\u00e0 considerato un punto di riferimento del nuovo teatro sperimentale americano. Erano i primi anni di vita del Teatro fondato da Ellen Stewart, Mama del teatro internazionale, che ha sempre mostrato una grande stima per Pasolini, per il suo lavoro nel teatro e nel cinema, per la sua onest\u00e0 ed integrit\u00e0 artistica ed intellettuale. A Spoleto Pasolini venne proprio per vedere la <em>Trilogia, <\/em>snobbando spettacoli ben pi\u00f9 importanti e meglio frequentati, e alla fine volle incontrare Ellen Stewart, per mostrarle il suo affetto e il suo apprezzamento.<\/p>\n<p lang=\"it-IT\" style=\"text-align: justify;\"><strong>DISCOVERING PASOLINI<br \/>\n<\/strong><strong>APPUNTI PER UN FILM MAI NATO (PRIMO STUDIO)<\/strong><\/p>\n<p>Teatro La Pergola, Firenze<br \/>\n28-30 ottobre 2011<\/p>\n<p>Elaborazione drammaturgica: <strong>Andrea Jeva Quacquarelli<\/strong><br \/>\nAdattamento e regia: <strong>Andrea Paciotto<\/strong><\/p>\n<p>Direzione artistica <em>La MaMa<\/em>: <strong>Mia Yoo<\/strong><\/p>\n<p>Con: <strong>Paulina Almeida, Carl Beleites, Raffaele Ottolenghi, David Power, Gable Roelofsen, Francesco Bolo Rossini<\/strong><\/p>\n<p>Musica e sonorizzazioni: <strong>Malu Peeters<\/strong><br \/>\nScenografia: <strong>Jeffrey Isaac<\/strong><\/p>\n<p lang=\"it-IT\">Drammaturgia: <strong>Andrea Jeva Quacquarelli<\/strong><br \/>\ncon la collaborazione di <strong>Gherardo Vitali Rosati<\/strong> e <strong>Francesco Rossini<\/strong><\/p>\n<p>Direttore di produzione: <strong>Adriana Garbagnati<\/strong><br \/>\nDirettore di palcoscenico: <strong>Paolo Pannaccio<\/strong><br \/>\nCostumi: <strong>Laura Giannisi<\/strong><br \/>\nRealizzazione video: <strong>Roberto Ippolito<\/strong><br \/>\nContributi online: <strong>Billy Clark, CultureHub<\/strong><br \/>\nOrganizzazione: <strong>Offucina Eclectic Arts<\/strong><\/p>\n<p><strong><a href=\"http:\/\/www.lamamaumbria.org\/wp-content\/uploads\/2012\/01\/rassegna-stampa-Pasolini-La-Pergola-ottobre-2011.pdf\">Scarica Rassegna Stampa<\/a><br \/>\n<\/strong><\/p>\n<p lang=\"it-IT\">\n<p><\/p>","protected":false},"excerpt":{"rendered":"<p>Progetto Discovering Pasolini Un progetto di: La MaMa Umbria International e La MaMa Experimental Theatre In occasione dell&#8217;invito al festival Il teatro italiano nel mondo, svoltosi al Teatro La Pergola di Firenze nell&#8217;ottobre 2011, La MaMa ha iniziato un percorso di lavoro sull&#8217;opera di Pier Paolo Pasolini. Un ampio progetto\u2026<\/p>\n<p> <a class=\"continue-reading-link\" href=\"http:\/\/www.lamamaumbria.org\/?page_id=268\"><span>Continue reading<\/span><i class=\"crycon-right-dir\"><\/i><\/a> <\/p>\n","protected":false},"author":1,"featured_media":0,"parent":856,"menu_order":4,"comment_status":"closed","ping_status":"closed","template":"","meta":{"footnotes":""},"_links":{"self":[{"href":"http:\/\/www.lamamaumbria.org\/index.php?rest_route=\/wp\/v2\/pages\/268"}],"collection":[{"href":"http:\/\/www.lamamaumbria.org\/index.php?rest_route=\/wp\/v2\/pages"}],"about":[{"href":"http:\/\/www.lamamaumbria.org\/index.php?rest_route=\/wp\/v2\/types\/page"}],"author":[{"embeddable":true,"href":"http:\/\/www.lamamaumbria.org\/index.php?rest_route=\/wp\/v2\/users\/1"}],"replies":[{"embeddable":true,"href":"http:\/\/www.lamamaumbria.org\/index.php?rest_route=%2Fwp%2Fv2%2Fcomments&post=268"}],"version-history":[{"count":1,"href":"http:\/\/www.lamamaumbria.org\/index.php?rest_route=\/wp\/v2\/pages\/268\/revisions"}],"predecessor-version":[{"id":1349,"href":"http:\/\/www.lamamaumbria.org\/index.php?rest_route=\/wp\/v2\/pages\/268\/revisions\/1349"}],"up":[{"embeddable":true,"href":"http:\/\/www.lamamaumbria.org\/index.php?rest_route=\/wp\/v2\/pages\/856"}],"wp:attachment":[{"href":"http:\/\/www.lamamaumbria.org\/index.php?rest_route=%2Fwp%2Fv2%2Fmedia&parent=268"}],"curies":[{"name":"wp","href":"https:\/\/api.w.org\/{rel}","templated":true}]}}