{"id":2337,"date":"2021-01-29T15:52:25","date_gmt":"2021-01-29T14:52:25","guid":{"rendered":"http:\/\/www.lamamaumbria.org\/?page_id=2337"},"modified":"2021-01-29T15:55:50","modified_gmt":"2021-01-29T14:55:50","slug":"bourgeois-z","status":"publish","type":"page","link":"http:\/\/www.lamamaumbria.org\/?page_id=2337","title":{"rendered":"Bourgeois \u2013 z"},"content":{"rendered":"\n<p><strong><em>Sabato 30 Giugno e Domenica 1 luglio<br>ore 15.00&nbsp;Sala Chiostro San&nbsp;Nicol\u00f2<\/em><\/strong><\/p>\n\n\n\n<div class=\"wp-block-image\"><figure class=\"alignleft size-large is-resized\"><a href=\"http:\/\/www.lamamaumbria.org\/wp-content\/uploads\/2021\/01\/intestazione-focus-piccola-768x535-1.jpg\"><img loading=\"lazy\" decoding=\"async\" src=\"http:\/\/www.lamamaumbria.org\/wp-content\/uploads\/2021\/01\/intestazione-focus-piccola-768x535-1.jpg\" alt=\"\" class=\"wp-image-2338\" width=\"226\" height=\"157\" srcset=\"http:\/\/www.lamamaumbria.org\/wp-content\/uploads\/2021\/01\/intestazione-focus-piccola-768x535-1.jpg 768w, http:\/\/www.lamamaumbria.org\/wp-content\/uploads\/2021\/01\/intestazione-focus-piccola-768x535-1-300x209.jpg 300w, http:\/\/www.lamamaumbria.org\/wp-content\/uploads\/2021\/01\/intestazione-focus-piccola-768x535-1-150x104.jpg 150w, http:\/\/www.lamamaumbria.org\/wp-content\/uploads\/2021\/01\/intestazione-focus-piccola-768x535-1-215x150.jpg 215w\" sizes=\"(max-width: 226px) 100vw, 226px\" \/><\/a><\/figure><\/div>\n\n\n\n<p><strong>FOCUS YOUNG&nbsp;MEDITERRANEAN&nbsp;CHOREOGRAPHER,<\/strong>&nbsp;&nbsp;&nbsp;<em>(danza) \u2013<br>Progetto speciale in collaborazione con altri 11 Festival italiani sostenuto dal Mibact e dal MAE che sostiene e promuove, tramite azioni di ospitalit\u00e0 e residenza, workshop e spettacoli, un focus dedicato ai giovani coreografi del bacino del Mediterraneo, facilitando la mobilit\u00e0, il dialogo interculturale e lo scambio di pratiche performative tra gli artisti ospitati e quelli italiani.&nbsp;<\/em><\/p>\n\n\n\n<p><\/p>\n\n\n\n<div class=\"wp-block-image\"><figure class=\"alignleft size-large\"><a href=\"http:\/\/www.lamamaumbria.org\/wp-content\/uploads\/2021\/01\/jadd1-200x300-1.jpg\"><img loading=\"lazy\" decoding=\"async\" width=\"200\" height=\"300\" src=\"http:\/\/www.lamamaumbria.org\/wp-content\/uploads\/2021\/01\/jadd1-200x300-1.jpg\" alt=\"\" class=\"wp-image-2339\" srcset=\"http:\/\/www.lamamaumbria.org\/wp-content\/uploads\/2021\/01\/jadd1-200x300-1.jpg 200w, http:\/\/www.lamamaumbria.org\/wp-content\/uploads\/2021\/01\/jadd1-200x300-1-100x150.jpg 100w\" sizes=\"(max-width: 200px) 100vw, 200px\" \/><\/a><\/figure><\/div>\n\n\n\n<p><strong><span class=\"has-inline-color has-vivid-red-color\">Bourgeois \u2013 z<\/span><\/strong><\/p>\n\n\n\n<p>di&nbsp;&nbsp;<strong>Jadd Tank&nbsp;<\/strong>(Libano)<br>Con&nbsp;<strong>Jadd Tank<\/strong>&nbsp;(Libano) e&nbsp;<strong>Nora Alami<\/strong>&nbsp;(Marocco)<\/p>\n\n\n\n<p><em>Bourgeois-Z<\/em>&nbsp;\u00e8 un viaggio nell\u2019assurdit\u00e0, sia come elemento dirompente sia come conseguenza di una cultura e di un valore di classe. In parte con la danza e in parte con il teatro, Jadd Tank manifesta una relazione singolare con alcuni aspetti della nostra particolare epoca storica, esaminando \u2013 in modo comico \u2013 l\u2019architettura e la funzione del corpo allo stato di (in)coscienza. Molte cose potranno accadere in questi spettacolari 30 minuti.<\/p>\n\n\n\n<p><strong>Biografia Jadd Tank<br><\/strong>Ballerino e coreografo vive a New York City. Dopo diciotto anni in Medio Oriente, si \u00e8 recato all\u2019Universit\u00e0 del Colorado dove ha conseguito un BFA in Dance and BS in International Affairs. In questi anni si \u00e8 esibito \u2013 a livello internazionale \u2013 sia con le sue produzioni che come interprete per la Maqamat Dance Company, compagnia di danza di Beirut, per&nbsp;&nbsp;Alias Guilherme Botelho e Marcel Leemann. Ha ideato le&nbsp;&nbsp;coreografie del film di Susan Youssef, \u201cMarjoun &amp; The Flying Headscarf\u201d, che uscir\u00e0 nelle sale cinematografiche nel 2019. In Italia \u00e8 stato invitato per la prima volta nel 2017, con il suo assolo \u201cLibert\u00e9 Toujours\u201d, nell\u2019ambito del progetto Focus Young Arab Choreographers e ha presentato il suo spettacolo al Festival Inequilibrio di Castiglioncello a Spoleto Festival. Attualmente sta lavorando alla coreografia per un altro cortometraggio della regista Susan Youssef.<\/p>\n\n\n\n<p><strong>Biografia Nora Alami<br><\/strong>Artista marocchina che lavora nella danza e nella performance. Il suo lavoro artistico si \u00e8 concentrato sull\u2019identit\u00e0 personale in relazione al pi\u00f9 ampio clima socio-politico. \u00c8 uno degli artisti associati di Fresh Tracks 2017-18 al New York Live Arts. Si \u00e8 esibita al Fringe Festival di Edimburgo, all\u2019ACDFA, al River to River Festival e in spazi pubblici e privati di New York. Il suo lavoro coreografico \u00e8 stato presentato al New York Live Arts, Movement Research presso Judson Church, Gibney Dance e Chez Bushwick. Ha ottenuto un B.A. in Psicologia e Filosofia, con studi legati alle problematiche legate alla razza e al genere, e continua a impegnarsi in questo ambito sia dal punto di vista della critica teorica che con le pratiche di performance. Svolge il ruolo di Responsabile dei programmi di Performance and Residency presso Gibney ed \u00e8 membro del comitato Junior Dance \/ NYC. Attualmente \u00e8 una partecipante alla piattaforma LANDING 2018 di Miguel Gutierriez.&nbsp;<\/p>\n\n\n\n<figure class=\"wp-block-gallery columns-3 is-cropped wp-block-gallery-1 is-layout-flex wp-block-gallery-is-layout-flex\"><ul class=\"blocks-gallery-grid\"><li class=\"blocks-gallery-item\"><figure><a href=\"http:\/\/www.lamamaumbria.org\/wp-content\/uploads\/2021\/01\/jadd2-768x512-1.jpg\"><img loading=\"lazy\" decoding=\"async\" width=\"768\" height=\"512\" src=\"http:\/\/www.lamamaumbria.org\/wp-content\/uploads\/2021\/01\/jadd2-768x512-1.jpg\" alt=\"\" data-id=\"2340\" data-full-url=\"http:\/\/www.lamamaumbria.org\/wp-content\/uploads\/2021\/01\/jadd2-768x512-1.jpg\" data-link=\"http:\/\/www.lamamaumbria.org\/?attachment_id=2340\" class=\"wp-image-2340\" srcset=\"http:\/\/www.lamamaumbria.org\/wp-content\/uploads\/2021\/01\/jadd2-768x512-1.jpg 768w, http:\/\/www.lamamaumbria.org\/wp-content\/uploads\/2021\/01\/jadd2-768x512-1-300x200.jpg 300w, http:\/\/www.lamamaumbria.org\/wp-content\/uploads\/2021\/01\/jadd2-768x512-1-150x100.jpg 150w, http:\/\/www.lamamaumbria.org\/wp-content\/uploads\/2021\/01\/jadd2-768x512-1-225x150.jpg 225w, http:\/\/www.lamamaumbria.org\/wp-content\/uploads\/2021\/01\/jadd2-768x512-1-272x182.jpg 272w\" sizes=\"(max-width: 768px) 100vw, 768px\" \/><\/a><\/figure><\/li><li class=\"blocks-gallery-item\"><figure><a href=\"http:\/\/www.lamamaumbria.org\/wp-content\/uploads\/2021\/01\/jadd3-768x512-1.jpg\"><img loading=\"lazy\" decoding=\"async\" width=\"768\" height=\"512\" src=\"http:\/\/www.lamamaumbria.org\/wp-content\/uploads\/2021\/01\/jadd3-768x512-1.jpg\" alt=\"\" data-id=\"2341\" data-full-url=\"http:\/\/www.lamamaumbria.org\/wp-content\/uploads\/2021\/01\/jadd3-768x512-1.jpg\" data-link=\"http:\/\/www.lamamaumbria.org\/?attachment_id=2341\" class=\"wp-image-2341\" srcset=\"http:\/\/www.lamamaumbria.org\/wp-content\/uploads\/2021\/01\/jadd3-768x512-1.jpg 768w, http:\/\/www.lamamaumbria.org\/wp-content\/uploads\/2021\/01\/jadd3-768x512-1-300x200.jpg 300w, http:\/\/www.lamamaumbria.org\/wp-content\/uploads\/2021\/01\/jadd3-768x512-1-150x100.jpg 150w, http:\/\/www.lamamaumbria.org\/wp-content\/uploads\/2021\/01\/jadd3-768x512-1-225x150.jpg 225w, http:\/\/www.lamamaumbria.org\/wp-content\/uploads\/2021\/01\/jadd3-768x512-1-272x182.jpg 272w\" sizes=\"(max-width: 768px) 100vw, 768px\" \/><\/a><\/figure><\/li><li class=\"blocks-gallery-item\"><figure><a href=\"http:\/\/www.lamamaumbria.org\/wp-content\/uploads\/2021\/01\/partner-focus-768x768-1.jpg\"><img loading=\"lazy\" decoding=\"async\" width=\"768\" height=\"768\" src=\"http:\/\/www.lamamaumbria.org\/wp-content\/uploads\/2021\/01\/partner-focus-768x768-1.jpg\" alt=\"\" data-id=\"2342\" data-full-url=\"http:\/\/www.lamamaumbria.org\/wp-content\/uploads\/2021\/01\/partner-focus-768x768-1.jpg\" data-link=\"http:\/\/www.lamamaumbria.org\/?attachment_id=2342\" class=\"wp-image-2342\" srcset=\"http:\/\/www.lamamaumbria.org\/wp-content\/uploads\/2021\/01\/partner-focus-768x768-1.jpg 768w, http:\/\/www.lamamaumbria.org\/wp-content\/uploads\/2021\/01\/partner-focus-768x768-1-300x300.jpg 300w, http:\/\/www.lamamaumbria.org\/wp-content\/uploads\/2021\/01\/partner-focus-768x768-1-150x150.jpg 150w, http:\/\/www.lamamaumbria.org\/wp-content\/uploads\/2021\/01\/partner-focus-768x768-1-255x255.jpg 255w\" sizes=\"(max-width: 768px) 100vw, 768px\" \/><\/a><\/figure><\/li><\/ul><\/figure>\n\n\n\n<p><\/p>\n<p><\/p>","protected":false},"excerpt":{"rendered":"<p>Sabato 30 Giugno e Domenica 1 luglioore 15.00&nbsp;Sala Chiostro San&nbsp;Nicol\u00f2 FOCUS YOUNG&nbsp;MEDITERRANEAN&nbsp;CHOREOGRAPHER,&nbsp;&nbsp;&nbsp;(danza) \u2013Progetto speciale in collaborazione con altri 11 Festival italiani sostenuto dal Mibact e dal MAE che sostiene e promuove, tramite azioni di ospitalit\u00e0 e residenza, workshop e spettacoli, un focus dedicato ai giovani coreografi del bacino del Mediterraneo,\u2026<\/p>\n<p> <a class=\"continue-reading-link\" href=\"http:\/\/www.lamamaumbria.org\/?page_id=2337\"><span>Continue reading<\/span><i class=\"crycon-right-dir\"><\/i><\/a> <\/p>\n","protected":false},"author":3,"featured_media":0,"parent":2277,"menu_order":0,"comment_status":"closed","ping_status":"closed","template":"","meta":{"footnotes":""},"_links":{"self":[{"href":"http:\/\/www.lamamaumbria.org\/index.php?rest_route=\/wp\/v2\/pages\/2337"}],"collection":[{"href":"http:\/\/www.lamamaumbria.org\/index.php?rest_route=\/wp\/v2\/pages"}],"about":[{"href":"http:\/\/www.lamamaumbria.org\/index.php?rest_route=\/wp\/v2\/types\/page"}],"author":[{"embeddable":true,"href":"http:\/\/www.lamamaumbria.org\/index.php?rest_route=\/wp\/v2\/users\/3"}],"replies":[{"embeddable":true,"href":"http:\/\/www.lamamaumbria.org\/index.php?rest_route=%2Fwp%2Fv2%2Fcomments&post=2337"}],"version-history":[{"count":2,"href":"http:\/\/www.lamamaumbria.org\/index.php?rest_route=\/wp\/v2\/pages\/2337\/revisions"}],"predecessor-version":[{"id":2345,"href":"http:\/\/www.lamamaumbria.org\/index.php?rest_route=\/wp\/v2\/pages\/2337\/revisions\/2345"}],"up":[{"embeddable":true,"href":"http:\/\/www.lamamaumbria.org\/index.php?rest_route=\/wp\/v2\/pages\/2277"}],"wp:attachment":[{"href":"http:\/\/www.lamamaumbria.org\/index.php?rest_route=%2Fwp%2Fv2%2Fmedia&parent=2337"}],"curies":[{"name":"wp","href":"https:\/\/api.w.org\/{rel}","templated":true}]}}