{"id":2310,"date":"2021-01-29T15:18:30","date_gmt":"2021-01-29T14:18:30","guid":{"rendered":"http:\/\/www.lamamaumbria.org\/?page_id=2310"},"modified":"2021-01-29T15:18:30","modified_gmt":"2021-01-29T14:18:30","slug":"non-e-ancora-nato","status":"publish","type":"page","link":"http:\/\/www.lamamaumbria.org\/?page_id=2310","title":{"rendered":"NON E\u2019 ANCORA NATO"},"content":{"rendered":"\n<p><strong><em>Domenica 8 luglio ore 20.00\u00a0Sala Frau<\/em><\/strong><\/p>\n\n\n\n<div class=\"wp-block-image\"><figure class=\"alignleft size-large\"><a href=\"http:\/\/www.lamamaumbria.org\/wp-content\/uploads\/2021\/01\/32724805_1522644124528411_14340921571147776_o-300x199-1.jpg\"><img loading=\"lazy\" decoding=\"async\" width=\"300\" height=\"199\" src=\"http:\/\/www.lamamaumbria.org\/wp-content\/uploads\/2021\/01\/32724805_1522644124528411_14340921571147776_o-300x199-1.jpg\" alt=\"\" class=\"wp-image-2311\" srcset=\"http:\/\/www.lamamaumbria.org\/wp-content\/uploads\/2021\/01\/32724805_1522644124528411_14340921571147776_o-300x199-1.jpg 300w, http:\/\/www.lamamaumbria.org\/wp-content\/uploads\/2021\/01\/32724805_1522644124528411_14340921571147776_o-300x199-1-150x100.jpg 150w, http:\/\/www.lamamaumbria.org\/wp-content\/uploads\/2021\/01\/32724805_1522644124528411_14340921571147776_o-300x199-1-226x150.jpg 226w\" sizes=\"(max-width: 300px) 100vw, 300px\" \/><\/a><\/figure><\/div>\n\n\n\n<p>di&nbsp;&nbsp;<strong>Caroline Baglioni, Michelangelo Bellani<br><\/strong>con&nbsp;&nbsp;<strong>Caroline Baglioni<br><\/strong>regia&nbsp;&nbsp;<strong>Michelangelo Bellani<br><\/strong>luci&nbsp;<strong>Gianni Staropoli<br><\/strong>suono&nbsp;<strong>Valerio Di Loreto<br><\/strong>collaborazione artistica&nbsp;<strong>Marianna Masciolini<br><\/strong>supervisione tecnica&nbsp;<strong>Luca Giovagnoli<br><\/strong>un progetto di&nbsp;&nbsp;<strong>Caroline Baglioni\/Michelangelo Bellani<br><\/strong>con il sostegno del&nbsp;<strong>Teatro Stabile dell\u2019Umbria<\/strong><\/p>\n\n\n\n<p>residenze artistiche:\u00a0<strong>Straligut Teatro \u2013 \u00a0Re.te Ospitale \u2013 Compagnia teatrale Petra \u2013\u00a0Terni Festival\/Indisciplinarte \u2013\u00a0Teatro delle Ariette<\/strong><\/p>\n\n\n\n<p>Una giovane donna e una storia da incidere. Incidere nella memoria o ri-creare nell\u2019immaginazione. Davanti agli occhi un quadro e il padre, un uomo di sessant\u2019anni e sessant\u2019anni di un uomo che ha avuto un\u2019amnesia temporanea e vive in un camper. In mezzo sette anni di distanza. E un\u2019epoca del rancore. \u00c8 la voce sola della giovane donna a incidere, a comporre il dialogo, a prefigurare, il ricordo di un vissuto o soltanto l\u2019illusione che un giorno tutto possa accadere davvero. Un testo originale, anche se qualcuno, con la cura dello sguardo, potrebbe percepire in filigrana un\u2019eco distorta e lontana proveniente dal vecchio Edipo a Colono Sofocleo: l\u2019eroe della cattiva sorte, il \u201csupplice che porta salvezza\u201d scacciato e maledetto che vaga cieco e ramingo accompagnato dalla figlia Antigone.<\/p>\n\n\n\n<p>Una storia da decodificare, da ricomporre con gli oggetti in lontananza nel tratteggio surreale del sogno. Una storia sotterranea da portare alla luce.&nbsp;<\/p>\n\n\n\n<p>Solo alla fine si esce allo scoperto. All\u2019aperto di un bosco sacro che non \u00e8 un bosco, ma un parco di periferia e di sacro ha forse solo l\u2019abbandono.&nbsp;<\/p>\n\n\n\n<p>E come nel \u201c<em>posto delle fragole<\/em>\u201d di Bergman, lo specchio della memoria diviene un\u2019esperienza di autenticit\u00e0 in cui la riconciliazione avviene per vie impensate e inadatte. Perdonare. Perdonarsi. Nascere. Al tramonto. In Occidente.<br><em>(Caroline Baglioni, Michelangelo Bellani)<\/em><\/p>\n\n\n\n<p><strong>note di regia&nbsp;<\/strong><\/p>\n\n\n\n<p><em>Non \u00e8 ancora nato&nbsp;<\/em>\u00e8 una storia contemporanea. Verosimile anche se forse non del tutto realistica. Non del tutto, nella misura in cui il teatro pu\u00f2 barattare l\u2019attinenza, la vero-somiglianza, con l\u2019immaginazione.&nbsp;<\/p>\n\n\n\n<p>\u00c8 una storia che riflette sul perdono. Perdonare significa perdonare qualcun altro, ma in un certo senso, se non in primo luogo, perdonare se stessi. Dare a se stessi una via d\u2019uscita, una possibilit\u00e0 di riscatto da una condizione di sofferenza. Nella nostra storia il perdono riguarda quello di una figlia nei confronti del padre ovvero quello di un padre e di una figlia nei confronti della propria esistenza.&nbsp;<\/p>\n\n\n\n<p>Psicanaliticamente perdonare pu\u00f2 significare liberarsi dal senso di colpa. Quale colpa? Nel tempo dell\u2019<em>evaporazione<\/em>&nbsp;del padre, i figli non hanno la chance dello scontro generazionale. Padri di una vecchiaia che apparentemente non invecchia, i figli sono semplicemente coetanei. (Le figlie di Edipo sono anche sue sorelle) Anche per il padre della nostra storia, come per il vecchio eroe sofocleo, si tratta di sopravvivere completamente sguarnito di un ordine di senso universale. Ma ogni figlio non chiede pi\u00f9 o meno consciamente questo senso? Ci\u00f2 che la figlia non perdona al padre non \u00e8, dunque, il fatto di non averla amata, ma di non aver saputo dare ordine al caos. Il paradosso di quest\u2019epoca sembra essere tutto qui: \u00ab<em>Mio padre, non \u00e8 ancora nato.\u00bb<\/em><\/p>\n\n\n\n<p>Se questa, allora, sembra essere la condizione universale dell\u2019uomo, il perdono reciproco \u00e8 l\u2019unica salvezza possibile. \u2018Sacro\u2019 da questo punto di vista \u00e8 lo spazio aperto di un\u2019autenticit\u00e0, di un sentire senza nome. Una dimensione che come ricorda Kierkegaard oltrepassa ogni questione etica poich\u00e9 al di l\u00e0 del vero e del falso, cos\u00ec come al di l\u00e0del benee del male<em>:<\/em>&nbsp;\u00e8 uno spazio d\u2019amore.<em>&nbsp;(Michelangelo Bellani)<\/em><\/p>\n\n\n\n<figure class=\"wp-block-gallery columns-3 is-cropped wp-block-gallery-1 is-layout-flex wp-block-gallery-is-layout-flex\"><ul class=\"blocks-gallery-grid\"><li class=\"blocks-gallery-item\"><figure><a href=\"http:\/\/www.lamamaumbria.org\/wp-content\/uploads\/2021\/01\/IMG_8683-scaled.jpg\"><img loading=\"lazy\" decoding=\"async\" width=\"1024\" height=\"683\" src=\"http:\/\/www.lamamaumbria.org\/wp-content\/uploads\/2021\/01\/IMG_8683-1024x683.jpg\" alt=\"\" data-id=\"2312\" data-full-url=\"http:\/\/www.lamamaumbria.org\/wp-content\/uploads\/2021\/01\/IMG_8683-scaled.jpg\" data-link=\"http:\/\/www.lamamaumbria.org\/?attachment_id=2312\" class=\"wp-image-2312\" srcset=\"http:\/\/www.lamamaumbria.org\/wp-content\/uploads\/2021\/01\/IMG_8683-1024x683.jpg 1024w, http:\/\/www.lamamaumbria.org\/wp-content\/uploads\/2021\/01\/IMG_8683-300x200.jpg 300w, http:\/\/www.lamamaumbria.org\/wp-content\/uploads\/2021\/01\/IMG_8683-768x512.jpg 768w, http:\/\/www.lamamaumbria.org\/wp-content\/uploads\/2021\/01\/IMG_8683-1536x1024.jpg 1536w, http:\/\/www.lamamaumbria.org\/wp-content\/uploads\/2021\/01\/IMG_8683-2048x1365.jpg 2048w, http:\/\/www.lamamaumbria.org\/wp-content\/uploads\/2021\/01\/IMG_8683-150x100.jpg 150w, http:\/\/www.lamamaumbria.org\/wp-content\/uploads\/2021\/01\/IMG_8683-225x150.jpg 225w, http:\/\/www.lamamaumbria.org\/wp-content\/uploads\/2021\/01\/IMG_8683-272x182.jpg 272w\" sizes=\"(max-width: 1024px) 100vw, 1024px\" \/><\/a><\/figure><\/li><li class=\"blocks-gallery-item\"><figure><a href=\"http:\/\/www.lamamaumbria.org\/wp-content\/uploads\/2021\/01\/IMG_8696-scaled.jpg\"><img loading=\"lazy\" decoding=\"async\" width=\"683\" height=\"1024\" src=\"http:\/\/www.lamamaumbria.org\/wp-content\/uploads\/2021\/01\/IMG_8696-683x1024.jpg\" alt=\"\" data-id=\"2313\" data-full-url=\"http:\/\/www.lamamaumbria.org\/wp-content\/uploads\/2021\/01\/IMG_8696-scaled.jpg\" data-link=\"http:\/\/www.lamamaumbria.org\/?attachment_id=2313\" class=\"wp-image-2313\" srcset=\"http:\/\/www.lamamaumbria.org\/wp-content\/uploads\/2021\/01\/IMG_8696-683x1024.jpg 683w, http:\/\/www.lamamaumbria.org\/wp-content\/uploads\/2021\/01\/IMG_8696-200x300.jpg 200w, http:\/\/www.lamamaumbria.org\/wp-content\/uploads\/2021\/01\/IMG_8696-768x1152.jpg 768w, http:\/\/www.lamamaumbria.org\/wp-content\/uploads\/2021\/01\/IMG_8696-1024x1536.jpg 1024w, http:\/\/www.lamamaumbria.org\/wp-content\/uploads\/2021\/01\/IMG_8696-1365x2048.jpg 1365w, http:\/\/www.lamamaumbria.org\/wp-content\/uploads\/2021\/01\/IMG_8696-100x150.jpg 100w, http:\/\/www.lamamaumbria.org\/wp-content\/uploads\/2021\/01\/IMG_8696-scaled.jpg 1707w\" sizes=\"(max-width: 683px) 100vw, 683px\" \/><\/a><\/figure><\/li><li class=\"blocks-gallery-item\"><figure><a href=\"http:\/\/www.lamamaumbria.org\/wp-content\/uploads\/2021\/01\/IMG_8706-scaled.jpg\"><img loading=\"lazy\" decoding=\"async\" width=\"1024\" height=\"683\" src=\"http:\/\/www.lamamaumbria.org\/wp-content\/uploads\/2021\/01\/IMG_8706-1024x683.jpg\" alt=\"\" data-id=\"2314\" data-full-url=\"http:\/\/www.lamamaumbria.org\/wp-content\/uploads\/2021\/01\/IMG_8706-scaled.jpg\" data-link=\"http:\/\/www.lamamaumbria.org\/?attachment_id=2314\" class=\"wp-image-2314\" srcset=\"http:\/\/www.lamamaumbria.org\/wp-content\/uploads\/2021\/01\/IMG_8706-1024x683.jpg 1024w, http:\/\/www.lamamaumbria.org\/wp-content\/uploads\/2021\/01\/IMG_8706-300x200.jpg 300w, http:\/\/www.lamamaumbria.org\/wp-content\/uploads\/2021\/01\/IMG_8706-768x512.jpg 768w, http:\/\/www.lamamaumbria.org\/wp-content\/uploads\/2021\/01\/IMG_8706-1536x1024.jpg 1536w, http:\/\/www.lamamaumbria.org\/wp-content\/uploads\/2021\/01\/IMG_8706-2048x1365.jpg 2048w, http:\/\/www.lamamaumbria.org\/wp-content\/uploads\/2021\/01\/IMG_8706-150x100.jpg 150w, http:\/\/www.lamamaumbria.org\/wp-content\/uploads\/2021\/01\/IMG_8706-225x150.jpg 225w, http:\/\/www.lamamaumbria.org\/wp-content\/uploads\/2021\/01\/IMG_8706-272x182.jpg 272w\" sizes=\"(max-width: 1024px) 100vw, 1024px\" \/><\/a><\/figure><\/li><li class=\"blocks-gallery-item\"><figure><a href=\"http:\/\/www.lamamaumbria.org\/wp-content\/uploads\/2021\/01\/IMG_8725-scaled.jpg\"><img loading=\"lazy\" decoding=\"async\" width=\"1024\" height=\"683\" src=\"http:\/\/www.lamamaumbria.org\/wp-content\/uploads\/2021\/01\/IMG_8725-1024x683.jpg\" alt=\"\" data-id=\"2315\" data-full-url=\"http:\/\/www.lamamaumbria.org\/wp-content\/uploads\/2021\/01\/IMG_8725-scaled.jpg\" data-link=\"http:\/\/www.lamamaumbria.org\/?attachment_id=2315\" class=\"wp-image-2315\" srcset=\"http:\/\/www.lamamaumbria.org\/wp-content\/uploads\/2021\/01\/IMG_8725-1024x683.jpg 1024w, http:\/\/www.lamamaumbria.org\/wp-content\/uploads\/2021\/01\/IMG_8725-300x200.jpg 300w, http:\/\/www.lamamaumbria.org\/wp-content\/uploads\/2021\/01\/IMG_8725-768x512.jpg 768w, http:\/\/www.lamamaumbria.org\/wp-content\/uploads\/2021\/01\/IMG_8725-1536x1024.jpg 1536w, http:\/\/www.lamamaumbria.org\/wp-content\/uploads\/2021\/01\/IMG_8725-2048x1365.jpg 2048w, http:\/\/www.lamamaumbria.org\/wp-content\/uploads\/2021\/01\/IMG_8725-150x100.jpg 150w, http:\/\/www.lamamaumbria.org\/wp-content\/uploads\/2021\/01\/IMG_8725-225x150.jpg 225w, http:\/\/www.lamamaumbria.org\/wp-content\/uploads\/2021\/01\/IMG_8725-272x182.jpg 272w\" sizes=\"(max-width: 1024px) 100vw, 1024px\" \/><\/a><\/figure><\/li><li class=\"blocks-gallery-item\"><figure><a href=\"http:\/\/www.lamamaumbria.org\/wp-content\/uploads\/2021\/01\/IMG_8741-scaled.jpg\"><img loading=\"lazy\" decoding=\"async\" width=\"1024\" height=\"683\" src=\"http:\/\/www.lamamaumbria.org\/wp-content\/uploads\/2021\/01\/IMG_8741-1024x683.jpg\" alt=\"\" data-id=\"2316\" data-full-url=\"http:\/\/www.lamamaumbria.org\/wp-content\/uploads\/2021\/01\/IMG_8741-scaled.jpg\" data-link=\"http:\/\/www.lamamaumbria.org\/?attachment_id=2316\" class=\"wp-image-2316\" srcset=\"http:\/\/www.lamamaumbria.org\/wp-content\/uploads\/2021\/01\/IMG_8741-1024x683.jpg 1024w, http:\/\/www.lamamaumbria.org\/wp-content\/uploads\/2021\/01\/IMG_8741-300x200.jpg 300w, http:\/\/www.lamamaumbria.org\/wp-content\/uploads\/2021\/01\/IMG_8741-768x512.jpg 768w, http:\/\/www.lamamaumbria.org\/wp-content\/uploads\/2021\/01\/IMG_8741-1536x1024.jpg 1536w, http:\/\/www.lamamaumbria.org\/wp-content\/uploads\/2021\/01\/IMG_8741-2048x1365.jpg 2048w, http:\/\/www.lamamaumbria.org\/wp-content\/uploads\/2021\/01\/IMG_8741-150x100.jpg 150w, http:\/\/www.lamamaumbria.org\/wp-content\/uploads\/2021\/01\/IMG_8741-225x150.jpg 225w, http:\/\/www.lamamaumbria.org\/wp-content\/uploads\/2021\/01\/IMG_8741-272x182.jpg 272w\" sizes=\"(max-width: 1024px) 100vw, 1024px\" \/><\/a><\/figure><\/li><\/ul><\/figure>\n\n\n\n<p><a href=\"http:\/\/www.lamamaspoletopen.net\/\">http:\/\/www.lamamaspoletopen.net\/<\/a><\/p>\n\n\n\n<p><\/p>\n<p><\/p>","protected":false},"excerpt":{"rendered":"<p>Domenica 8 luglio ore 20.00\u00a0Sala Frau di&nbsp;&nbsp;Caroline Baglioni, Michelangelo Bellanicon&nbsp;&nbsp;Caroline Baglioniregia&nbsp;&nbsp;Michelangelo Bellaniluci&nbsp;Gianni Staropolisuono&nbsp;Valerio Di Loretocollaborazione artistica&nbsp;Marianna Masciolinisupervisione tecnica&nbsp;Luca Giovagnoliun progetto di&nbsp;&nbsp;Caroline Baglioni\/Michelangelo Bellanicon il sostegno del&nbsp;Teatro Stabile dell\u2019Umbria residenze artistiche:\u00a0Straligut Teatro \u2013 \u00a0Re.te Ospitale \u2013 Compagnia teatrale Petra \u2013\u00a0Terni Festival\/Indisciplinarte \u2013\u00a0Teatro delle Ariette Una giovane donna e una storia da\u2026<\/p>\n<p> <a class=\"continue-reading-link\" href=\"http:\/\/www.lamamaumbria.org\/?page_id=2310\"><span>Continue reading<\/span><i class=\"crycon-right-dir\"><\/i><\/a> <\/p>\n","protected":false},"author":3,"featured_media":0,"parent":2277,"menu_order":0,"comment_status":"closed","ping_status":"closed","template":"","meta":{"footnotes":""},"_links":{"self":[{"href":"http:\/\/www.lamamaumbria.org\/index.php?rest_route=\/wp\/v2\/pages\/2310"}],"collection":[{"href":"http:\/\/www.lamamaumbria.org\/index.php?rest_route=\/wp\/v2\/pages"}],"about":[{"href":"http:\/\/www.lamamaumbria.org\/index.php?rest_route=\/wp\/v2\/types\/page"}],"author":[{"embeddable":true,"href":"http:\/\/www.lamamaumbria.org\/index.php?rest_route=\/wp\/v2\/users\/3"}],"replies":[{"embeddable":true,"href":"http:\/\/www.lamamaumbria.org\/index.php?rest_route=%2Fwp%2Fv2%2Fcomments&post=2310"}],"version-history":[{"count":1,"href":"http:\/\/www.lamamaumbria.org\/index.php?rest_route=\/wp\/v2\/pages\/2310\/revisions"}],"predecessor-version":[{"id":2317,"href":"http:\/\/www.lamamaumbria.org\/index.php?rest_route=\/wp\/v2\/pages\/2310\/revisions\/2317"}],"up":[{"embeddable":true,"href":"http:\/\/www.lamamaumbria.org\/index.php?rest_route=\/wp\/v2\/pages\/2277"}],"wp:attachment":[{"href":"http:\/\/www.lamamaumbria.org\/index.php?rest_route=%2Fwp%2Fv2%2Fmedia&parent=2310"}],"curies":[{"name":"wp","href":"https:\/\/api.w.org\/{rel}","templated":true}]}}