{"id":2261,"date":"2021-01-28T19:40:29","date_gmt":"2021-01-28T18:40:29","guid":{"rendered":"http:\/\/www.lamamaumbria.org\/?page_id=2261"},"modified":"2021-01-28T19:40:30","modified_gmt":"2021-01-28T18:40:30","slug":"la-cura","status":"publish","type":"page","link":"http:\/\/www.lamamaumbria.org\/?page_id=2261","title":{"rendered":"LA CURA"},"content":{"rendered":"\n<p><strong><em>14 e 15 luglio 2017 CANTIERE OBERDAN h. 21.30<br>16 luglio h. 18.00<\/em><\/strong><\/p>\n\n\n\n<div class=\"wp-block-image\"><figure class=\"alignleft size-large is-resized\"><a href=\"http:\/\/www.lamamaumbria.org\/wp-content\/uploads\/2021\/01\/18518179_1705607236405952_4466101455956181584_o-768x432-1.jpg\"><img loading=\"lazy\" decoding=\"async\" src=\"http:\/\/www.lamamaumbria.org\/wp-content\/uploads\/2021\/01\/18518179_1705607236405952_4466101455956181584_o-768x432-1.jpg\" alt=\"\" class=\"wp-image-2262\" width=\"250\" height=\"141\" srcset=\"http:\/\/www.lamamaumbria.org\/wp-content\/uploads\/2021\/01\/18518179_1705607236405952_4466101455956181584_o-768x432-1.jpg 768w, http:\/\/www.lamamaumbria.org\/wp-content\/uploads\/2021\/01\/18518179_1705607236405952_4466101455956181584_o-768x432-1-300x169.jpg 300w, http:\/\/www.lamamaumbria.org\/wp-content\/uploads\/2021\/01\/18518179_1705607236405952_4466101455956181584_o-768x432-1-150x84.jpg 150w, http:\/\/www.lamamaumbria.org\/wp-content\/uploads\/2021\/01\/18518179_1705607236405952_4466101455956181584_o-768x432-1-250x141.jpg 250w\" sizes=\"(max-width: 250px) 100vw, 250px\" \/><\/a><\/figure><\/div>\n\n\n\n<p>Scritto e diretto da&nbsp;<strong>Gherardo Vitali Rosati<br><\/strong>Con:&nbsp;<strong>Elena Arvigo, Alberto Giusta, Dalila Reas, Luca Tanganelli<br><\/strong>Musiche:<strong>&nbsp;Tommaso Tarani<br><\/strong>Allestimento e luci:<strong>&nbsp;Andrea Narese-Brando Nencini<br><\/strong>Produzione:&nbsp;<strong>IL TEATRO DELLE DONNE Centro Nazionale di Drammaturgia<br><\/strong>in collaborazione con&nbsp;<strong>Fondazione Istituto del Dramma Popolare di San Miniato;<br><\/strong>Video:&nbsp;<strong>The Fake Factory&nbsp;<\/strong><\/p>\n\n\n\n<p>Lo spettacolo \u00e8 stato prodotto in prima assoluta per la Fondazione Istituto Dramma Popolare di San Miniato, nell\u2019estate 2017, in occasione della LXXI Festa del Teatro. San Miniato, Festa del Dramma Popolare, 26-27 giugno 2017<\/p>\n\n\n\n<p>Per Laura il lavoro \u00e8 una missione. Impiegata da una vita in una casa farmaceutica, crede nel potere della scienza: la sua dedizione totale all\u2019 azienda non nasce da personali ambizioni egocentriche, ma dal sogno di realizzare qualcosa di utile. In questo turbine ha smarrito da lunghi anni un marito, e ha lasciato che i suoi due figli \u2013 Mathieu e Chiara, quasi trentenni \u2013 scivolassero tranquillamente a Parigi, con la scusa dello studio. Ma quando finalmente la sua equipe scopre un farmaco rivoluzionario, le viene diagnosticato un tumore. Inizier\u00e0 cos\u00ec un percorso fra ospedali, esami, chirurghi e oncologi che la far\u00e0 vagare fra varie citt\u00e0, allontanandola sempre pi\u00f9 dalle sue mansioni. Ma intanto si riaffacceranno nella sua vita i figli, alternandosi per aiutarla, e in una sala d\u2019attesa incontrer\u00e0 anche Marco, un orchestrale torinese affetto dalla sua stessa malattia. Per modalit\u00e0 espressive e temi affrontati,\u00a0<em>La Cura\u00a0<\/em>si pone come secondo capitolo di\u00a0<em>Fumo Blu<\/em>, il precedente lavoro di Gherardo Vitali Rosati, prodotto dal Teatro Metastasio e presentato al 58\u00b0 Festival dei 2Mondi, incentrato sulle difficolt\u00e0 quotidiane di una giovane coppia alle prese con lavori affascinanti ma poco remunerativi che sottraevano tempo ed energie alla vita familiare. Se il primo testo citava, nel titolo, un successo di Mina, qui ci si rif\u00e0 a un celebre pezzo di Battiato. Per l\u2019allestimento, lo spettacolo si avvale delle proiezioni di The Fake Factory, uno dei pi\u00f9 noti video-maker italiani, che creano una vera e propria scenografia digitale, capace di ricreare spazi reali e immaginari.<\/p>\n\n\n\n<figure class=\"wp-block-gallery columns-3 is-cropped wp-block-gallery-1 is-layout-flex wp-block-gallery-is-layout-flex\"><ul class=\"blocks-gallery-grid\"><li class=\"blocks-gallery-item\"><figure><a href=\"http:\/\/www.lamamaumbria.org\/wp-content\/uploads\/2021\/01\/IMG_9724-scaled.jpg\"><img loading=\"lazy\" decoding=\"async\" width=\"1024\" height=\"683\" src=\"http:\/\/www.lamamaumbria.org\/wp-content\/uploads\/2021\/01\/IMG_9724-1024x683.jpg\" alt=\"\" data-id=\"2263\" data-full-url=\"http:\/\/www.lamamaumbria.org\/wp-content\/uploads\/2021\/01\/IMG_9724-scaled.jpg\" data-link=\"http:\/\/www.lamamaumbria.org\/?attachment_id=2263\" class=\"wp-image-2263\" srcset=\"http:\/\/www.lamamaumbria.org\/wp-content\/uploads\/2021\/01\/IMG_9724-1024x683.jpg 1024w, http:\/\/www.lamamaumbria.org\/wp-content\/uploads\/2021\/01\/IMG_9724-300x200.jpg 300w, http:\/\/www.lamamaumbria.org\/wp-content\/uploads\/2021\/01\/IMG_9724-768x512.jpg 768w, http:\/\/www.lamamaumbria.org\/wp-content\/uploads\/2021\/01\/IMG_9724-1536x1024.jpg 1536w, http:\/\/www.lamamaumbria.org\/wp-content\/uploads\/2021\/01\/IMG_9724-2048x1365.jpg 2048w, http:\/\/www.lamamaumbria.org\/wp-content\/uploads\/2021\/01\/IMG_9724-150x100.jpg 150w, http:\/\/www.lamamaumbria.org\/wp-content\/uploads\/2021\/01\/IMG_9724-225x150.jpg 225w, http:\/\/www.lamamaumbria.org\/wp-content\/uploads\/2021\/01\/IMG_9724-272x182.jpg 272w\" sizes=\"(max-width: 1024px) 100vw, 1024px\" \/><\/a><\/figure><\/li><li class=\"blocks-gallery-item\"><figure><a href=\"http:\/\/www.lamamaumbria.org\/wp-content\/uploads\/2021\/01\/IMG_9735-scaled.jpg\"><img loading=\"lazy\" decoding=\"async\" width=\"1024\" height=\"683\" src=\"http:\/\/www.lamamaumbria.org\/wp-content\/uploads\/2021\/01\/IMG_9735-1024x683.jpg\" alt=\"\" data-id=\"2264\" data-full-url=\"http:\/\/www.lamamaumbria.org\/wp-content\/uploads\/2021\/01\/IMG_9735-scaled.jpg\" data-link=\"http:\/\/www.lamamaumbria.org\/?attachment_id=2264\" class=\"wp-image-2264\" srcset=\"http:\/\/www.lamamaumbria.org\/wp-content\/uploads\/2021\/01\/IMG_9735-1024x683.jpg 1024w, http:\/\/www.lamamaumbria.org\/wp-content\/uploads\/2021\/01\/IMG_9735-300x200.jpg 300w, http:\/\/www.lamamaumbria.org\/wp-content\/uploads\/2021\/01\/IMG_9735-768x513.jpg 768w, http:\/\/www.lamamaumbria.org\/wp-content\/uploads\/2021\/01\/IMG_9735-1536x1025.jpg 1536w, http:\/\/www.lamamaumbria.org\/wp-content\/uploads\/2021\/01\/IMG_9735-2048x1367.jpg 2048w, http:\/\/www.lamamaumbria.org\/wp-content\/uploads\/2021\/01\/IMG_9735-150x100.jpg 150w, http:\/\/www.lamamaumbria.org\/wp-content\/uploads\/2021\/01\/IMG_9735-225x150.jpg 225w, http:\/\/www.lamamaumbria.org\/wp-content\/uploads\/2021\/01\/IMG_9735-272x182.jpg 272w\" sizes=\"(max-width: 1024px) 100vw, 1024px\" \/><\/a><\/figure><\/li><li class=\"blocks-gallery-item\"><figure><a href=\"http:\/\/www.lamamaumbria.org\/wp-content\/uploads\/2021\/01\/IMG_9752-scaled.jpg\"><img loading=\"lazy\" decoding=\"async\" width=\"1024\" height=\"714\" src=\"http:\/\/www.lamamaumbria.org\/wp-content\/uploads\/2021\/01\/IMG_9752-1024x714.jpg\" alt=\"\" data-id=\"2265\" data-full-url=\"http:\/\/www.lamamaumbria.org\/wp-content\/uploads\/2021\/01\/IMG_9752-scaled.jpg\" data-link=\"http:\/\/www.lamamaumbria.org\/?attachment_id=2265\" class=\"wp-image-2265\" srcset=\"http:\/\/www.lamamaumbria.org\/wp-content\/uploads\/2021\/01\/IMG_9752-1024x714.jpg 1024w, http:\/\/www.lamamaumbria.org\/wp-content\/uploads\/2021\/01\/IMG_9752-300x209.jpg 300w, http:\/\/www.lamamaumbria.org\/wp-content\/uploads\/2021\/01\/IMG_9752-768x536.jpg 768w, http:\/\/www.lamamaumbria.org\/wp-content\/uploads\/2021\/01\/IMG_9752-1536x1071.jpg 1536w, http:\/\/www.lamamaumbria.org\/wp-content\/uploads\/2021\/01\/IMG_9752-2048x1428.jpg 2048w, http:\/\/www.lamamaumbria.org\/wp-content\/uploads\/2021\/01\/IMG_9752-150x105.jpg 150w, http:\/\/www.lamamaumbria.org\/wp-content\/uploads\/2021\/01\/IMG_9752-215x150.jpg 215w\" sizes=\"(max-width: 1024px) 100vw, 1024px\" \/><\/a><\/figure><\/li><li class=\"blocks-gallery-item\"><figure><a href=\"http:\/\/www.lamamaumbria.org\/wp-content\/uploads\/2021\/01\/IMG_9757-scaled.jpg\"><img loading=\"lazy\" decoding=\"async\" width=\"1024\" height=\"677\" src=\"http:\/\/www.lamamaumbria.org\/wp-content\/uploads\/2021\/01\/IMG_9757-1024x677.jpg\" alt=\"\" data-id=\"2266\" data-full-url=\"http:\/\/www.lamamaumbria.org\/wp-content\/uploads\/2021\/01\/IMG_9757-scaled.jpg\" data-link=\"http:\/\/www.lamamaumbria.org\/?attachment_id=2266\" class=\"wp-image-2266\" srcset=\"http:\/\/www.lamamaumbria.org\/wp-content\/uploads\/2021\/01\/IMG_9757-1024x677.jpg 1024w, http:\/\/www.lamamaumbria.org\/wp-content\/uploads\/2021\/01\/IMG_9757-300x198.jpg 300w, http:\/\/www.lamamaumbria.org\/wp-content\/uploads\/2021\/01\/IMG_9757-768x508.jpg 768w, http:\/\/www.lamamaumbria.org\/wp-content\/uploads\/2021\/01\/IMG_9757-1536x1015.jpg 1536w, http:\/\/www.lamamaumbria.org\/wp-content\/uploads\/2021\/01\/IMG_9757-2048x1354.jpg 2048w, http:\/\/www.lamamaumbria.org\/wp-content\/uploads\/2021\/01\/IMG_9757-150x99.jpg 150w, http:\/\/www.lamamaumbria.org\/wp-content\/uploads\/2021\/01\/IMG_9757-227x150.jpg 227w\" sizes=\"(max-width: 1024px) 100vw, 1024px\" \/><\/a><\/figure><\/li><li class=\"blocks-gallery-item\"><figure><a href=\"http:\/\/www.lamamaumbria.org\/wp-content\/uploads\/2021\/01\/IMG_9771-scaled.jpg\"><img loading=\"lazy\" decoding=\"async\" width=\"1024\" height=\"683\" src=\"http:\/\/www.lamamaumbria.org\/wp-content\/uploads\/2021\/01\/IMG_9771-1024x683.jpg\" alt=\"\" data-id=\"2267\" data-full-url=\"http:\/\/www.lamamaumbria.org\/wp-content\/uploads\/2021\/01\/IMG_9771-scaled.jpg\" data-link=\"http:\/\/www.lamamaumbria.org\/?attachment_id=2267\" class=\"wp-image-2267\" srcset=\"http:\/\/www.lamamaumbria.org\/wp-content\/uploads\/2021\/01\/IMG_9771-1024x683.jpg 1024w, http:\/\/www.lamamaumbria.org\/wp-content\/uploads\/2021\/01\/IMG_9771-300x200.jpg 300w, http:\/\/www.lamamaumbria.org\/wp-content\/uploads\/2021\/01\/IMG_9771-768x512.jpg 768w, http:\/\/www.lamamaumbria.org\/wp-content\/uploads\/2021\/01\/IMG_9771-1536x1024.jpg 1536w, http:\/\/www.lamamaumbria.org\/wp-content\/uploads\/2021\/01\/IMG_9771-2048x1365.jpg 2048w, http:\/\/www.lamamaumbria.org\/wp-content\/uploads\/2021\/01\/IMG_9771-150x100.jpg 150w, http:\/\/www.lamamaumbria.org\/wp-content\/uploads\/2021\/01\/IMG_9771-225x150.jpg 225w, http:\/\/www.lamamaumbria.org\/wp-content\/uploads\/2021\/01\/IMG_9771-272x182.jpg 272w\" sizes=\"(max-width: 1024px) 100vw, 1024px\" \/><\/a><\/figure><\/li><li class=\"blocks-gallery-item\"><figure><a href=\"http:\/\/www.lamamaumbria.org\/wp-content\/uploads\/2021\/01\/IMG_9776-scaled.jpg\"><img loading=\"lazy\" decoding=\"async\" width=\"1024\" height=\"683\" src=\"http:\/\/www.lamamaumbria.org\/wp-content\/uploads\/2021\/01\/IMG_9776-1024x683.jpg\" alt=\"\" data-id=\"2268\" data-full-url=\"http:\/\/www.lamamaumbria.org\/wp-content\/uploads\/2021\/01\/IMG_9776-scaled.jpg\" data-link=\"http:\/\/www.lamamaumbria.org\/?attachment_id=2268\" class=\"wp-image-2268\" srcset=\"http:\/\/www.lamamaumbria.org\/wp-content\/uploads\/2021\/01\/IMG_9776-1024x683.jpg 1024w, http:\/\/www.lamamaumbria.org\/wp-content\/uploads\/2021\/01\/IMG_9776-300x200.jpg 300w, http:\/\/www.lamamaumbria.org\/wp-content\/uploads\/2021\/01\/IMG_9776-768x512.jpg 768w, http:\/\/www.lamamaumbria.org\/wp-content\/uploads\/2021\/01\/IMG_9776-1536x1024.jpg 1536w, http:\/\/www.lamamaumbria.org\/wp-content\/uploads\/2021\/01\/IMG_9776-2048x1365.jpg 2048w, http:\/\/www.lamamaumbria.org\/wp-content\/uploads\/2021\/01\/IMG_9776-150x100.jpg 150w, http:\/\/www.lamamaumbria.org\/wp-content\/uploads\/2021\/01\/IMG_9776-225x150.jpg 225w, http:\/\/www.lamamaumbria.org\/wp-content\/uploads\/2021\/01\/IMG_9776-272x182.jpg 272w\" sizes=\"(max-width: 1024px) 100vw, 1024px\" \/><\/a><\/figure><\/li><li class=\"blocks-gallery-item\"><figure><a href=\"http:\/\/www.lamamaumbria.org\/wp-content\/uploads\/2021\/01\/IMG_9784-scaled.jpg\"><img loading=\"lazy\" decoding=\"async\" width=\"1024\" height=\"683\" src=\"http:\/\/www.lamamaumbria.org\/wp-content\/uploads\/2021\/01\/IMG_9784-1024x683.jpg\" alt=\"\" data-id=\"2269\" data-full-url=\"http:\/\/www.lamamaumbria.org\/wp-content\/uploads\/2021\/01\/IMG_9784-scaled.jpg\" data-link=\"http:\/\/www.lamamaumbria.org\/?attachment_id=2269\" class=\"wp-image-2269\" srcset=\"http:\/\/www.lamamaumbria.org\/wp-content\/uploads\/2021\/01\/IMG_9784-1024x683.jpg 1024w, http:\/\/www.lamamaumbria.org\/wp-content\/uploads\/2021\/01\/IMG_9784-300x200.jpg 300w, http:\/\/www.lamamaumbria.org\/wp-content\/uploads\/2021\/01\/IMG_9784-768x512.jpg 768w, http:\/\/www.lamamaumbria.org\/wp-content\/uploads\/2021\/01\/IMG_9784-1536x1024.jpg 1536w, http:\/\/www.lamamaumbria.org\/wp-content\/uploads\/2021\/01\/IMG_9784-2048x1365.jpg 2048w, http:\/\/www.lamamaumbria.org\/wp-content\/uploads\/2021\/01\/IMG_9784-150x100.jpg 150w, http:\/\/www.lamamaumbria.org\/wp-content\/uploads\/2021\/01\/IMG_9784-225x150.jpg 225w, http:\/\/www.lamamaumbria.org\/wp-content\/uploads\/2021\/01\/IMG_9784-272x182.jpg 272w\" sizes=\"(max-width: 1024px) 100vw, 1024px\" \/><\/a><\/figure><\/li><li class=\"blocks-gallery-item\"><figure><a href=\"http:\/\/www.lamamaumbria.org\/wp-content\/uploads\/2021\/01\/IMG_9798-scaled.jpg\"><img loading=\"lazy\" decoding=\"async\" width=\"1024\" height=\"683\" src=\"http:\/\/www.lamamaumbria.org\/wp-content\/uploads\/2021\/01\/IMG_9798-1024x683.jpg\" alt=\"\" data-id=\"2270\" data-full-url=\"http:\/\/www.lamamaumbria.org\/wp-content\/uploads\/2021\/01\/IMG_9798-scaled.jpg\" data-link=\"http:\/\/www.lamamaumbria.org\/?attachment_id=2270\" class=\"wp-image-2270\" srcset=\"http:\/\/www.lamamaumbria.org\/wp-content\/uploads\/2021\/01\/IMG_9798-1024x683.jpg 1024w, http:\/\/www.lamamaumbria.org\/wp-content\/uploads\/2021\/01\/IMG_9798-300x200.jpg 300w, http:\/\/www.lamamaumbria.org\/wp-content\/uploads\/2021\/01\/IMG_9798-768x512.jpg 768w, http:\/\/www.lamamaumbria.org\/wp-content\/uploads\/2021\/01\/IMG_9798-1536x1024.jpg 1536w, http:\/\/www.lamamaumbria.org\/wp-content\/uploads\/2021\/01\/IMG_9798-2048x1365.jpg 2048w, http:\/\/www.lamamaumbria.org\/wp-content\/uploads\/2021\/01\/IMG_9798-150x100.jpg 150w, http:\/\/www.lamamaumbria.org\/wp-content\/uploads\/2021\/01\/IMG_9798-225x150.jpg 225w, http:\/\/www.lamamaumbria.org\/wp-content\/uploads\/2021\/01\/IMG_9798-272x182.jpg 272w\" sizes=\"(max-width: 1024px) 100vw, 1024px\" \/><\/a><\/figure><\/li><\/ul><\/figure>\n\n\n\n<p><a href=\"http:\/\/www.lamamaspoletopen.net\/\">http:\/\/www.lamamaspoletopen.net\/<\/a><\/p>\n<p><\/p>","protected":false},"excerpt":{"rendered":"<p>14 e 15 luglio 2017 CANTIERE OBERDAN h. 21.3016 luglio h. 18.00 Scritto e diretto da&nbsp;Gherardo Vitali RosatiCon:&nbsp;Elena Arvigo, Alberto Giusta, Dalila Reas, Luca TanganelliMusiche:&nbsp;Tommaso TaraniAllestimento e luci:&nbsp;Andrea Narese-Brando NenciniProduzione:&nbsp;IL TEATRO DELLE DONNE Centro Nazionale di Drammaturgiain collaborazione con&nbsp;Fondazione Istituto del Dramma Popolare di San Miniato;Video:&nbsp;The Fake Factory&nbsp; Lo spettacolo\u2026<\/p>\n<p> <a class=\"continue-reading-link\" href=\"http:\/\/www.lamamaumbria.org\/?page_id=2261\"><span>Continue reading<\/span><i class=\"crycon-right-dir\"><\/i><\/a> <\/p>\n","protected":false},"author":3,"featured_media":0,"parent":2184,"menu_order":0,"comment_status":"closed","ping_status":"closed","template":"","meta":{"footnotes":""},"_links":{"self":[{"href":"http:\/\/www.lamamaumbria.org\/index.php?rest_route=\/wp\/v2\/pages\/2261"}],"collection":[{"href":"http:\/\/www.lamamaumbria.org\/index.php?rest_route=\/wp\/v2\/pages"}],"about":[{"href":"http:\/\/www.lamamaumbria.org\/index.php?rest_route=\/wp\/v2\/types\/page"}],"author":[{"embeddable":true,"href":"http:\/\/www.lamamaumbria.org\/index.php?rest_route=\/wp\/v2\/users\/3"}],"replies":[{"embeddable":true,"href":"http:\/\/www.lamamaumbria.org\/index.php?rest_route=%2Fwp%2Fv2%2Fcomments&post=2261"}],"version-history":[{"count":1,"href":"http:\/\/www.lamamaumbria.org\/index.php?rest_route=\/wp\/v2\/pages\/2261\/revisions"}],"predecessor-version":[{"id":2271,"href":"http:\/\/www.lamamaumbria.org\/index.php?rest_route=\/wp\/v2\/pages\/2261\/revisions\/2271"}],"up":[{"embeddable":true,"href":"http:\/\/www.lamamaumbria.org\/index.php?rest_route=\/wp\/v2\/pages\/2184"}],"wp:attachment":[{"href":"http:\/\/www.lamamaumbria.org\/index.php?rest_route=%2Fwp%2Fv2%2Fmedia&parent=2261"}],"curies":[{"name":"wp","href":"https:\/\/api.w.org\/{rel}","templated":true}]}}