{"id":2218,"date":"2021-01-28T10:12:50","date_gmt":"2021-01-28T09:12:50","guid":{"rendered":"http:\/\/www.lamamaumbria.org\/?page_id=2218"},"modified":"2021-01-28T10:12:50","modified_gmt":"2021-01-28T09:12:50","slug":"the-book-of-thel","status":"publish","type":"page","link":"http:\/\/www.lamamaumbria.org\/?page_id=2218","title":{"rendered":"THE BOOK OF THEL"},"content":{"rendered":"\n<p><strong>7 luglio 2017 \u00a0Cantiere Oberdan\u00a0<em>h. 18.00<\/em> e\u00a0<em>h. 22.00<\/em><\/strong><\/p>\n\n\n\n<div class=\"wp-block-image\"><figure class=\"alignleft size-large is-resized\"><a href=\"http:\/\/www.lamamaumbria.org\/wp-content\/uploads\/2021\/01\/The-Book-of-Thel-710x1024-1.jpg\"><img loading=\"lazy\" decoding=\"async\" src=\"http:\/\/www.lamamaumbria.org\/wp-content\/uploads\/2021\/01\/The-Book-of-Thel-710x1024-1.jpg\" alt=\"\" class=\"wp-image-2219\" width=\"253\" height=\"365\" srcset=\"http:\/\/www.lamamaumbria.org\/wp-content\/uploads\/2021\/01\/The-Book-of-Thel-710x1024-1.jpg 710w, http:\/\/www.lamamaumbria.org\/wp-content\/uploads\/2021\/01\/The-Book-of-Thel-710x1024-1-208x300.jpg 208w, http:\/\/www.lamamaumbria.org\/wp-content\/uploads\/2021\/01\/The-Book-of-Thel-710x1024-1-104x150.jpg 104w\" sizes=\"(max-width: 253px) 100vw, 253px\" \/><\/a><figcaption>di William Blake<\/figcaption><\/figure><\/div>\n\n\n\n<p><strong>Un Opera lirica di Rolando Macrini \u2013 PRIMO STUDIO<br><\/strong>Da un \u2018idea di<strong>&nbsp;Peter Case<br><\/strong>Direttore Musicale&nbsp;<strong>Claudio Scarabottini<br><\/strong>Fumetti di&nbsp;<strong>Jacopo Maran<\/strong><\/p>\n\n\n\n<p>Una produzione La MaMa Ubria International e La MaMa Experimental Theatre Club NY<\/p>\n\n\n\n<p><strong><em>Il libro di Thel<\/em><\/strong>&nbsp;\u00e8 un poema di&nbsp;William Blake&nbsp;datato il&nbsp;1789&nbsp;\u00e8 illustrato con incisioni e disegni fatti dallo stesso Blake, ed \u00e8 relativamente breve e di semplice comprensione rispetto alle sue ultime opere profetiche.&nbsp;<strong>William Blake<\/strong>&nbsp;&nbsp;Poeta, incisore, pittore (Londra&nbsp;1757&nbsp;\u2013 ivi&nbsp;1827) spirito ribelle e visionario, consider\u00f2 il mezzo verbale e quello visivo espressione unica del suo genio profetico<\/p>\n\n\n\n<p>Le figlie di Mne Seraphim sono tutte pastorelle nella Valle di Har, tranne la pi\u00f9 giovane, Thel, che passa il tempo vagando da sola, tormentata da una domanda: perch\u00e9 la primavera della vita deve per forza finire, e con lei tutte le cose? Incontra il Giglio della Valle che cerca di confortarla, ma invano, e pertanto la incoraggia a chiedere alla Nuvola. La Nuvola spiega che egli fa parte di un processo naturale e anche se talvolta scompare, non \u00e8 mai per sempre. Thel replica che lei non \u00e8 come la Nuvola, e quando scomparir\u00e0, non ritorner\u00e0 pi\u00f9. Cos\u00ec la Nuvola suggerisce di fare la stessa domanda al Verme. Il Verme per\u00f2, \u00e8 ancora un infante, e non pu\u00f2 rispondere; al suo posto, la Zolla d\u2019Argilla risponde spiegando che non si vive per noi stessi, ma per gli altri ed invita Thel ad entrare nel suo regno sotterraneo a vedere la prigione dei morti in cui lei stessa riposer\u00e0 un giorno. Tuttavia, la protagonista viene assalita da voci misteriose che le pongono domande ancora pi\u00f9 terribili sull\u2019esistenza; lanciando un grido, Thel torna indietro alla sua casa nella Valle di Har. La cava rappresenta la sessualit\u00e0 e la mortalit\u00e0, mentre la Valle di Har rappresenta la verginit\u00e0 e l\u2019eternit\u00e0.<\/p>\n\n\n\n<p><a href=\"http:\/\/www.lamamaspoletopen.net\/\">http:\/\/www.lamamaspoletopen.net\/<\/a><\/p>\n<p><\/p>","protected":false},"excerpt":{"rendered":"<p>7 luglio 2017 \u00a0Cantiere Oberdan\u00a0h. 18.00 e\u00a0h. 22.00 Un Opera lirica di Rolando Macrini \u2013 PRIMO STUDIODa un \u2018idea di&nbsp;Peter CaseDirettore Musicale&nbsp;Claudio ScarabottiniFumetti di&nbsp;Jacopo Maran Una produzione La MaMa Ubria International e La MaMa Experimental Theatre Club NY Il libro di Thel&nbsp;\u00e8 un poema di&nbsp;William Blake&nbsp;datato il&nbsp;1789&nbsp;\u00e8 illustrato con incisioni\u2026<\/p>\n<p> <a class=\"continue-reading-link\" href=\"http:\/\/www.lamamaumbria.org\/?page_id=2218\"><span>Continue reading<\/span><i class=\"crycon-right-dir\"><\/i><\/a> <\/p>\n","protected":false},"author":3,"featured_media":0,"parent":2184,"menu_order":0,"comment_status":"closed","ping_status":"closed","template":"","meta":{"footnotes":""},"_links":{"self":[{"href":"http:\/\/www.lamamaumbria.org\/index.php?rest_route=\/wp\/v2\/pages\/2218"}],"collection":[{"href":"http:\/\/www.lamamaumbria.org\/index.php?rest_route=\/wp\/v2\/pages"}],"about":[{"href":"http:\/\/www.lamamaumbria.org\/index.php?rest_route=\/wp\/v2\/types\/page"}],"author":[{"embeddable":true,"href":"http:\/\/www.lamamaumbria.org\/index.php?rest_route=\/wp\/v2\/users\/3"}],"replies":[{"embeddable":true,"href":"http:\/\/www.lamamaumbria.org\/index.php?rest_route=%2Fwp%2Fv2%2Fcomments&post=2218"}],"version-history":[{"count":1,"href":"http:\/\/www.lamamaumbria.org\/index.php?rest_route=\/wp\/v2\/pages\/2218\/revisions"}],"predecessor-version":[{"id":2220,"href":"http:\/\/www.lamamaumbria.org\/index.php?rest_route=\/wp\/v2\/pages\/2218\/revisions\/2220"}],"up":[{"embeddable":true,"href":"http:\/\/www.lamamaumbria.org\/index.php?rest_route=\/wp\/v2\/pages\/2184"}],"wp:attachment":[{"href":"http:\/\/www.lamamaumbria.org\/index.php?rest_route=%2Fwp%2Fv2%2Fmedia&parent=2218"}],"curies":[{"name":"wp","href":"https:\/\/api.w.org\/{rel}","templated":true}]}}