{"id":1826,"date":"2020-11-28T19:31:46","date_gmt":"2020-11-28T18:31:46","guid":{"rendered":"http:\/\/www.lamamaumbria.org\/?page_id=1826"},"modified":"2020-11-28T19:32:17","modified_gmt":"2020-11-28T18:32:17","slug":"wunderkammer-le-mille-e-una-notte","status":"publish","type":"page","link":"http:\/\/www.lamamaumbria.org\/?page_id=1826","title":{"rendered":"WUNDERKAMMER LE MILLE E UNA NOTTE"},"content":{"rendered":"<p>L\u2019obiettivo d<a href=\"http:\/\/www.lamamaumbria.org\/wp-content\/uploads\/2020\/11\/LOW-Lidelab-foto-di-scena-7-ph-Lucia-Menegazzo-658x439-2.jpg\"><img loading=\"lazy\" decoding=\"async\" class=\"size-medium wp-image-1828 alignleft\" src=\"http:\/\/www.lamamaumbria.org\/wp-content\/uploads\/2020\/11\/LOW-Lidelab-foto-di-scena-7-ph-Lucia-Menegazzo-658x439-2-300x200.jpg\" alt=\"\" width=\"300\" height=\"200\" srcset=\"http:\/\/www.lamamaumbria.org\/wp-content\/uploads\/2020\/11\/LOW-Lidelab-foto-di-scena-7-ph-Lucia-Menegazzo-658x439-2-300x200.jpg 300w, http:\/\/www.lamamaumbria.org\/wp-content\/uploads\/2020\/11\/LOW-Lidelab-foto-di-scena-7-ph-Lucia-Menegazzo-658x439-2-150x100.jpg 150w, http:\/\/www.lamamaumbria.org\/wp-content\/uploads\/2020\/11\/LOW-Lidelab-foto-di-scena-7-ph-Lucia-Menegazzo-658x439-2.jpg 658w\" sizes=\"(max-width: 300px) 100vw, 300px\" \/><\/a>ella residenza multidisciplinare a La MaMa Umbria International (Giugno 2019) \u00e8 indagare lo stupore e la meraviglia attraverso la commistione di linguaggi diversi.<\/p>\n<p>Partiamo dalla letteratura e giochiamo a mischiare elementi del teatro di figura (burattini, ombre, pupazzi portati, marionette\u2026) e a sperimentare diversi mondi sonori. Proviamo a raccontare una storia, sempre la stessa, la nostra, quella di Shahraz\u00e0d, divertendo e catturando pubblici diversi.\u00a0 Un re, dopo essere stato tradito dalla regina, decide di sposare una donna ogni sera per ucciderla il mattino seguente. Shahraz\u00e0d, la figlia del consigliere del re, si offre come moglie nonostante la contrariet\u00e0 del padre e della sorella Dunyaz\u00e0d. Le due sorelle escogitano un piano per sopravvivere al sultano: prima di addormentarsi, Dunyaz\u00e0d chiede a Shahraz\u00e0d di raccontarle un\u2019ultima storia che non deve finire prima dell\u2019alba; se il sovrano desidera conoscere la fine del racconto dovr\u00e0 accordare un nuovo giorno di vita alla figlia del visir. Shahraz\u00e0d, raccontando storie meravigliose, mette fine alla catena di esecuzioni.<\/p>\n<p>Compagine artistica:<strong> Lidelab<br \/>\n<\/strong>Collettivo di artiste indipendenti riunite intorno al progetto \u201cWunderkammer &#8211; Le mille e una notte\u201d. <strong>Federica Furlani<\/strong><br \/>\nSound designer, performer, musicista &#8211; <strong>Christina Lidegaard<br \/>\n<\/strong>production<strong> Barbara Mattavelli<br \/>\n<\/strong>Attrice, performer <strong>Lucia Menegazzo<br \/>\n<\/strong>Regista, scenografa, ideazione e realizzazione figure <strong>Silvia Rigon<\/strong><br \/>\nConcept, regista e drammaturga <strong>Gianmaria Sortino<\/strong> Regista e videomaker<\/p>\n<p><strong>Federica Furlani<\/strong> &#8211; Sound designer, performer, musicista. Si diploma prima in Viola presso il Conservatorio di Milano, e nel 2015 in Musica Elettronica. Collabora in live e in studio con importanti artisti italiani e internazionali (Einstuerzende Neubauten, Blonde Redhead, Renato Zero, Le Luci della Centrale Elettrica), fa parte di vari progetti musicali, tra cui La Belvert, + Collective, Klein Blue, collettivo Electronic Girls. Ha frequentato un semestre presso l\u2019UDK di Berlino, specializzandosi in installazioni artistiche sonore e costruzione di nuovi strumenti digitali. Dal 2013 lavora come sound designer e compositrice per il teatro collaborando con Domesticalchimia, Accademia Perduta Romagna Teatri, Need Teatro, Teatro d\u2019Emergenza. Ha partecipato in qualit\u00e0 di assistente, al workshop sul sound design teatrale tenuto da Franco Visioli e Letizia Russo presso la Biennale Teatro di Venezia nell\u2019estate 2017. Fonda e dirige le Officine Tesla, associazione che si occupa dello sviluppo sociale (infanzia, disabilit\u00e0 e autismo) di musica e nuove tecnologie.<\/p>\n<p><strong>Lucia Menegazzo<\/strong> &#8211; Regista, scenografa, ideazione e realizzazione figure. Studia scultura, si laurea allo Iuav in \u201cArti visive e dello spettacolo\u201d con una tesi che indaga la relazione fra performer e pupazzo e si diploma in regia alla Paolo Grassi. \u00c8 scenografa e fotografa della compagnia teatrale The Baby Walk diretta da Livia Ferracchiati (spettacoli selezione biennale teatro 2017, premio scenario 2017). Come scenografa e regista collabora fra gli altri con Il Palchetto Stage \u2013 International Theater production, la fondazione TPE e il Teatro de Gli incamminati. Ha fatto parte di Biennale college Musica nel 2017. Dal 2013 collabora con TeatroGiocoVita, dove lavora come assistente alla regia e costruzione sagome e scenografie.<\/p>\n<p><strong>Silvia Rigon<\/strong> &#8211; Concept, regista e drammaturga Dopo la Laurea in Mediazione Linguistica e Culturale (spagnolo e arabo), si diploma in regia alla Paolo Grassi. Nel 2015 dirige lo show per bambini \u201cLo spettacolo della fisica\u201d in collaborazione con l\u2019Universit\u00e0 di Fisica di Milano. Per due edizioni consecutive fa parte del team di produzione del Festival dei 2Mondi di Spoleto. Come drammaturga scrive lo spettacolo \u201cIfigenia in Tauride\u201d, parte del progetto Santa Estasi diretto da Antonio Latella; Premio Ubu 2016 come miglior spettacolo, replicato al Festival di Avignon e al Piccolo Teatro di Milano. Dal 2017 collabora con Balich Worldwide Show. Tra i tanti progetti lavora come coordinatrice creativa nella fase di elaborazione concettuale di una cerimonia olimpica in Turkmenistan e come supervisore alla drammaturgia e assistente alla regia per il permanent show \u201cGiudizio universale, Michelangelo and the secrets of the Sistine Chapel\u201d diretto da Marco Balich e Lulu Helbaek.<\/p>\n<p><strong>Christina Lidegaard<\/strong> &#8211; Production. Si laurea alla Copenaghen Business School e all\u2019Universit\u00e0 Bocconi di Milano con un programma di doppia laurea. Completa il master in \u201cManagement del processo creativo\u201d specializzandosi in \u201cArte, cultura, media e intrattenimento\u201d. Nel 2014 lavora come assistant-manager a Copenaghen per il \u201cSalaam Film Dialogue\u201d. Dal 2015 lavora per la Balich Worldwide Show come assistente esecutivo, project manager, Video and music producer per eventi come \u201cIntimissimi on Ice\u201d all\u2019Arena di Verona, regia di Damiano Michieletto, o \u201cGiudizio universale, Michelangelo and the secrets of the Sistine Chapel\u201d, regia di Marco Balich e e Lulu Helbaek.<\/p>\n<p><strong>Barbara Mattavelli<\/strong> &#8211; Attrice, performer. Diplomata alla Scuola del Teatro Stabile di Torino nel 2015, viene scelta per la scuola di alta formazione di ERT diretta da Antonio Latella. \u00c8 una dei protagonisti di \u201cSanta Estasi\u201d e con questo spettacolo vince il premio Ubu 2016 nella categoria \u201cNuovo attore o attrice under 35\u201d. Collabora attivamente come attrice con Stabilemobile compagnia Antonio Latella e con compagnie emergenti come ILINX, Domesticalchimia, Ariel dei Merli, Teatro d\u2019Emergenza. Continua il suo percorso di studio approfondendo varie tecniche di teatro di figura, canto e musica. Tiene corsi tecnici di dizione e voce per le scuole medie e dell\u2019infanzia.<\/p>\n<p><strong>Gianmaria Sortino<\/strong> &#8211; Regista e videomaker. Diplomato in regia cinematografica alla Civica scuola di Milano, \u00e8 socio della casa di produzione Habanero dove lavora come regista e produttore, ha collaborato con Costanza Quatriglio e da anni indaga il documentario come forma di racconto. \u00c8 socio e fondatore della casa di produzione cinematografica Habanero, che cura l\u2019archivio per Lidelab.<\/p>\n<p><a href=\"http:\/\/www.lamamaumbria.org\/wp-content\/uploads\/2020\/11\/IMG_5593-scaled.jpg\"><img loading=\"lazy\" decoding=\"async\" class=\" wp-image-1829 alignleft\" src=\"http:\/\/www.lamamaumbria.org\/wp-content\/uploads\/2020\/11\/IMG_5593-300x200.jpg\" alt=\"\" width=\"186\" height=\"129\" \/><\/a> <a href=\"http:\/\/www.lamamaumbria.org\/wp-content\/uploads\/2020\/11\/IMG_5596-scaled.jpg\"><img loading=\"lazy\" decoding=\"async\" class=\"wp-image-1830 alignleft\" src=\"http:\/\/www.lamamaumbria.org\/wp-content\/uploads\/2020\/11\/IMG_5596-300x157.jpg\" alt=\"\" width=\"226\" height=\"112\" \/><\/a> <a href=\"http:\/\/www.lamamaumbria.org\/wp-content\/uploads\/2020\/11\/IMG_5603-scaled.jpg\"><img loading=\"lazy\" decoding=\"async\" class=\"wp-image-1831 alignleft\" src=\"http:\/\/www.lamamaumbria.org\/wp-content\/uploads\/2020\/11\/IMG_5603-300x200.jpg\" alt=\"\" width=\"209\" height=\"95\" \/><\/a><a href=\"http:\/\/www.lamamaumbria.org\/wp-content\/uploads\/2020\/11\/IMG_5608-scaled.jpg\"><img loading=\"lazy\" decoding=\"async\" class=\"alignnone  wp-image-1833\" src=\"http:\/\/www.lamamaumbria.org\/wp-content\/uploads\/2020\/11\/IMG_5608-300x200.jpg\" alt=\"\" width=\"198\" height=\"126\" \/><\/a><img loading=\"lazy\" decoding=\"async\" class=\"alignnone  wp-image-1832\" src=\"http:\/\/www.lamamaumbria.org\/wp-content\/uploads\/2020\/11\/IMG_5607-300x213.jpg\" alt=\"\" width=\"208\" height=\"148\" srcset=\"http:\/\/www.lamamaumbria.org\/wp-content\/uploads\/2020\/11\/IMG_5607-300x213.jpg 300w, http:\/\/www.lamamaumbria.org\/wp-content\/uploads\/2020\/11\/IMG_5607-1024x725.jpg 1024w, http:\/\/www.lamamaumbria.org\/wp-content\/uploads\/2020\/11\/IMG_5607-768x544.jpg 768w, http:\/\/www.lamamaumbria.org\/wp-content\/uploads\/2020\/11\/IMG_5607-1536x1088.jpg 1536w, http:\/\/www.lamamaumbria.org\/wp-content\/uploads\/2020\/11\/IMG_5607-2048x1451.jpg 2048w, http:\/\/www.lamamaumbria.org\/wp-content\/uploads\/2020\/11\/IMG_5607-150x106.jpg 150w\" sizes=\"(max-width: 208px) 100vw, 208px\" \/><\/p>\n<p><\/p>","protected":false},"excerpt":{"rendered":"<p>L\u2019obiettivo della residenza multidisciplinare a La MaMa Umbria International (Giugno 2019) \u00e8 indagare lo stupore e la meraviglia attraverso la commistione di linguaggi diversi. Partiamo dalla letteratura e giochiamo a mischiare elementi del teatro di figura (burattini, ombre, pupazzi portati, marionette\u2026) e a sperimentare diversi mondi sonori. Proviamo a raccontare\u2026<\/p>\n<p> <a class=\"continue-reading-link\" href=\"http:\/\/www.lamamaumbria.org\/?page_id=1826\"><span>Continue reading<\/span><i class=\"crycon-right-dir\"><\/i><\/a> <\/p>\n","protected":false},"author":3,"featured_media":0,"parent":1812,"menu_order":0,"comment_status":"closed","ping_status":"closed","template":"","meta":{"footnotes":""},"_links":{"self":[{"href":"http:\/\/www.lamamaumbria.org\/index.php?rest_route=\/wp\/v2\/pages\/1826"}],"collection":[{"href":"http:\/\/www.lamamaumbria.org\/index.php?rest_route=\/wp\/v2\/pages"}],"about":[{"href":"http:\/\/www.lamamaumbria.org\/index.php?rest_route=\/wp\/v2\/types\/page"}],"author":[{"embeddable":true,"href":"http:\/\/www.lamamaumbria.org\/index.php?rest_route=\/wp\/v2\/users\/3"}],"replies":[{"embeddable":true,"href":"http:\/\/www.lamamaumbria.org\/index.php?rest_route=%2Fwp%2Fv2%2Fcomments&post=1826"}],"version-history":[{"count":2,"href":"http:\/\/www.lamamaumbria.org\/index.php?rest_route=\/wp\/v2\/pages\/1826\/revisions"}],"predecessor-version":[{"id":1835,"href":"http:\/\/www.lamamaumbria.org\/index.php?rest_route=\/wp\/v2\/pages\/1826\/revisions\/1835"}],"up":[{"embeddable":true,"href":"http:\/\/www.lamamaumbria.org\/index.php?rest_route=\/wp\/v2\/pages\/1812"}],"wp:attachment":[{"href":"http:\/\/www.lamamaumbria.org\/index.php?rest_route=%2Fwp%2Fv2%2Fmedia&parent=1826"}],"curies":[{"name":"wp","href":"https:\/\/api.w.org\/{rel}","templated":true}]}}