{"id":1721,"date":"2017-07-14T15:00:59","date_gmt":"2017-07-14T13:00:59","guid":{"rendered":"http:\/\/www.lamamaumbria.org\/?page_id=1721"},"modified":"2017-07-14T15:03:08","modified_gmt":"2017-07-14T13:03:08","slug":"workshop-pedagogia-dellespressione-corso-avanzato","status":"publish","type":"page","link":"http:\/\/www.lamamaumbria.org\/?page_id=1721","title":{"rendered":"Workshop Pedagogia dell&#8217;Espressione &#8211; Corso Avanzato"},"content":{"rendered":"<p><a href=\"http:\/\/www.lamamaumbria.org\/wp-content\/uploads\/2017\/07\/avanzato.jpg\"><img loading=\"lazy\" decoding=\"async\" class=\"aligncenter size-medium wp-image-1718\" src=\"http:\/\/www.lamamaumbria.org\/wp-content\/uploads\/2017\/07\/avanzato-300x111.jpg\" alt=\"\" width=\"300\" height=\"111\" srcset=\"http:\/\/www.lamamaumbria.org\/wp-content\/uploads\/2017\/07\/avanzato-300x111.jpg 300w, http:\/\/www.lamamaumbria.org\/wp-content\/uploads\/2017\/07\/avanzato-768x284.jpg 768w, http:\/\/www.lamamaumbria.org\/wp-content\/uploads\/2017\/07\/avanzato-150x56.jpg 150w, http:\/\/www.lamamaumbria.org\/wp-content\/uploads\/2017\/07\/avanzato.jpg 800w\" sizes=\"(max-width: 300px) 100vw, 300px\" \/><\/a><\/p>\n<h2><strong>Workshop avanzato di Pedagogia dell&#8217;Espressione<\/strong><\/h2>\n<p>Condotto dal Prof. Gilberto Scaramuzzo (Direttore del Master in Pedagogia dell&#8217;Espressione &#8211; Universit\u00e0 Roma Tre) e da Jenny England (music co-ordinator for Argyll and Bute council in Scotland)<br \/>\n<strong>Dal 4 all&#8217;8 settembre 2017<\/strong>, con cena di benvenuto il 3 e partenza il 9 settembre<br \/>\na Spoleto, La MaMa Umbria International<\/p>\n<p>Il Workshop avanzato di Pedagogia dell&#8217;Espressione &#8220;Sogno di una notte di mezza estate: una esplorazione teatrale e musicale&#8221; \u00e8 rivolto a chi gi\u00e0 abbia svolto il corso base o \u00e8 diplomato al Master.<br \/>\nIl lavoro di ricerca che prende spunto dall\u2019Opera shakespeariana sar\u00e0 diviso in due percorsi di studio distinti, uno teatrale e uno musicale, che confluirann<span class=\"text_exposed_show\">o in una sperimentazione finale. La centralit\u00e0 del movimento corporeo costituir\u00e0 la radice comune di tutto il lavoro che sar\u00e0 proposto.<\/span><\/p>\n<p><strong>Percorso Teatrale<\/strong><br \/>\na cura di Gilberto Scaramuzzo<br \/>\nIl Metodo mimico di Orazio Costa costituir\u00e0 la via per esplorare e recitare alcune scene dell\u2019Opera di Shakespeare. Il lavoro mimesico sulle battute del testo richieder\u00e0 un impegno psico-fisico elevato. Tutti i partecipanti potranno sperimentarsi nell\u2019interpretazione di pi\u00f9 personaggi, sia maschili sia femminili. Il lavoro cercher\u00e0 convergenze con la parallela ricerca musicale.<br \/>\nAlcuni esiti del lavoro di ricerca del laboratorio confluiranno in una presentazione finale.<br \/>\nVieni al Laboratorio con un\u2019edizione del Sogno di una notte di mezza estate che presenti il testo sia in italiano sia in inglese. Saranno comunque fornite le fotocopie delle scene dell\u2019Opera che saranno oggetto di studio.<\/p>\n<p><strong>Percorso Musicale<\/strong><br \/>\na cura di Jenny England<br \/>\nSi esplorer\u00e0 la creazione di improvvisazioni musicali utilizzando come luoghi di ricerca il corpo, la natura e la relazione tra noi e l\u2019altro.<br \/>\nNon \u00e8 richiesta una competenza come musicisti. L\u2019intenzione \u00e8 creare un ambiente inclusivo dove tutti possano esprimersi e partecipare. Si lavorer\u00e0 in natura raccogliendo temi dal Sogno di una notte di mezza estate cercando momenti di convergenza con il percorso teatrale. Alcuni brani musicali, realizzati durante il lavoro di ricerca, potranno essere registrati e utilizzati in una presentazione finale.<br \/>\nSe hai uno strumento musicale portalo con te (anche se sono anni che non lo suoni). Saranno, comunque, a disposizione di tutti una grande variet\u00e0 di strumenti a percussione.<br \/>\nCosti<br \/>\n250,00 euro<br \/>\nPer chi partecipa sia al Corso di base sia al Laboratorio artistico:<br \/>\n450,00 euro<br \/>\nOrario di lavoro<br \/>\nSi prevede una media di 8\/10 ore di lavoro giornaliero dal luned\u00ec al venerd\u00ec (con possibilit\u00e0 di lavoro serale e notturno).<br \/>\nAl termine del percorso \u00e8 prevista una presentazione che potr\u00e0 essere aperta a un piccolo pubblico.<br \/>\nPer iscriversi, ricevere il modulo e le modalit\u00e0 di pagamento, mandare una mail con i propri dati a<br \/>\nlamamaumbria.mimesis@gmail<wbr \/>.com entro il 15 agosto 2017<\/p>\n<p>La MaMa Umbria International<br \/>\nLocalit\u00e0 Santa Maria Reggiana 7\/8<br \/>\n06049 Spoleto (PG) Tel. 393 9166042<br \/>\n<a href=\"https:\/\/l.facebook.com\/l.php?u=http%3A%2F%2Fwww.lamamaumbria.org%2F&amp;h=ATOm12VdMboLeMDRZZSTesoTBaXVZKszCWhERNd_oVERWvqQFwTHxGOxPDbpq24FJCCrjcjkaZt2BH4AkBp7mRKvANyP4dOYu_LRdfls1W_bS4tKhwB79rYfVx8NKGg7Oo1Se4noDomDi3g&amp;enc=AZN5bizSULXnTNNgVAk0BstouC1KjvBK6GPRRbHZ-DAYGFS91e5U-2N5n77GJXjTcpc&amp;s=1\" target=\"_blank\" rel=\"nofollow nofollow noopener\">www.lamamaumbria.org<\/a><\/p>\n<p>&nbsp;<\/p>\n<h2 style=\"text-align: center;\"><a href=\"http:\/\/www.lamamaumbria.org\/wp-content\/uploads\/2017\/07\/Modulo-Iscrizione-Workshop-pedagogia-espressione2017.pdf\" target=\"_blank\" rel=\"noopener\"><strong>MODULO ISCRIZIONE<\/strong><\/a><\/h2>\n<p><\/p>","protected":false},"excerpt":{"rendered":"<p>Workshop avanzato di Pedagogia dell&#8217;Espressione Condotto dal Prof. Gilberto Scaramuzzo (Direttore del Master in Pedagogia dell&#8217;Espressione &#8211; Universit\u00e0 Roma Tre) e da Jenny England (music co-ordinator for Argyll and Bute council in Scotland) Dal 4 all&#8217;8 settembre 2017, con cena di benvenuto il 3 e partenza il 9 settembre a\u2026<\/p>\n<p> <a class=\"continue-reading-link\" href=\"http:\/\/www.lamamaumbria.org\/?page_id=1721\"><span>Continue reading<\/span><i class=\"crycon-right-dir\"><\/i><\/a> <\/p>\n","protected":false},"author":1,"featured_media":0,"parent":0,"menu_order":0,"comment_status":"closed","ping_status":"closed","template":"","meta":{"footnotes":""},"_links":{"self":[{"href":"http:\/\/www.lamamaumbria.org\/index.php?rest_route=\/wp\/v2\/pages\/1721"}],"collection":[{"href":"http:\/\/www.lamamaumbria.org\/index.php?rest_route=\/wp\/v2\/pages"}],"about":[{"href":"http:\/\/www.lamamaumbria.org\/index.php?rest_route=\/wp\/v2\/types\/page"}],"author":[{"embeddable":true,"href":"http:\/\/www.lamamaumbria.org\/index.php?rest_route=\/wp\/v2\/users\/1"}],"replies":[{"embeddable":true,"href":"http:\/\/www.lamamaumbria.org\/index.php?rest_route=%2Fwp%2Fv2%2Fcomments&post=1721"}],"version-history":[{"count":4,"href":"http:\/\/www.lamamaumbria.org\/index.php?rest_route=\/wp\/v2\/pages\/1721\/revisions"}],"predecessor-version":[{"id":1726,"href":"http:\/\/www.lamamaumbria.org\/index.php?rest_route=\/wp\/v2\/pages\/1721\/revisions\/1726"}],"wp:attachment":[{"href":"http:\/\/www.lamamaumbria.org\/index.php?rest_route=%2Fwp%2Fv2%2Fmedia&parent=1721"}],"curies":[{"name":"wp","href":"https:\/\/api.w.org\/{rel}","templated":true}]}}