{"id":1719,"date":"2017-07-14T14:57:22","date_gmt":"2017-07-14T12:57:22","guid":{"rendered":"http:\/\/www.lamamaumbria.org\/?page_id=1719"},"modified":"2017-07-14T15:03:50","modified_gmt":"2017-07-14T13:03:50","slug":"workshop-pedagogia-dellespressione-corso-base","status":"publish","type":"page","link":"http:\/\/www.lamamaumbria.org\/?page_id=1719","title":{"rendered":"Workshop Pedagogia dell&#8217;Espressione &#8211; Corso Base"},"content":{"rendered":"<h1><a href=\"http:\/\/www.lamamaumbria.org\/wp-content\/uploads\/2017\/07\/base.jpg\"><img loading=\"lazy\" decoding=\"async\" class=\"size-medium wp-image-1717 aligncenter\" src=\"http:\/\/www.lamamaumbria.org\/wp-content\/uploads\/2017\/07\/base-300x111.jpg\" alt=\"\" width=\"300\" height=\"111\" srcset=\"http:\/\/www.lamamaumbria.org\/wp-content\/uploads\/2017\/07\/base-300x111.jpg 300w, http:\/\/www.lamamaumbria.org\/wp-content\/uploads\/2017\/07\/base-768x284.jpg 768w, http:\/\/www.lamamaumbria.org\/wp-content\/uploads\/2017\/07\/base-150x56.jpg 150w, http:\/\/www.lamamaumbria.org\/wp-content\/uploads\/2017\/07\/base.jpg 800w\" sizes=\"(max-width: 300px) 100vw, 300px\" \/><\/a><\/h1>\n<h2 style=\"text-align: center;\"><strong>WORKSHOP DI PEDAGOGIA DELL&#8217;ESPRESSIONE<\/strong><br \/>\n<strong>CORSO BASE<\/strong><\/h2>\n<p><strong>Dal 29 Agosto al 2 settembre 2017<\/strong>, con cena di benvenuto il 28 agosto e partenza il 3 settembre<br \/>\na Spoleto, La MaMa Umbria International<\/p>\n<p>Condotto dal <strong>Prof. Gilberto Scaramuzzo<\/strong> (Direttore del Master in Pedagogia dell&#8217;Espressione &#8211; Universit\u00e0 Roma Tre)<\/p>\n<p>Il Workshop base di Pedagogia dell&#8217;Espressione si rivolge a insegnanti, educatori, artisti della parola e del movimento e tutti coloro che sono interessati alla ricerca artistica alla pedagogia e a svolgere un&#8217;azione educativa ed artistica.<br \/>\nIntende fornire competenze che rispondono in maniera creativa alle emergenze educative che segnano la contemporaneit\u00e0; e a sviluppare il proprio potenziale espressivo al fine <span class=\"text_exposed_show\">di facilitare negli altri esseri umani la riscoperta del loro proprio potenziale espressivo, operando in contesti educativi, terapeutici, artistici, sportivi, rieducativi, sia formali sia non formali.<\/span><\/p>\n<p>La Pedagogia dell&#8217;Espressione \u00e8 frutto della ricerca del MimesisLab: il Laboratorio di Pedagogia dell&#8217;Espressione dell&#8217;Universit\u00e0 Roma Tre. Anni di sperimentazione e di applicazione sul campo hanno consentito a questa ricerca di essere riconosciuta a livello internazionale, suscitando interesse negli ambiti della didattica e dell&#8217;azione educativa intesa nella sua accezione pi\u00f9 vasta. La Pedagogia dell&#8217;Espressione si \u00e8 sviluppata sia in ambito teorico, sia artistico, sia applicativo dando risultati facilmente apprezzabili perch\u00e9 basata su dinamismi naturali riscoperti nelle loro profondit\u00e0 vitali.<\/p>\n<p>Artistico: teatro di relazione; teatro corporeo e di parola;<br \/>\nFilosofico-educativo: fonti della Pedagogia dell\u2019Espressione (mondo classico greco; riflessione antropologica, pedagogica e artistica contemporanea);<br \/>\nDidattico-applicativo: lettura; applicazione a tutte le materie del curricolo della Pedagogia dell\u2019espressione; sviluppo delle proprie capacit\u00e0 espressive, di comprensione dei dinamismi interiori dell\u2019altro e relazionali.<\/p>\n<p>Il lavoro di formazione prevede attivit\u00e0 fisica e vocale, e si rivolge ad artisti, insegnanti, educatori e formatori.<br \/>\nModalit\u00e0 di Iscrizione<br \/>\nSono previste due diverse modalit\u00e0 di partecipazione al workshop:<br \/>\nA) Formazione completa: mattina e pomeriggio (8 ore al giorno). Costo 250 euro<br \/>\nB) Formazione relativa ai settori filosofico-educativo e didattico-applicativo: solo pomeriggio (4 ore al giorno). Costo 150 Euro<br \/>\nSpecifiche per la formazione degli insegnanti.<br \/>\nIl seminario affronta in maniera teorico\/pratica, fornendo strumenti applicativi immediatamente utilizzabili, i seguenti temi:<br \/>\n&#8211; relativamente a tutti gli ordini e gradi:<br \/>\ncomprensione del sentimento dell\u2019altro; comunicazione con gli studenti, colleghi e genitori; intensificazione del piacere nello svolgimento dell\u2019attivit\u00e0 didattica; facilitazione dell\u2019apprendimento e della comprensione;<br \/>\n&#8211; relativamente ai diversi ordini:<br \/>\nScuola dell\u2019infanzia: lettura espressiva del docente, comprensione dei dinamismi espressivi profondi da sostenere e da valorizzare nel bambino dai 3 ai 5 anni;<br \/>\nScuola primaria: insegnamento iniziale della lettura; capacit\u00e0 di letto-scrittura; applicazione a tutte le materie del curricolo della Pedagogia dell\u2019Espressione;<br \/>\nScuola secondaria inferiore e superiore: espressione del docente finalizzata a facilitare l\u2019espressione e la comprensione nello studente; utilizzazione della corporeit\u00e0 per lo svolgimento della didattica; dinamiche di cooperazione e di attenzione all\u2019altro.<br \/>\nSar\u00e0 possibile, per chi sia interessato, partecipare anche al corso avanzato al termine di questo workshop base.<\/p>\n<p>Per iscriversi, ricevere il modulo e le modalit\u00e0 di pagamento, mandare una mail con i propri dati a<br \/>\nlamamaumbria.mimesis@gmail.com entro il 15 agosto 2017.<br \/>\nLa MaMa Umbria International<br \/>\nLocalit\u00e0 Santa Maria Reggiana 7\/8<br \/>\n06049 Spoleto (PG) Tel. 393 9166042<br \/>\nwww.lamamaumbria.org<\/p>\n<p>&nbsp;<\/p>\n<h2 style=\"text-align: center;\"><a href=\"http:\/\/www.lamamaumbria.org\/wp-content\/uploads\/2017\/07\/Modulo-Iscrizione-Workshop-pedagogia-espressione2017.pdf\" target=\"_blank\" rel=\"noopener\"><strong>MODULO ISCRIZIONE<\/strong><\/a><\/h2>\n<p><\/p>","protected":false},"excerpt":{"rendered":"<p>WORKSHOP DI PEDAGOGIA DELL&#8217;ESPRESSIONE CORSO BASE Dal 29 Agosto al 2 settembre 2017, con cena di benvenuto il 28 agosto e partenza il 3 settembre a Spoleto, La MaMa Umbria International Condotto dal Prof. Gilberto Scaramuzzo (Direttore del Master in Pedagogia dell&#8217;Espressione &#8211; Universit\u00e0 Roma Tre) Il Workshop base di\u2026<\/p>\n<p> <a class=\"continue-reading-link\" href=\"http:\/\/www.lamamaumbria.org\/?page_id=1719\"><span>Continue reading<\/span><i class=\"crycon-right-dir\"><\/i><\/a> <\/p>\n","protected":false},"author":1,"featured_media":0,"parent":0,"menu_order":0,"comment_status":"closed","ping_status":"closed","template":"","meta":{"footnotes":""},"_links":{"self":[{"href":"http:\/\/www.lamamaumbria.org\/index.php?rest_route=\/wp\/v2\/pages\/1719"}],"collection":[{"href":"http:\/\/www.lamamaumbria.org\/index.php?rest_route=\/wp\/v2\/pages"}],"about":[{"href":"http:\/\/www.lamamaumbria.org\/index.php?rest_route=\/wp\/v2\/types\/page"}],"author":[{"embeddable":true,"href":"http:\/\/www.lamamaumbria.org\/index.php?rest_route=\/wp\/v2\/users\/1"}],"replies":[{"embeddable":true,"href":"http:\/\/www.lamamaumbria.org\/index.php?rest_route=%2Fwp%2Fv2%2Fcomments&post=1719"}],"version-history":[{"count":2,"href":"http:\/\/www.lamamaumbria.org\/index.php?rest_route=\/wp\/v2\/pages\/1719\/revisions"}],"predecessor-version":[{"id":1727,"href":"http:\/\/www.lamamaumbria.org\/index.php?rest_route=\/wp\/v2\/pages\/1719\/revisions\/1727"}],"wp:attachment":[{"href":"http:\/\/www.lamamaumbria.org\/index.php?rest_route=%2Fwp%2Fv2%2Fmedia&parent=1719"}],"curies":[{"name":"wp","href":"https:\/\/api.w.org\/{rel}","templated":true}]}}