{"id":1667,"date":"2016-12-16T12:59:50","date_gmt":"2016-12-16T11:59:50","guid":{"rendered":"http:\/\/www.lamamaumbria.org\/?page_id=1667"},"modified":"2016-12-16T13:18:19","modified_gmt":"2016-12-16T12:18:19","slug":"next-generation-2017","status":"publish","type":"page","link":"http:\/\/www.lamamaumbria.org\/?page_id=1667","title":{"rendered":"NEXT GENERATION 2017 (IT)"},"content":{"rendered":"<h1 class=\"entry-title\">Umbria 2017: NEXT GENERATION ITA<\/h1>\n<div class=\"entry-content\">\n<h3><a href=\"http:\/\/www.lamamaumbria.org\/wp-content\/uploads\/2016\/12\/IMG_8578.jpg\"><img loading=\"lazy\" decoding=\"async\" class=\"alignleft wp-image-1668\" src=\"http:\/\/www.lamamaumbria.org\/wp-content\/uploads\/2016\/12\/IMG_8578-300x225.jpg\" alt=\"\" width=\"285\" height=\"214\" srcset=\"http:\/\/www.lamamaumbria.org\/wp-content\/uploads\/2016\/12\/IMG_8578-300x225.jpg 300w, http:\/\/www.lamamaumbria.org\/wp-content\/uploads\/2016\/12\/IMG_8578-150x113.jpg 150w, http:\/\/www.lamamaumbria.org\/wp-content\/uploads\/2016\/12\/IMG_8578.jpg 640w\" sizes=\"(max-width: 285px) 100vw, 285px\" \/><\/a><strong>Incubatore per lo sviluppo di nuove idee di spettacolo<br \/>\n<\/strong><strong>dal 12 al 22\u00a0\u00a0giugno 2017<br \/>\n<\/strong><strong><br \/>\nUna residenza intensiva per giovani creatori di danza e teatro Under 35, concepita per dare sostegno a progetti che sono ancora nella loro fase iniziale di concepimento e sviluppo.<\/strong><\/h3>\n<p>Next Generation \u00e8 un programma speciale a cui possono partecipare individui, compagnie e gruppi informali, durante il quale gli artisti avranno l\u2019opportunit\u00e0 di iniziare a sperimentare idee per nuove performance (teatro, danza, interdisciplinare, ecc.). Gli artisti potranno lavorare ai loro progetti individualmente o in gruppo, immersi nell\u2019ambiente naturale de La MaMa Umbria. Un gruppo internazionale di artisti e produttori de La MaMa saranno invitati a seguire il ritiro in qualit\u00e0 di mentori. Questi offriranno una serie di workshop e attivit\u00e0 quotidiane, per stimolare il processo creativo ed incoraggiare lo scambio e il dialogo artistico tra i vari partecipanti. Periodicamente i partecipanti potranno inoltre condividere il loro percorso con gli altri partecipanti e ricevere feedback, commenti e suggerimenti. Alla conclusione del periodo di residenza, gli artisti potranno mostrare il loro lavoro in progress ad un pubblico di invitati, tra cui molti artisti ed operatori del campo della danza e del teatro.<\/p>\n<p>Questa iniziativa vuole proporsi come incubatore per nuovi progetti di spettacolo ad uno stadio embrionale e non verranno accettati progetti che sono gi\u00e0 in una fase avanzata di sviluppo, per il quale \u00e8 richiesta una residenza pi\u00f9 mirata alla produzione. Lo scopo \u00e8 quello di scoprire nuovi talenti e di nutrire l\u2019emergere di nuove promettenti idee performative. Alcuni degli artisti che parteciperanno al programma NEXT GENERATION potranno essere invitati per successivi periodi di residenza a La MaMa Umbria, al fine di approfondire e sviluppare ulteriormente il loro progetto artistico.<\/p>\n<p><strong>MODALITA\u2019 DI ISCRIZIONE\u00a0<\/strong><br \/>\nIl programma \u00e8 aperto ad un massimo di 15 persone. Sar\u00e0 dunque svolta una selezione tra le\u00a0<strong>domande pervenute entro il 15\u00a0marzo 2017.<br \/>\n<\/strong>I candidati dovranno presentare la domanda di partecipazione, allegando le seguenti informazioni:<br \/>\n\u2013 curriculum ed eventuale ruolo dei partecipanti (in caso di gruppi);<br \/>\n\u2013 lettera motivazionale che permetta di far capire come questa residenza possa contribuire allo sviluppo artistico del progetto;<br \/>\n\u2013 descrizione dell\u2019idea progettuale che si vuole esplorare durante la residenza;<br \/>\n\u2013 esempi di precedenti lavori (inviare esclusivamente materiale in forma elettronica: video, foto, immagini, articoli, ecc);<br \/>\n\u2013 eventuali richieste o necessit\u00e0 tecniche.<\/p>\n<p>Dopo aver ricevuto le domande, il comitato di selezione potrebbe richiedere ai candidati di prendere parte ad un colloquio conoscitivo di valutazione, che potrebbe svolgersi tramite skype. Tra le proposte pervenute, solamente quelle considerate pi\u00f9 appropriate per gli obiettivi della residenza saranno invitati a perdente parte al programma.<\/p>\n<p><strong><a href=\"https:\/\/docs.google.com\/forms\/d\/1R817v6S7u-qiNjg3_UEcfNLiNL1BSf0ahrAuiDhKyIA\/viewform\" target=\"_blank\">CLICK HERE for APPLICATION FORM<\/a><\/strong><\/p>\n<\/div>\n<p><\/p>","protected":false},"excerpt":{"rendered":"<p>Umbria 2017: NEXT GENERATION ITA Incubatore per lo sviluppo di nuove idee di spettacolo dal 12 al 22\u00a0\u00a0giugno 2017 Una residenza intensiva per giovani creatori di danza e teatro Under 35, concepita per dare sostegno a progetti che sono ancora nella loro fase iniziale di concepimento e sviluppo. Next Generation\u2026<\/p>\n<p> <a class=\"continue-reading-link\" href=\"http:\/\/www.lamamaumbria.org\/?page_id=1667\"><span>Continue reading<\/span><i class=\"crycon-right-dir\"><\/i><\/a> <\/p>\n","protected":false},"author":1,"featured_media":1668,"parent":22,"menu_order":0,"comment_status":"closed","ping_status":"closed","template":"","meta":{"footnotes":""},"_links":{"self":[{"href":"http:\/\/www.lamamaumbria.org\/index.php?rest_route=\/wp\/v2\/pages\/1667"}],"collection":[{"href":"http:\/\/www.lamamaumbria.org\/index.php?rest_route=\/wp\/v2\/pages"}],"about":[{"href":"http:\/\/www.lamamaumbria.org\/index.php?rest_route=\/wp\/v2\/types\/page"}],"author":[{"embeddable":true,"href":"http:\/\/www.lamamaumbria.org\/index.php?rest_route=\/wp\/v2\/users\/1"}],"replies":[{"embeddable":true,"href":"http:\/\/www.lamamaumbria.org\/index.php?rest_route=%2Fwp%2Fv2%2Fcomments&post=1667"}],"version-history":[{"count":2,"href":"http:\/\/www.lamamaumbria.org\/index.php?rest_route=\/wp\/v2\/pages\/1667\/revisions"}],"predecessor-version":[{"id":1670,"href":"http:\/\/www.lamamaumbria.org\/index.php?rest_route=\/wp\/v2\/pages\/1667\/revisions\/1670"}],"up":[{"embeddable":true,"href":"http:\/\/www.lamamaumbria.org\/index.php?rest_route=\/wp\/v2\/pages\/22"}],"wp:featuredmedia":[{"embeddable":true,"href":"http:\/\/www.lamamaumbria.org\/index.php?rest_route=\/wp\/v2\/media\/1668"}],"wp:attachment":[{"href":"http:\/\/www.lamamaumbria.org\/index.php?rest_route=%2Fwp%2Fv2%2Fmedia&parent=1667"}],"curies":[{"name":"wp","href":"https:\/\/api.w.org\/{rel}","templated":true}]}}