{"id":1663,"date":"2016-12-12T17:48:50","date_gmt":"2016-12-12T16:48:50","guid":{"rendered":"http:\/\/www.lamamaumbria.org\/?page_id=1663"},"modified":"2016-12-12T17:49:01","modified_gmt":"2016-12-12T16:49:01","slug":"strange-games","status":"publish","type":"page","link":"http:\/\/www.lamamaumbria.org\/?page_id=1663","title":{"rendered":"Strange Games"},"content":{"rendered":"<h1><span style=\"color: #9e0505;\"><a href=\"http:\/\/www.lamamaumbria.org\/wp-content\/uploads\/2015\/11\/locandina-strange-gameA4_low.jpg\"><img loading=\"lazy\" decoding=\"async\" class=\"alignleft size-medium wp-image-1467\" src=\"http:\/\/www.lamamaumbria.org\/wp-content\/uploads\/2015\/11\/locandina-strange-gameA4_low-214x300.jpg\" alt=\"\" width=\"214\" height=\"300\" srcset=\"http:\/\/www.lamamaumbria.org\/wp-content\/uploads\/2015\/11\/locandina-strange-gameA4_low-214x300.jpg 214w, http:\/\/www.lamamaumbria.org\/wp-content\/uploads\/2015\/11\/locandina-strange-gameA4_low-731x1024.jpg 731w, http:\/\/www.lamamaumbria.org\/wp-content\/uploads\/2015\/11\/locandina-strange-gameA4_low-107x150.jpg 107w, http:\/\/www.lamamaumbria.org\/wp-content\/uploads\/2015\/11\/locandina-strange-gameA4_low.jpg 992w\" sizes=\"(max-width: 214px) 100vw, 214px\" \/><\/a><strong>STRANGE GAMES<\/strong><\/span><\/h1>\n<p><b>Compagnia Teatrale \u201cOlshansky\u00a0Art De La Joi\u0435&#8221;<\/b><\/p>\n<p><b><i>Residenza Progetto di residenza Artistica\u00a0 Interregionale a La MaMa Umbria International<\/i><\/b><\/p>\n<p style=\"text-align: left;\">La compagnia dei fratelli <b>Vladimir e Yuri Olshansky<\/b>, attori-clown di origine russa dalla straordinaria carriera internazionale, negli ultimi si divide tra la Francia e l\u2019Italia. Il loro rapporto con il teatro La MaMa inizia negli anni 80 a New York. Dal 14 al 22 dicembre questo gruppo svolger\u00e0 presso La MaMa Umbria International una residenza mirata al completamento della nuova edizione dello spettacolo <i>Strange Games<\/i>. Questo periodo di lavoro fa seguito ad una precede fase di residenza presso il <b>Nostos Teatro di Aversa<\/b> (CE) e una presso il <b>Teatro ELF<\/b> di Milano. Oltre ai due fratelli Olshansky, collaboreranno alla residenza altri artisti Italiani e stranieri: l\u2019attore italiano <b>Carlo Decio<\/b>, lo scenografo e costumista russo\u00a0<b>Boris Petrushansky<\/b>, l\u2019artista digitale danese <b>Johan Melin<\/b> che si occuper\u00e0 degli effetti speciali e degli ologrammi, il disegnatore luci italiano <b>Ignazio Abbatepaolo<\/b> e il disegnatore del suono italiano <b>Mauro Diciocia<\/b>. A Spoleto lo spettacolo raggiunger\u00e0 la fase culminate della produzione e sar\u00e0 presentato al pubblico, presso il Cantiere Oberdan,<\/p>\n<p>Lo spettacolo sar\u00e0 il 18 e 19 dicembre alle ore 21.00 e il 20 dicembre alle ore 17.00<br \/>\nAl Cantiere Oberdan<\/p>\n<p><b>STRANGE GAMES<br \/>\n<\/b>di\u00a0Vladimir Olshansky<br \/>\nCreazione e Regia di Vladimir Olshansky<\/p>\n<p>in collaborazione con<br \/>\nYury Gertzman, Vladislav Druzhinin, Yury Olshansky<br \/>\nAttori : Vladimir Olshansky,\u00a0Carlo Decio e Yury Olshansky,<br \/>\nScenografie di Simon Pastukh (Usa)<br \/>\nScenografie e Costumi di Boris Petrushansky (Russia, Francia)<br \/>\nEffetti speciali ed Olografie di Johan Melin (Svezia)<br \/>\nDisegno Luci: Ignazio Abbatepaolo e Paolo Baroni<br \/>\nMarionette : \u201cCigno&#8221; &#8211; Natalya Lazareva\u00a0(Russia),\u00a0 &#8220;Ragno&#8221; e &#8220;Giraffa&#8221; &#8211; Paolo Baroni (Italia)<\/p>\n<p><b>Breve descrizione<br \/>\n<\/b>Strange Games \u00e8 una commedia metafisica,\u00a0che nasce dalla combinazione di molte arti teatrali e performative.<br \/>\nGrazie alla bellezza delle sue immagini non ha bisogno di parole, si esprime attraverso il\u00a0linguaggio della poesia e del sogno.<br \/>\nGli strumenti utlizzati miscelano il teatro d&#8217;attore ed il teatro visuale ossia il mimo, il gesto, le marionette, la danza, la musica, i suoni ed alcuni elementi multimediali.\u00a0Il fine e&#8217; quello di raccontare storie che compongono una parte dell&#8217;immenso mosaico della vita. \u00a0Ogni storia e&#8217; raccontata da un personaggio che mette in luce diversi spaccati dell&#8217; esistenza umana, anche se apparentemente surreali e divertenti, le situazioni rappresentate sono dotate di grande spessore umano e filosofico.<br \/>\nL&#8217;attore che lo interpreta rimane sempre al centro della commedia umana.<br \/>\nLo show comprende momenti di\u00a0brillante improvvisazione con il coinvolgimento del pubblico da parte\u00a0degli\u00a0attori che\u00a0trasformano lo spettacolo in un\u2019affascinante esperienza\u00a0interattiva.<br \/>\nLa dimensione\u00a0dell\u2019assurdo,\u00a0insieme alle problematiche\u00a0esistenziali, prende forma davanti ai nostri occhi offrendoci\u00a0trovate e\u00a0sorprese\u00a0magistralmente descritte e vissute attraverso l\u2019umorismo e l\u2019intelligenza.<br \/>\nStrange Games deriva da grandi tradizioni come\u00a0Buster Keaton, Grock , Charlie Chaplin, Marcel Marceau e molti altri.<br \/>\nLa produzione \u00e8 una visione del teatro contemporaneo di Vladimir Olshansky.<\/p>\n<p>Vladimir Olshansky e&#8217; regista ed attore laureatosi all\u2019Accademia del Circo di Mosca.<br \/>\nHa portato i suoi spettacoli in tutto il mondo ed e&#8217; stato <i>guest artist nello spettacolo &#8220;Alegria&#8221; \u00a0<\/i>prodotto dal Cirque du Soleil nonche&#8217; protagonista in &#8220;<i>Slava Snow Show&#8221; \u00a0<\/i>di SlavaPolunin<\/p>\n<p><b><\/b><b>Olshansky\u00a0\u201cArt De La Joi\u0435\u201d\u00a0 Compagnie Th\u00e9\u00e2trale<br \/>\n<\/b>La compagnia teatrale \u201cOlshansky\u00a0Art De La Joi\u0435&#8221;,\u00a0\u00a0Compagnie Th\u00e9\u00e2trale , \u00e8 nata nel 2014 a Parigi in occasione della creazione della nuova edizione dello spettacolo &#8220;Strange Games&#8221; che \u00e8 stato anche il nome della prima\u00a0compagnia teatrale fondata dai fratelli Vladimir e Yury\u00a0Olshansky \u00a0nel 2006 in Italia. Art De La Joi\u0435 opera in Francia e Italia e disponibile per tour.<br \/>\n<b>\u201cAbbiamo lo scopo di sviluppare un teatro che celebri l\u2019amore, la gioia, la vita, soprattutto oggi\u201d<\/b><\/p>\n<p><a href=\"http:\/\/www.lamamaumbria.org\/wp-content\/uploads\/2015\/11\/Vladimir-Olshanky-1246a.jpg\"><img loading=\"lazy\" decoding=\"async\" class=\"alignleft size-medium wp-image-1452\" src=\"http:\/\/www.lamamaumbria.org\/wp-content\/uploads\/2015\/11\/Vladimir-Olshanky-1246a-300x209.jpg\" alt=\"\" width=\"300\" height=\"209\" srcset=\"http:\/\/www.lamamaumbria.org\/wp-content\/uploads\/2015\/11\/Vladimir-Olshanky-1246a-300x209.jpg 300w, http:\/\/www.lamamaumbria.org\/wp-content\/uploads\/2015\/11\/Vladimir-Olshanky-1246a-1024x712.jpg 1024w, http:\/\/www.lamamaumbria.org\/wp-content\/uploads\/2015\/11\/Vladimir-Olshanky-1246a-150x104.jpg 150w\" sizes=\"(max-width: 300px) 100vw, 300px\" \/><\/a><a href=\"http:\/\/www.lamamaumbria.org\/wp-content\/uploads\/2015\/11\/Carlo-Decio-Vladimir-Olshansky-Yury-Olshansky.jpg\"><img loading=\"lazy\" decoding=\"async\" class=\"alignleft size-medium wp-image-1451\" src=\"http:\/\/www.lamamaumbria.org\/wp-content\/uploads\/2015\/11\/Carlo-Decio-Vladimir-Olshansky-Yury-Olshansky-300x300.jpg\" alt=\"\" width=\"300\" height=\"300\" srcset=\"http:\/\/www.lamamaumbria.org\/wp-content\/uploads\/2015\/11\/Carlo-Decio-Vladimir-Olshansky-Yury-Olshansky-300x300.jpg 300w, http:\/\/www.lamamaumbria.org\/wp-content\/uploads\/2015\/11\/Carlo-Decio-Vladimir-Olshansky-Yury-Olshansky-150x150.jpg 150w, http:\/\/www.lamamaumbria.org\/wp-content\/uploads\/2015\/11\/Carlo-Decio-Vladimir-Olshansky-Yury-Olshansky-1024x1024.jpg 1024w, http:\/\/www.lamamaumbria.org\/wp-content\/uploads\/2015\/11\/Carlo-Decio-Vladimir-Olshansky-Yury-Olshansky-255x255.jpg 255w, http:\/\/www.lamamaumbria.org\/wp-content\/uploads\/2015\/11\/Carlo-Decio-Vladimir-Olshansky-Yury-Olshansky.jpg 1329w\" sizes=\"(max-width: 300px) 100vw, 300px\" \/><\/a><\/p>\n<p><\/p>","protected":false},"excerpt":{"rendered":"<p>STRANGE GAMES Compagnia Teatrale \u201cOlshansky\u00a0Art De La Joi\u0435&#8221; Residenza Progetto di residenza Artistica\u00a0 Interregionale a La MaMa Umbria International La compagnia dei fratelli Vladimir e Yuri Olshansky, attori-clown di origine russa dalla straordinaria carriera internazionale, negli ultimi si divide tra la Francia e l\u2019Italia. Il loro rapporto con il teatro\u2026<\/p>\n<p> <a class=\"continue-reading-link\" href=\"http:\/\/www.lamamaumbria.org\/?page_id=1663\"><span>Continue reading<\/span><i class=\"crycon-right-dir\"><\/i><\/a> <\/p>\n","protected":false},"author":1,"featured_media":0,"parent":1535,"menu_order":0,"comment_status":"closed","ping_status":"closed","template":"","meta":{"footnotes":""},"_links":{"self":[{"href":"http:\/\/www.lamamaumbria.org\/index.php?rest_route=\/wp\/v2\/pages\/1663"}],"collection":[{"href":"http:\/\/www.lamamaumbria.org\/index.php?rest_route=\/wp\/v2\/pages"}],"about":[{"href":"http:\/\/www.lamamaumbria.org\/index.php?rest_route=\/wp\/v2\/types\/page"}],"author":[{"embeddable":true,"href":"http:\/\/www.lamamaumbria.org\/index.php?rest_route=\/wp\/v2\/users\/1"}],"replies":[{"embeddable":true,"href":"http:\/\/www.lamamaumbria.org\/index.php?rest_route=%2Fwp%2Fv2%2Fcomments&post=1663"}],"version-history":[{"count":2,"href":"http:\/\/www.lamamaumbria.org\/index.php?rest_route=\/wp\/v2\/pages\/1663\/revisions"}],"predecessor-version":[{"id":1665,"href":"http:\/\/www.lamamaumbria.org\/index.php?rest_route=\/wp\/v2\/pages\/1663\/revisions\/1665"}],"up":[{"embeddable":true,"href":"http:\/\/www.lamamaumbria.org\/index.php?rest_route=\/wp\/v2\/pages\/1535"}],"wp:attachment":[{"href":"http:\/\/www.lamamaumbria.org\/index.php?rest_route=%2Fwp%2Fv2%2Fmedia&parent=1663"}],"curies":[{"name":"wp","href":"https:\/\/api.w.org\/{rel}","templated":true}]}}