{"id":1578,"date":"2016-03-15T18:12:18","date_gmt":"2016-03-15T17:12:18","guid":{"rendered":"http:\/\/www.lamamaumbria.org\/?page_id=1578"},"modified":"2016-03-15T18:18:27","modified_gmt":"2016-03-15T17:18:27","slug":"english-umbria-2016-next-generation-ita","status":"publish","type":"page","link":"http:\/\/www.lamamaumbria.org\/?page_id=1578","title":{"rendered":"Umbria 2016: NEXT GENERATION ITA"},"content":{"rendered":"<h3 style=\"text-align: center;\"><strong>Umbria 2016: NEXT GENERATION,<\/strong><strong><a href=\"http:\/\/www.lamamaumbria.org\/wp-content\/uploads\/2016\/03\/la-mama-umbria-photo-copy.jpg\" rel=\"attachment wp-att-1547\"><img loading=\"lazy\" decoding=\"async\" class=\"alignleft wp-image-1547\" src=\"http:\/\/www.lamamaumbria.org\/wp-content\/uploads\/2016\/03\/la-mama-umbria-photo-copy-300x90.jpg\" alt=\"la-mama-umbria-photo-copy\" width=\"297\" height=\"89\" srcset=\"http:\/\/www.lamamaumbria.org\/wp-content\/uploads\/2016\/03\/la-mama-umbria-photo-copy-300x90.jpg 300w, http:\/\/www.lamamaumbria.org\/wp-content\/uploads\/2016\/03\/la-mama-umbria-photo-copy-768x231.jpg 768w, http:\/\/www.lamamaumbria.org\/wp-content\/uploads\/2016\/03\/la-mama-umbria-photo-copy-1024x308.jpg 1024w, http:\/\/www.lamamaumbria.org\/wp-content\/uploads\/2016\/03\/la-mama-umbria-photo-copy-150x45.jpg 150w, http:\/\/www.lamamaumbria.org\/wp-content\/uploads\/2016\/03\/la-mama-umbria-photo-copy.jpg 1920w\" sizes=\"(max-width: 297px) 100vw, 297px\" \/><\/a><\/strong><br \/>\n<strong>Incubatore per lo sviluppo di nuove idee di spettacolo<br \/>\n<\/strong><strong><br \/>\ndal 25 agosto al 4 Settembre, 2016<br \/>\n<\/strong><strong><br \/>\nUna residenza intensiva per giovani creatori di danza e teatro Under 35, concepita per dare sostegno a progetti che sono ancora nella loro fase iniziale di concepimento e sviluppo.<\/strong><\/h3>\n<p>Next Generation \u00e8 un programma speciale a cui possono partecipare individui, compagnie e gruppi informali, durante il quale gli artisti avranno l&#8217;opportunit\u00e0 di iniziare a sperimentare idee per nuove performance (teatro, danza, interdisciplinare, ecc.). Gli artisti potranno lavorare ai loro progetti individualmente o in gruppo, immersi nell&#8217;ambiente naturale de La MaMa Umbria. Un gruppo internazionale di artisti e produttori de La MaMa saranno invitati a seguire il ritiro in qualit\u00e0 di mentori. Questi offriranno una serie di workshop e attivit\u00e0 quotidiane, per stimolare il processo creativo ed incoraggiare lo scambio e il dialogo artistico tra i vari partecipanti. Periodicamente i partecipanti potranno inoltre condividere il loro percorso con gli altri partecipanti e ricevere feedback, commenti e suggerimenti. Alla conclusione del periodo di residenza, gli artisti potranno mostrare il loro lavoro in progress ad un pubblico di invitati, tra cui molti artisti ed operatori del campo della danza e del teatro.<\/p>\n<p>Questa iniziativa vuole proporsi come incubatore per nuovi progetti di spettacolo ad uno stadio embrionale e non verranno accettati progetti che sono gi\u00e0 in una fase avanzata di sviluppo, per il quale \u00e8 richiesta una residenza pi\u00f9 mirata alla produzione. Lo scopo \u00e8 quello di scoprire nuovi talenti e di nutrire l&#8217;emergere di nuove promettenti idee performative. Alcuni degli artisti che parteciperanno al programma NEXT GENERATION potranno essere invitati per successivi periodi di residenza a La MaMa Umbria, al fine di approfondire e sviluppare ulteriormente il loro progetto artistico.<\/p>\n<p><strong>INFORMAZIONI PRATICHE<\/strong><br \/>\nLa partecipazione al programma \u00e8 gratuita. I partecipanti dovranno per\u00f2 coprire le proprie spese per quello che riguarda i viaggi e trasferimenti, l&#8217;alloggio e il vitto durante il periodo di residenza. Qualora necessario sar\u00e0 possibile usufruire del servizio di ospitalit\u00e0 de La MaMa Umbria. Il contributo per vitto e alloggio previsto sar\u00e0 di 40 euro giornaliere.<br \/>\nI partecipanti avranno accesso agli spazi e attrezzature a disposizione nel centro del La MaMa Umbria e potranno interagire con gli artisti de La MaMa per necessit\u00e0 e richieste particolari.<br \/>\nIl programma sar\u00e0 condotto principalmente in lingua inglese.<\/p>\n<p><strong>MODALITA&#8217; DI ISCRIZIONE <\/strong><br \/>\nIl programma \u00e8 aperto ad un massimo di 15 persone. Sar\u00e0 dunque svolta una selezione tra le <strong>domande pervenute entro il 6 giugno 2016.<br \/>\n<\/strong>I candidati dovranno presentare la domanda di partecipazione, allegando le seguenti informazioni:<br \/>\n&#8211; curriculum ed eventuale ruolo dei partecipanti (in caso di gruppi);<br \/>\n&#8211; lettera motivazionale che permetta di far capire come questa residenza possa contribuire allo sviluppo artistico del progetto;<br \/>\n&#8211; descrizione dell&#8217;idea progettuale che si vuole esplorare durante la residenza;<br \/>\n&#8211; esempi di precedenti lavori (inviare esclusivamente materiale in forma elettronica: video, foto, immagini, articoli, ecc);<br \/>\n&#8211; eventuali richieste o necessit\u00e0 tecniche.<\/p>\n<p>Dopo aver ricevuto le domande, il comitato di selezione potrebbe richiedere ai candidati di prendere parte ad un colloquio conoscitivo di valutazione, che potrebbe svolgersi tramite skype. Tra le proposte pervenute, solamente quelle considerate pi\u00f9 appropriate per gli obiettivi della residenza saranno invitati a perdente parte al programma.<\/p>\n<p style=\"text-align: center;\"><strong><a href=\"https:\/\/docs.google.com\/forms\/d\/1R817v6S7u-qiNjg3_UEcfNLiNL1BSf0ahrAuiDhKyIA\/viewform\" target=\"_blank\">CLICK HERE for APPLICATION FORM<\/a><\/strong><\/p>\n<p><\/p>","protected":false},"excerpt":{"rendered":"<p>Umbria 2016: NEXT GENERATION, Incubatore per lo sviluppo di nuove idee di spettacolo dal 25 agosto al 4 Settembre, 2016 Una residenza intensiva per giovani creatori di danza e teatro Under 35, concepita per dare sostegno a progetti che sono ancora nella loro fase iniziale di concepimento e sviluppo. Next\u2026<\/p>\n<p> <a class=\"continue-reading-link\" href=\"http:\/\/www.lamamaumbria.org\/?page_id=1578\"><span>Continue reading<\/span><i class=\"crycon-right-dir\"><\/i><\/a> <\/p>\n","protected":false},"author":1,"featured_media":0,"parent":1561,"menu_order":0,"comment_status":"closed","ping_status":"closed","template":"","meta":{"footnotes":""},"_links":{"self":[{"href":"http:\/\/www.lamamaumbria.org\/index.php?rest_route=\/wp\/v2\/pages\/1578"}],"collection":[{"href":"http:\/\/www.lamamaumbria.org\/index.php?rest_route=\/wp\/v2\/pages"}],"about":[{"href":"http:\/\/www.lamamaumbria.org\/index.php?rest_route=\/wp\/v2\/types\/page"}],"author":[{"embeddable":true,"href":"http:\/\/www.lamamaumbria.org\/index.php?rest_route=\/wp\/v2\/users\/1"}],"replies":[{"embeddable":true,"href":"http:\/\/www.lamamaumbria.org\/index.php?rest_route=%2Fwp%2Fv2%2Fcomments&post=1578"}],"version-history":[{"count":2,"href":"http:\/\/www.lamamaumbria.org\/index.php?rest_route=\/wp\/v2\/pages\/1578\/revisions"}],"predecessor-version":[{"id":1583,"href":"http:\/\/www.lamamaumbria.org\/index.php?rest_route=\/wp\/v2\/pages\/1578\/revisions\/1583"}],"up":[{"embeddable":true,"href":"http:\/\/www.lamamaumbria.org\/index.php?rest_route=\/wp\/v2\/pages\/1561"}],"wp:attachment":[{"href":"http:\/\/www.lamamaumbria.org\/index.php?rest_route=%2Fwp%2Fv2%2Fmedia&parent=1578"}],"curies":[{"name":"wp","href":"https:\/\/api.w.org\/{rel}","templated":true}]}}