{"id":1537,"date":"2016-03-07T11:15:12","date_gmt":"2016-03-07T10:15:12","guid":{"rendered":"http:\/\/www.lamamaumbria.org\/?page_id=1537"},"modified":"2016-03-15T17:59:57","modified_gmt":"2016-03-15T16:59:57","slug":"lanatra-la-morte-e-il-tulipano","status":"publish","type":"page","link":"http:\/\/www.lamamaumbria.org\/?page_id=1537","title":{"rendered":"L\u2019ANATRA, LA MORTE E Il TULIPANO"},"content":{"rendered":"<p><b>Progetto di residenza artistica a La MaMa Umbria International 2015\/2016<br \/>\n<\/b><b>La Capra Ballerina Puppet Theatre &#8211; Marzo 2016<\/b><\/p>\n<p><span style=\"color: #ab0a0a;\"><b><span style=\"color: #ab0a0a;\">L\u2019ANATRA,<\/span> <span style=\"color: #ab0a0a;\">LA MORTE E Il TULIPANO<\/span><\/b><\/span><\/p>\n<p><span style=\"color: #000000;\"><a href=\"http:\/\/www.lamamaumbria.org\/wp-content\/uploads\/2016\/03\/anatra.jpg\" rel=\"attachment wp-att-1538\"><img loading=\"lazy\" decoding=\"async\" class=\"alignleft wp-image-1538\" src=\"http:\/\/www.lamamaumbria.org\/wp-content\/uploads\/2016\/03\/anatra.jpg\" alt=\"anatra\" width=\"101\" height=\"129\" srcset=\"http:\/\/www.lamamaumbria.org\/wp-content\/uploads\/2016\/03\/anatra.jpg 142w, http:\/\/www.lamamaumbria.org\/wp-content\/uploads\/2016\/03\/anatra-118x150.jpg 118w\" sizes=\"(max-width: 101px) 100vw, 101px\" \/><\/a>Libro scritto e illustrato da <b>Wolf Elrbruch<br \/>\n<\/b>Adattato da <b>Laura Bartolomei e Micaela Mica Bechini<br \/>\n<\/b>Musica: <b>Sebastian Quiroga Chand<br \/>\n<\/b>Video: <b>Micaela Mica Bechini<br \/>\n<\/b>Regia: <b>Laura Bartolomei<br \/>\n<\/b>Con: <b>Laura Bartolomei<\/b><\/span><\/p>\n<p>La storia parla della morte, ma ne ribalta il punto di vista, fin dalle prime pagine quando un Anatra, si accorge di essere seguita dalla Morte. Questa la rassicura, spiegandole che le \u00e8 vicino da quando \u00e8 nata e che non c\u2019\u00e8 da preoccuparsi. La morte non \u00e8 rappresentata come una figura terrificante, al contrario si prende cura di noi nel caso la vita ci riservi delle sorprese spiacevoli. E\u2019 una morte amichevole, compassionevole, un po\u2019 goffa e gentile.La gentilezza e naturalezza con cui la storia viene raccontata fa si che lo spettacolo sia adatto ad un pubblico anche di bambini, per affrontare un tema cos\u00ec importante che troppo spesso \u00e8 trattata come un tab\u00f9.<\/p>\n<p>Lo spettacolo utilizza vari linguaggi grazie alla collaborazione di diversi artisti: <b>Il teatro di figura<\/b> (l\u2019Anatra sar\u00e0 una marionetta da polso, tecnica inventata dal maestro russo <b>Vladimir Zakharov<\/b>, e sar\u00e0 disegnata e realizzata da <b>Laura Bartolomei<\/b>),<b> il teatro fisico<\/b> (la Morte \u00e8 un attore in scena, con maschera e costume realizzati da Laura Bartolomei), <b>la musica<\/b> (il tappeto sonoro originale su cui si sviluppa la storia, composta originalmente da <b>Sebastian Quiroga Chand<\/b>) e le <b>Videoproiezioni\/videomapping<\/b> (che creer\u00e0 una scena diafana e trasparente a cui si appoggiano la storia e la musica, ideata e realizzata da <b>Micaela Mica Bechini)<\/b>.<\/p>\n<p>L\u2019idea \u00e8 quella di seguire lo spettacolo con una attivit\u00e0 laboratoriale di disegno, che possa diventare anche un momento di confronto con il pubblico, rispondendo a domande e facendo domande.<\/p>\n<p><b>Wolf Erlbruch <\/b>\u00e8 uno scrittore ed illustratore tedesco, specialmente riconosciuto per i suoi libri per bambini, che gli hanno valso numerosi premi internazionali tra cui il prestigioso Hans Christian Andersen Medal nel 2006 per l\u2019apporto che ha dato all\u2019editoria per bambini durante la sua carriera. Il suo stile \u00e8 a volte surrealista e combina varie tecniche pittoriche, dal collage, al disegno, alla pittura vera e propria. Le sue storie hanno spesso a che fare con tematiche \u201cadulte\u201d come quella della morte o del significato della vita. Quindi in generale i suoi libri sono una fonte inesauribile di ispirazione per altri scrittori, illustratori e per il teatro in generale.<\/p>\n<p><b>Laura Bartolomei <\/b>\u00e8 nata e cresciuta a Roma dove ha studiato all\u2019Istituto D\u2019arte e frequentato un piccolo circo per imparare acrobatica e contorsionismo. A causa di un infortunio ha dovuto trovare un altro modo di muoversi spostando il suo interesse verso la danza, che l\u2019ha portata a Londra e a NY. Qui ha iniziato ad apprendere il butoh, la contact improvisation e la danza creativa. A NY ha danzato con varie compagnie, tra cui quella di Nadine Helstroffer e Stephen Koplowitz. A NY ha incontrato Jimmy Davies, illustratore, con cui \u00e8 iniziata una lunga collaborazione, che li ha portati a viaggiare e vivere in varie parti del mondo, soprattutto in Corea del Sud. Insieme hanno fondato La Capra Ballerina, che coinvolge anche musicisti, attori, artisti visivi, VJ, organizzazioni impegnate nel sociale. Con La Capra Ballerina porta avanti un discorso legato al teatro di figura ed ha presentato i suoi spettacoli in Europa, Asia, Latino e Nord America<\/p>\n<p><\/p>","protected":false},"excerpt":{"rendered":"<p>Progetto di residenza artistica a La MaMa Umbria International 2015\/2016 La Capra Ballerina Puppet Theatre &#8211; Marzo 2016 L\u2019ANATRA, LA MORTE E Il TULIPANO Libro scritto e illustrato da Wolf Elrbruch Adattato da Laura Bartolomei e Micaela Mica Bechini Musica: Sebastian Quiroga Chand Video: Micaela Mica Bechini Regia: Laura Bartolomei\u2026<\/p>\n<p> <a class=\"continue-reading-link\" href=\"http:\/\/www.lamamaumbria.org\/?page_id=1537\"><span>Continue reading<\/span><i class=\"crycon-right-dir\"><\/i><\/a> <\/p>\n","protected":false},"author":1,"featured_media":0,"parent":1535,"menu_order":0,"comment_status":"closed","ping_status":"closed","template":"","meta":{"footnotes":""},"_links":{"self":[{"href":"http:\/\/www.lamamaumbria.org\/index.php?rest_route=\/wp\/v2\/pages\/1537"}],"collection":[{"href":"http:\/\/www.lamamaumbria.org\/index.php?rest_route=\/wp\/v2\/pages"}],"about":[{"href":"http:\/\/www.lamamaumbria.org\/index.php?rest_route=\/wp\/v2\/types\/page"}],"author":[{"embeddable":true,"href":"http:\/\/www.lamamaumbria.org\/index.php?rest_route=\/wp\/v2\/users\/1"}],"replies":[{"embeddable":true,"href":"http:\/\/www.lamamaumbria.org\/index.php?rest_route=%2Fwp%2Fv2%2Fcomments&post=1537"}],"version-history":[{"count":1,"href":"http:\/\/www.lamamaumbria.org\/index.php?rest_route=\/wp\/v2\/pages\/1537\/revisions"}],"predecessor-version":[{"id":1539,"href":"http:\/\/www.lamamaumbria.org\/index.php?rest_route=\/wp\/v2\/pages\/1537\/revisions\/1539"}],"up":[{"embeddable":true,"href":"http:\/\/www.lamamaumbria.org\/index.php?rest_route=\/wp\/v2\/pages\/1535"}],"wp:attachment":[{"href":"http:\/\/www.lamamaumbria.org\/index.php?rest_route=%2Fwp%2Fv2%2Fmedia&parent=1537"}],"curies":[{"name":"wp","href":"https:\/\/api.w.org\/{rel}","templated":true}]}}