{"id":1447,"date":"2015-11-26T17:07:18","date_gmt":"2015-11-26T16:07:18","guid":{"rendered":"http:\/\/www.lamamaumbria.org\/?page_id=1447"},"modified":"2015-11-26T17:07:18","modified_gmt":"2015-11-26T16:07:18","slug":"staring-out-of-windows","status":"publish","type":"page","link":"http:\/\/www.lamamaumbria.org\/?page_id=1447","title":{"rendered":"STARING OUT OF WINDOWS"},"content":{"rendered":"<p><b>Agosto 2015<\/b><\/p>\n<p><b>Mariem Omari<br \/>\nResidenza internazionale<br \/>\n<\/b><\/p>\n<h1><span style=\"color: #9c0505;\"><strong><span style=\"color: #9c0505;\">STARING<\/span> <span style=\"color: #9c0505;\">OUT OF WINDOWS<\/span>\u00a0<\/strong><\/span><\/h1>\n<p>Residenza di dieci giorni della drammaturga e attrice <b>Mariem Omari<\/b> per una seconda fase di sviluppo del testo teatrale <i>Staring Out Of Windows<\/i>. La scrittura di questo monologo autobiografico \u00e8 iniziata all\u2019interno del <i>HIVE<\/i><b> <\/b><i>Exposed Series<\/i>, programma per drammaturghi emergenti australiani e durante il Corso Residenziale di Drammaturgia del La MaMa Umbria International. Una prima versione del testo \u00e8 stato presentato pubblicamente attraverso una <i>mise en espace<\/i> al LaMaMa Theatre di New York nel gennaio 2015.<\/p>\n<p>L\u2019obiettivo di questo nuovo periodo di residenza \u00e8 di preparare le basi per la futura produzione teatrale, che dovrebbe avvenire nel 2016. Collaboreranno come consulente artistica la regista e drammaturgica <b>Jessika Litwak<\/b> e il regista <b>Andrea Paciotto<\/b>, in qualit\u00e0 di tutor. A conclusione della residenza verr\u00e0 presntata una <i>mise en espace <\/i>del testo, interpretato dalla stessa autrice, per un pubblico invitato.<\/p>\n<p>Scritto ed Interpretato da <b>Mariem Omari<\/b><\/p>\n<p>Un monologo autobiografico immerso nell\u2019attualit\u00e0 del conflitto in Medio Oriente, che contrappone le &#8220;rivoluzioni&#8221; della Primavera Araba con il deterioramento della salute di un\u2019operatrice umanitaria. Mim si trova in Libia, il suo lavoro consiste nell\u2019intervistare le donne, tra le distruzioni in Tunisia, o tra le proteste in piazza Tahrir. Raccoglie informazioni, elenca ci\u00f2 che fa e commenta ci\u00f2 di cui \u00e8 testimone. Ma l\u2019inventario s\u2019intramezza con il racconto della sua malattia, la perdita dei capelli, delle funzioni del corpo e della mente. Mentre si avvicina al momento pi\u00f9 critico, cercando di capire qual \u00e8 la prossima parte del corpo a cedere, inizia a rendersi conto di essersi involontariamente creata intorno una prigione. Solo ammettendo la propria vulnerabilit\u00e0, nel contesto della guerra in cui si trova, riesce veramente vedere la sua realt\u00e0 e il mondo che la circonda.<\/p>\n<p><b>Mariem Omari<\/b><b> <\/b>\u00e8 una scrittrice e performer che vive e lavora tra la Scozia e Australia. Nel 2007 si \u00e8 trasferita in Medio Oriente, dove ha lavorato per cinque anni come operatrice umanitaria, per assistere le vittime di violazioni e violenze, in particolare donne. In precedenza, Mariem ha lavorato come attrice per numerose produzioni in Australia, tra cui <i>Macbeth<\/i>, <i>Servitore di due padroni<\/i>, e <i>The Garrison<\/i> ed ha collaborato con la Compagnia di marionette Skylark, diretta da Peter Wilson, in diverse produzioni tra cui <i>Wake Baby<\/i>, <i>Love Suicides,<\/i> e <i>The Hobbit<\/i>. Nel 1998, nel tentativo di concentrarsi maggiormente sulla scrittura, Mariem ha fondato la Casa Editrice, <i>Merge Media<\/i>, sviluppando, curato e pubblicato diversi romanzi. Nel 2012 si \u00e8 trasferita a Londra, dove ha ricominciato a lavorare come attrice, entrando a far parte di una troupe d\u2019improvvisazione e partecipando nel 2013 allo spettacolo<i> Maestro<\/i> al Teatro Cockpit. Nel marzo 2014 Mariem ha vinto l\u2019accesso al programma <i>HIVE <\/i>per drammaturghi emergenti. Recentemente ha ricevuto l\u2019incarico di scrivere cinque corti teatrali sulle <i>Donne e onore\/vergogna<\/i> che saranno prodotti in Scozia nel 2015, ed \u00e8 stata selezionata tra i cento migliori artisti dal <i>Teatro Tron<\/i>.<\/p>\n<p><\/p>","protected":false},"excerpt":{"rendered":"<p>Agosto 2015 Mariem Omari Residenza internazionale STARING OUT OF WINDOWS\u00a0 Residenza di dieci giorni della drammaturga e attrice Mariem Omari per una seconda fase di sviluppo del testo teatrale Staring Out Of Windows. La scrittura di questo monologo autobiografico \u00e8 iniziata all\u2019interno del HIVE Exposed Series, programma per drammaturghi emergenti\u2026<\/p>\n<p> <a class=\"continue-reading-link\" href=\"http:\/\/www.lamamaumbria.org\/?page_id=1447\"><span>Continue reading<\/span><i class=\"crycon-right-dir\"><\/i><\/a> <\/p>\n","protected":false},"author":1,"featured_media":0,"parent":1408,"menu_order":0,"comment_status":"closed","ping_status":"closed","template":"","meta":{"footnotes":""},"_links":{"self":[{"href":"http:\/\/www.lamamaumbria.org\/index.php?rest_route=\/wp\/v2\/pages\/1447"}],"collection":[{"href":"http:\/\/www.lamamaumbria.org\/index.php?rest_route=\/wp\/v2\/pages"}],"about":[{"href":"http:\/\/www.lamamaumbria.org\/index.php?rest_route=\/wp\/v2\/types\/page"}],"author":[{"embeddable":true,"href":"http:\/\/www.lamamaumbria.org\/index.php?rest_route=\/wp\/v2\/users\/1"}],"replies":[{"embeddable":true,"href":"http:\/\/www.lamamaumbria.org\/index.php?rest_route=%2Fwp%2Fv2%2Fcomments&post=1447"}],"version-history":[{"count":1,"href":"http:\/\/www.lamamaumbria.org\/index.php?rest_route=\/wp\/v2\/pages\/1447\/revisions"}],"predecessor-version":[{"id":1448,"href":"http:\/\/www.lamamaumbria.org\/index.php?rest_route=\/wp\/v2\/pages\/1447\/revisions\/1448"}],"up":[{"embeddable":true,"href":"http:\/\/www.lamamaumbria.org\/index.php?rest_route=\/wp\/v2\/pages\/1408"}],"wp:attachment":[{"href":"http:\/\/www.lamamaumbria.org\/index.php?rest_route=%2Fwp%2Fv2%2Fmedia&parent=1447"}],"curies":[{"name":"wp","href":"https:\/\/api.w.org\/{rel}","templated":true}]}}