{"id":1423,"date":"2015-11-26T16:33:19","date_gmt":"2015-11-26T15:33:19","guid":{"rendered":"http:\/\/www.lamamaumbria.org\/?page_id=1423"},"modified":"2015-11-26T16:33:35","modified_gmt":"2015-11-26T15:33:35","slug":"topray","status":"publish","type":"page","link":"http:\/\/www.lamamaumbria.org\/?page_id=1423","title":{"rendered":"toPRAY"},"content":{"rendered":"<p><b>Giugno &#8211; luglio 2015<\/b><\/p>\n<p><b>Afshin Vardjavandi e INC InNprogress Collective<br \/>\n<\/b><b><i>Compagnia under 35<\/i><\/b><\/p>\n<h1><span style=\"color: #910707;\"><strong><span style=\"color: #910707;\">toPRAY<\/span><\/strong><\/span><\/h1>\n<p>Residenza di venti giorni mirata alla realizzazione della nuova produzione di danza <i>To Pray<\/i>, con le coreografie di <b>Afshin Vardjavandi<\/b>. Si tratta di una compagnia giovanissima e particolarmente originale, riconosciuta per un linguaggio coreografico molto dinamico e accattivante, fortemente basato sullo stile della danza urbana contaminata da influenze delle arti visive e teatrali contemporanee. La residenza ha coinvolto il <b>Prof. Angelo Benedetti<\/b>, docente del corso di Nuove tecnologie e Composizione musicale elettroacustica al Conservatorio di Perugia, in qualit\u00e0 di consulente per il design del suono e <b>Fabio Galetti<\/b> in qualit\u00e0 di designer delle luci. Questo progetto prosegue un rapporto iniziato nel 2011, mirato a sostenere la crescita artistica e professionale di questo meritevole collettivo umbro. Lo spettacolo <i>To Pray<\/i> ha debuttato all\u2019interno del programma de <b>La MaMa Spoleto Open 2015<\/b>, evento ufficiale dello <b>Spoleto<\/b> <b>Festival dei 2 Mondi<\/b>.<\/p>\n<p>La MaMa Umbria continuer\u00e0 a sostenere il gruppo nel corso della prossima stagione 2015-2016, con l\u2019obiettivo di far conoscere e distribuire lo spettacolo in altri teatri e Festival in Italia e all\u2019estero. Si sta completando la preparazione della documentazione videografica e del materiale online per dare avvio ad un piano di promozione mirato. Nei prossimi mesi saranno presi contatti con alcune realt\u00e0 extraregionali per possibili repliche dello spettacolo, tra cui: Civitanova danza, Festival Rovereto Oriente Occidente, Pergine Festival, Inteatro ed altri. (Maggiori dettagli rispetto alle attivit\u00e0 di divulgazione e promozione sono descritte successivamente nel capitolo OBIETTIVO B)<i>\u00a0<\/i><\/p>\n<p><b><i>toPRAY<\/i><\/b><\/p>\n<p>coreografia: <b>Afshin Varjavandi<br \/>\n<\/b>interpreti: <b>Luca Calderini Mattia Maiotti Jenny Mattaioli Elia Pangaro<br \/>\n<\/b>disegno sonoro:<b> Angelo Benedetti<br \/>\n<\/b>disegno luci: <b>Fabio Galeotti<\/b><\/p>\n<p><i>toPRAY<\/i> \u00e8 uno spettacolo in cui le danze urbane si mescolano gesti contemporanei, producendo una composizione fuori dagli schemi, dal tempo. La scrittura coreografica attinge da calligrafie multiculturali, risultando in un linguaggio universale.<\/p>\n<p>Esiste un momento per ognuno, a partire dal quale si impara a guardare dentro s\u00e9 stessi. <i>toPRAY<\/i> \u00e8 un corridoio: a volte per arrivare all&#8217;animo umano il percorso \u00e8 lungo e stretto. Si dice che &#8216;possediamo un&#8217;anima&#8217;. Attraversiamo i simboli che nella storia abbiamo attribuito a quello che non riusciamo a vedere, per dare alla vita un valore diverso, per riconoscere oltre la\u00a0FORMA un diverso livello.<\/p>\n<p>Cosa vuol dire &#8216;pregare&#8217;? Cerchiamo una risposta in ogni AZIONE. Forse l&#8217;agire stesso \u00e8 un atto di culto: l&#8217;uomo contemporaneo agisce sul corpo traendone un culto. E se quello che abbiamo di pi\u00f9 sacro \u00e8 l&#8217;immaginazione attraverso cui riusciremo ad identificare l&#8217;anima\u00a0nel corso della vita?<\/p>\n<p><b>INC InNprogressCollective<\/b><b> <\/b>dance|visual|urban art \u00e8 un gruppo indipendente che si occupa di danze urbane, visual art e performance. Nasce nel 2006 a seguito della creazione \u201cHEIM\u201d, vincitrice del premio coreografico della Settimana Internazionale della Danza di Spoleto. Da l\u00ec l&#8217;idea di costituire un gruppo stabile di giovani artisti, promotori di nuove forme di street art contemporanea, danze urbane e tendenze. Caratterizzati dalla sorprendente giovane et\u00e0 e da un forte affiatamento artistico, sono i sostenitori di un&#8217;alleanza, dove talenti e competenze vengono condivise, miscelate e ricomposte verso traguardi collettivi.<\/p>\n<p>Danzano le produzioni di Afshin Varjavandi e insieme a lui inventano styling e concept per performance, istallazioni, video, sfilate di moda ed eventi. Nel Giugno 2013 presentano lo spettacolo OCEANIA a LaMaMa experimental theater di New York in due repliche, ottenendo una recensione nella sezione arte e cultura del New York Times.<\/p>\n<p><b>Afshin Varjavandi<\/b> inizia lo studio della danza a 14 anni, avvicinandosi alla tecnica hip hop e agli stili urbani, con i pi\u00f9 grandi maestri internazionali tra cui Omid Ighani, Marisa Ragazzo, Dominique Lesdema, Bruce Ikhanji, Archie Burnett, Christopher Huggins, Khosro Adibi, Baba Israel.<\/p>\n<p>Il suo retaggio familiare multiculturale insieme alla sua istintiva e poliedrica curiosit\u00e0 lo hanno portato ad avvicinarsi alla danza e al movimento corporeo in tutte le sue forme, alla coreografia e all&#8217;architettura dello spazio scenico. Nel 2007 ha creato la coreografia \u201c<b>HEIM<\/b>\u201d, con la quale ha vinto la Settimana Internazionale della Danza di Spoleto. E\u2019 stato coreografo ospite di alcuni grandi Festival italiani, tra i quali Amores (Bologna), Cross Roads (Firenze), Giffoni Film Festival (Giffoni).<\/p>\n<p>Sono poi seguite le produzioni <b>Departure<\/b> (2007), <b>Underskin<\/b> (2008, vincitore della Settimana Internazionale della Danza di Spoleto), <b>Disordine Apparente<\/b> (2008, come coreografo ospite per il Duncan Ballet), <b>Protest! <\/b>(2009-2010, vincitore Settimana Internazionale della Danza di Spoleto, del premio LatinArte, del premio UISP e del premio Positano Leonide Massine), <b>Oceania <\/b>(2012-2013, primo progetto residenziale con La MaMa Umbria, presentato anche nel programma del Festival Internazionale della danza del La MaMa Theater di New York).<\/p>\n<p>Afshin insegna danze urbane in tutta Italia, \u00e8 direttore artistico di importanti centri nel settore moderno-urbano (CentroDanza Perugia, Nuovo Spazio Danza Jesi), ideatore di seminari e laboratori (Urbane Contaminazioni), di istallazioni (Siah il Nero) e formatore a corsi professionali (Opus Ballet, Firenze). Danza nella DaCru Dance Company, ballerino di videoclip (\u201cSolo\u201d di Marco Mengoni, prodotto da Sony 2011). Recentemente alcune coreografie della compagnia sono state volute dal regista Tornatore per il suo ultimo film.<\/p>\n<p><a href=\"http:\/\/www.lamamaumbria.org\/wp-content\/uploads\/2015\/11\/topray3.jpg\"><img loading=\"lazy\" decoding=\"async\" class=\"alignleft size-medium wp-image-1425\" src=\"http:\/\/www.lamamaumbria.org\/wp-content\/uploads\/2015\/11\/topray3-300x199.jpg\" alt=\"topray3\" width=\"300\" height=\"199\" srcset=\"http:\/\/www.lamamaumbria.org\/wp-content\/uploads\/2015\/11\/topray3-300x199.jpg 300w, http:\/\/www.lamamaumbria.org\/wp-content\/uploads\/2015\/11\/topray3-150x100.jpg 150w, http:\/\/www.lamamaumbria.org\/wp-content\/uploads\/2015\/11\/topray3.jpg 794w\" sizes=\"(max-width: 300px) 100vw, 300px\" \/><\/a><\/p>\n<p><a href=\"http:\/\/www.lamamaumbria.org\/wp-content\/uploads\/2015\/11\/topray1.jpg\"><img loading=\"lazy\" decoding=\"async\" class=\"alignleft size-medium wp-image-1424\" src=\"http:\/\/www.lamamaumbria.org\/wp-content\/uploads\/2015\/11\/topray1-300x199.jpg\" alt=\"topray1\" width=\"300\" height=\"199\" srcset=\"http:\/\/www.lamamaumbria.org\/wp-content\/uploads\/2015\/11\/topray1-300x199.jpg 300w, http:\/\/www.lamamaumbria.org\/wp-content\/uploads\/2015\/11\/topray1-150x100.jpg 150w, http:\/\/www.lamamaumbria.org\/wp-content\/uploads\/2015\/11\/topray1.jpg 794w\" sizes=\"(max-width: 300px) 100vw, 300px\" \/><\/a><\/p>\n<p><\/p>","protected":false},"excerpt":{"rendered":"<p>Giugno &#8211; luglio 2015 Afshin Vardjavandi e INC InNprogress Collective Compagnia under 35 toPRAY Residenza di venti giorni mirata alla realizzazione della nuova produzione di danza To Pray, con le coreografie di Afshin Vardjavandi. Si tratta di una compagnia giovanissima e particolarmente originale, riconosciuta per un linguaggio coreografico molto dinamico\u2026<\/p>\n<p> <a class=\"continue-reading-link\" href=\"http:\/\/www.lamamaumbria.org\/?page_id=1423\"><span>Continue reading<\/span><i class=\"crycon-right-dir\"><\/i><\/a> <\/p>\n","protected":false},"author":1,"featured_media":0,"parent":1408,"menu_order":0,"comment_status":"closed","ping_status":"closed","template":"","meta":{"footnotes":""},"_links":{"self":[{"href":"http:\/\/www.lamamaumbria.org\/index.php?rest_route=\/wp\/v2\/pages\/1423"}],"collection":[{"href":"http:\/\/www.lamamaumbria.org\/index.php?rest_route=\/wp\/v2\/pages"}],"about":[{"href":"http:\/\/www.lamamaumbria.org\/index.php?rest_route=\/wp\/v2\/types\/page"}],"author":[{"embeddable":true,"href":"http:\/\/www.lamamaumbria.org\/index.php?rest_route=\/wp\/v2\/users\/1"}],"replies":[{"embeddable":true,"href":"http:\/\/www.lamamaumbria.org\/index.php?rest_route=%2Fwp%2Fv2%2Fcomments&post=1423"}],"version-history":[{"count":1,"href":"http:\/\/www.lamamaumbria.org\/index.php?rest_route=\/wp\/v2\/pages\/1423\/revisions"}],"predecessor-version":[{"id":1427,"href":"http:\/\/www.lamamaumbria.org\/index.php?rest_route=\/wp\/v2\/pages\/1423\/revisions\/1427"}],"up":[{"embeddable":true,"href":"http:\/\/www.lamamaumbria.org\/index.php?rest_route=\/wp\/v2\/pages\/1408"}],"wp:attachment":[{"href":"http:\/\/www.lamamaumbria.org\/index.php?rest_route=%2Fwp%2Fv2%2Fmedia&parent=1423"}],"curies":[{"name":"wp","href":"https:\/\/api.w.org\/{rel}","templated":true}]}}