{"id":1027,"date":"2015-03-17T11:48:05","date_gmt":"2015-03-17T10:48:05","guid":{"rendered":"http:\/\/www.lamamaumbria.org\/?page_id=1027"},"modified":"2015-06-21T17:26:27","modified_gmt":"2015-06-21T15:26:27","slug":"scrittura-teatrale","status":"publish","type":"page","link":"http:\/\/www.lamamaumbria.org\/?page_id=1027","title":{"rendered":"SCRITTURA TEATRALE (10-18 agosto)"},"content":{"rendered":"<h2><img loading=\"lazy\" decoding=\"async\" class=\"  wp-image-1221 aligncenter\" src=\"http:\/\/www.lamamaumbria.org\/wp-content\/uploads\/2015\/04\/scrittori-300x91.jpg\" alt=\"scrittori\" width=\"523\" height=\"159\" srcset=\"http:\/\/www.lamamaumbria.org\/wp-content\/uploads\/2015\/04\/scrittori-300x91.jpg 300w, http:\/\/www.lamamaumbria.org\/wp-content\/uploads\/2015\/04\/scrittori-1024x309.jpg 1024w, http:\/\/www.lamamaumbria.org\/wp-content\/uploads\/2015\/04\/scrittori-250x76.jpg 250w, http:\/\/www.lamamaumbria.org\/wp-content\/uploads\/2015\/04\/scrittori-150x45.jpg 150w, http:\/\/www.lamamaumbria.org\/wp-content\/uploads\/2015\/04\/scrittori.jpg 1920w\" sizes=\"(max-width: 523px) 100vw, 523px\" \/><\/h2>\n<h2 style=\"text-align: center;\"><b>CORSO RESIDENZIALE DI SCRITTURA TREATRALE<br \/>\n<\/b><b>10 &#8211; 18 Agosto<\/b><\/h2>\n<p style=\"text-align: justify;\"><b><img loading=\"lazy\" decoding=\"async\" class=\"alignleft size-medium wp-image-1230\" src=\"http:\/\/www.lamamaumbria.org\/wp-content\/uploads\/2015\/03\/branden-300x212.jpg\" alt=\"branden\" width=\"300\" height=\"212\" srcset=\"http:\/\/www.lamamaumbria.org\/wp-content\/uploads\/2015\/03\/branden-300x212.jpg 300w, http:\/\/www.lamamaumbria.org\/wp-content\/uploads\/2015\/03\/branden-212x150.jpg 212w, http:\/\/www.lamamaumbria.org\/wp-content\/uploads\/2015\/03\/branden-150x106.jpg 150w, http:\/\/www.lamamaumbria.org\/wp-content\/uploads\/2015\/03\/branden.jpg 424w\" sizes=\"(max-width: 300px) 100vw, 300px\" \/>Branden Jacobs-Jenkins (USA)<br \/>\n<\/b>Branden Jacobs-Jenkins \u00e8 un autore di successo, sempre alla ricerca di nuove forme e tematiche. Nella sua carriera ha ricevuto numerosi premi e riconoscimenti: <i>Princess Grace Award, Dorothy Streslin Playwriting Fellowship<\/i>, <i>Paula Vogel Award<\/i> ed altri. I suoi testi spaziano attraverso diversi generi, provocando divertimento e commozione. Il testo <i>N(E)IG(H)G(BO)ERS (<\/i>o <i>Vicini<\/i>), che ha debuttato al Public Theater nel 2010, viene descritto come \u201cuna commedia a fumetti\u201d con un uso scioccante\u00a0 del blackface. Il testo <i>Appropriate <\/i>ha ricevuto un grande plauso dalla critica, con produzioni presso l&#8217;Actors Theatre di Louisville\u2019s Humana Festival, al Victory Gardens di Chicago, Al Woolly Mammoth di Washington e il Signature Theatre di New York.<\/p>\n<p style=\"text-align: justify;\"><i>An Octoroon<\/i> ha vinto il premio <i>Obie Award<\/i> come migliore testo americano del 2014. Secondo la regista Sarah Benson \u201cBranden \u00e8 come un performer il cui materiale \u00e8 il testo. Prende grandi e complesse idee, un po&#8217; strane e provocatorie e trova il modo di renderle teatrali. Per Branden la forma \u00e8 sempre un personaggio del testo, e questo \u00e8 il motivo per cui i suoi testi sono cos\u00ec ricchi e pieni &#8211; agiscono contemporaneamente su pi\u00f9 livelli, cambiando in modo sorprendente, stimolando una continua attenzione e curiosit\u00e0.\u201d<\/p>\n<hr \/>\n<h3 style=\"text-align: center;\"><strong>SI ACCETTANO LE DOMANDE<\/strong><br \/>\nScadenza: 15 maggio\u00a02015<br \/>\n<a href=\"http:\/\/lamama.org\/umbria-15-playwrights-application-form\/\" target=\"_blank\">ISCRIZIONI<\/a><br \/>\nUlteriori informazioni sul sito\u00a0<a href=\"http:\/\/lamama.org\/umbria-15-international-playwright-retreat\/\">LaMaMa di New York<br \/>\n<\/a>Per maggiori informazioni: David Diamond &#8211;\u00a0<a href=\"mailto:ddjdstar@gmail.com\">ddjdstar@gmail.com<br \/>\n<\/a>La MaMa Umbria International &#8211;\u00a0<a href=\"mailto:lamamaumbria@hotmail.com\">lamamaumbria@hotmail.com<\/a><\/h3>\n<p><\/p>","protected":false},"excerpt":{"rendered":"<p>CORSO RESIDENZIALE DI SCRITTURA TREATRALE 10 &#8211; 18 Agosto Branden Jacobs-Jenkins (USA) Branden Jacobs-Jenkins \u00e8 un autore di successo, sempre alla ricerca di nuove forme e tematiche. Nella sua carriera ha ricevuto numerosi premi e riconoscimenti: Princess Grace Award, Dorothy Streslin Playwriting Fellowship, Paula Vogel Award ed altri. I suoi\u2026<\/p>\n<p> <a class=\"continue-reading-link\" href=\"http:\/\/www.lamamaumbria.org\/?page_id=1027\"><span>Continue reading<\/span><i class=\"crycon-right-dir\"><\/i><\/a> <\/p>\n","protected":false},"author":1,"featured_media":1221,"parent":0,"menu_order":0,"comment_status":"closed","ping_status":"open","template":"","meta":{"footnotes":""},"_links":{"self":[{"href":"http:\/\/www.lamamaumbria.org\/index.php?rest_route=\/wp\/v2\/pages\/1027"}],"collection":[{"href":"http:\/\/www.lamamaumbria.org\/index.php?rest_route=\/wp\/v2\/pages"}],"about":[{"href":"http:\/\/www.lamamaumbria.org\/index.php?rest_route=\/wp\/v2\/types\/page"}],"author":[{"embeddable":true,"href":"http:\/\/www.lamamaumbria.org\/index.php?rest_route=\/wp\/v2\/users\/1"}],"replies":[{"embeddable":true,"href":"http:\/\/www.lamamaumbria.org\/index.php?rest_route=%2Fwp%2Fv2%2Fcomments&post=1027"}],"version-history":[{"count":9,"href":"http:\/\/www.lamamaumbria.org\/index.php?rest_route=\/wp\/v2\/pages\/1027\/revisions"}],"predecessor-version":[{"id":1387,"href":"http:\/\/www.lamamaumbria.org\/index.php?rest_route=\/wp\/v2\/pages\/1027\/revisions\/1387"}],"wp:featuredmedia":[{"embeddable":true,"href":"http:\/\/www.lamamaumbria.org\/index.php?rest_route=\/wp\/v2\/media\/1221"}],"wp:attachment":[{"href":"http:\/\/www.lamamaumbria.org\/index.php?rest_route=%2Fwp%2Fv2%2Fmedia&parent=1027"}],"curies":[{"name":"wp","href":"https:\/\/api.w.org\/{rel}","templated":true}]}}