{"id":102,"date":"2011-04-10T12:11:55","date_gmt":"2011-04-10T10:11:55","guid":{"rendered":"http:\/\/www.lamamaumbria.org\/?page_id=102"},"modified":"2015-06-20T17:20:22","modified_gmt":"2015-06-20T15:20:22","slug":"sessione-2","status":"publish","type":"page","link":"http:\/\/www.lamamaumbria.org\/?page_id=102","title":{"rendered":"Sessione 2"},"content":{"rendered":"<h2><strong>dal 1 al 15 agosto<\/strong><\/h2>\n<h2><span style=\"color: #ac161b;\"><strong><span style=\"text-decoration: underline;\"><strong>Terza settimana:<\/strong><\/span><\/strong><\/span><\/h2>\n<h3><strong> <\/strong><strong><strong>DIJANA MILO\u0160EVIC <\/strong><\/strong><strong><strong><br \/>\n<\/strong><\/strong><span style=\"color: #ac161b;\"><strong><strong>Creare attraverso montaggio teatrale<\/strong><\/strong><\/span><strong> <\/strong><\/h3>\n<p>Il tema centrale che verr\u00e0 esplorato nel laboratorio \u00e8 quello della relazione tra spazio e performer, in tutte le sue possibili declinazioni. Un approccio che verr\u00e0 affrontato anche attraverso l&#8217;uso creativo del training fisico e vocale. Verranno elaborate azioni fisiche ed altri materiali e si esplorer\u00e0 come creare uno spettacolo, attraverso il montaggio teatrale.<\/p>\n<p><strong>DIJANA MILOSEVIC <\/strong>\u00e8 uno dei fondatori e direttore artistico del <em>DAH Theater Research Center<\/em>, una delle pi\u00f9 importanti e riconosciute compagnie indipendenti di Belgrado, Serbia. Dijana ha curato la regia di numerosi spettacoli e ha insegnato corsi in diversi teatri ed universit\u00e0 in giro per il mondo. Ha curato il programma del festival <em>Infant<\/em> (<em>International Festival of New and Alternative Theatre) <\/em>nel 1999 e nel 2000<em>. <\/em>Come membro del <em>BITEF (Belgrade International Theatre Festival)<\/em> \u00e8 stata pi\u00f9 volte membro della giuria e presidente del BITEF Board. Scrive anche una rubrica di teatro e societ\u00e0. Dijana ha vinto numerosi premi e riconoscimenti, compreso la <em>Fullbright fellowship<\/em>.<\/p>\n<h3><strong>BABA ISRAEL<br \/>\n<span style=\"color: #ac161b;\">Il regista autore<\/span><\/strong><\/h3>\n<p>Il laboratorio propone un ambiete dove performers e autori possono condividere un percorso mirato a generare materiale, mentre il regista aiuta a catturare e dare forma al materiale generato. Verr\u00e0 inoltre esplorata la possibilit\u00e0 di introdurre elementi interdisciplinari e contemporanei quali spoken word, Hip Hop e digital media.<\/p>\n<p><strong>BABA ISRAEL <\/strong>\u00e8 nato a New York, con un padre di Brooklyn e una madre Australiana. \u00c8 cresciuto all&#8217;interno della storica compagnia <em>Living Theatre<\/em>, uno dei pi\u00f9 famosi gruppi dell&#8217;avanguardia teatrale americana degli anni settanta. Come attore e performer ha lavorato in numerose produzioni, passando dai teatri sperimentali a\tspettacoli di successo, quali ad esempio la Commedia Hip Hop <em>What you say white boy?, <\/em>in scena per diverse stagioni al New Victory Theater a Broadway. Ha inoltre collaborato come musicista in numerose produzioni teatrali, compreso con Rha Goddess e Renita Martin. Baba conduce laboratori con diverse scuole attraverso il programma \u201cOpenThought Arts\u201d e porta il teatro nei quartieri pi\u00f9 depressi con la Playback NYC Theater Company, di cui \u00e8 uno dei fondatori. Dal 2009 Baba Israel \u00e8 il direttore artistico di uno dei principali e pi\u00f9 vitali teatri di Manchester, il Contact Theatre.<\/p>\n<h2><span style=\"color: #ac161b;\"><strong><span style=\"text-decoration: underline;\"><strong>Quarta settimana:<\/strong><\/span><\/strong><\/span><\/h2>\n<h3><strong>JOANNE AKALAITIS<br \/>\n<span style=\"color: #ac161b;\">Il corpo nello spazio<\/span><\/strong><\/h3>\n<p>L&#8217;evento pi\u00f9 entusiasmante nel teatro \u00e8 il momento in cui lo spettacolo inizia, uno momento pieno di pura potenzialit\u00e0. Questo workshop offre una serie di esercizi per il movimento la voce e la recitazione che creano un vocabolario a disposizione per qualsiasi testo di qualsiasi periodo. Si lavorer\u00e0 intorno alla questione della composizione teatrale, a partire da <em>Il matrimonio di Cadmo e Armonia <\/em>di Roberto Calasso, e lo studio dei miti greci.<\/p>\n<p><strong>JOANNE AKALAITIS <\/strong>\u00e8 tra i fondatori della compagnia <em>Mabou Mines<\/em> di New York. Regista e drammaturga JoAnne Akalaitis ha curato la regia di numerosi spettacoli ed ha vinto<em> 5 Obie Awards<\/em> per le sue regie e per l&#8217;intera carriera. Ha presentato i suoi lavori nei principali teatri degli Stati Uniti, lavorando tra gli altri anche con Philip Glass al progetto <em>Baccae. <\/em>\u00c8 stata direttore artistico del<em> New York Shakespeare Festival<\/em> e regista residente del<em> Court Theatre<\/em>. Ha servito come direttrice del Corso di Regia alla <em>Juilliard School<\/em> ed \u00e8 attualmente Professore di teatro at <em>Bard College<\/em>.<\/p>\n<h3><strong>DORCY RUGAMBA<br \/>\n<span style=\"color: #ac161b;\">Presenza<\/span><\/strong><\/h3>\n<p>La prima parte del laboratorio di Dorcy Rugamba riguarder\u00e0 la presenza in scena. L&#8217;obiettivo \u00e8 quello di aiutare l&#8217;attore ad acquisire una chiara coscienza del proprio corpo. La seconda parte si svolger\u00e0 invece negli spazi della citt\u00e0 di Spoleto, per svolgere esercizi sull&#8217;osservazione. Nel corso del laboratorio, ogni partecipante scriver\u00e0, interpreter\u00e0 e diriger\u00e0 una breve scena o moento teatrale da presentare al resto del gruppo.<\/p>\n<p><strong><strong>DORCY RUGAMBA <\/strong><\/strong>\u00e8 sopravvissuto al genocidio in Ruanda. Suo padre, sua madre e sei fratelli furono uccisi in un attacco il primo giorno in cui ebbe inizio il massacro. All&#8217;et\u00e0 di 24 anni, Rugamba dovette fuggire nel vicino Burundi. A partire dalla sua esperienza personale ha creato <em>Rwanda 94<\/em>, uno spettacolo di sei ore sul genocidio, realizzato con cast composto di 40 persone. Lo spettacolo ha debuttato al Festival di Avignone ed ha girato in tourn\u00e9e per i 4 anni successivi. Rugamba ha fondato Urwintore, uno spazio per la creazione e la ricerca nel campo delle arti performative. Nel 2004, ha interpretato il ruolo di Amkoulel nel tour mondiale dello spettacolo <em>Tierno Bokar, <\/em>con la regia di Peter Brook. Nel 2005, la casa editrice Dati\u2019mbeti Press ha pubblicato il libro di Rugamba <em>Marembo<\/em>, che racconta gli ultimi giorni della sua famiglia in Ruanda.<\/p>\n<p><\/p>","protected":false},"excerpt":{"rendered":"<p>dal 1 al 15 agosto Terza settimana: DIJANA MILO\u0160EVIC Creare attraverso montaggio teatrale Il tema centrale che verr\u00e0 esplorato nel laboratorio \u00e8 quello della relazione tra spazio e performer, in tutte le sue possibili declinazioni. Un approccio che verr\u00e0 affrontato anche attraverso l&#8217;uso creativo del training fisico e vocale. Verranno\u2026<\/p>\n<p> <a class=\"continue-reading-link\" href=\"http:\/\/www.lamamaumbria.org\/?page_id=102\"><span>Continue reading<\/span><i class=\"crycon-right-dir\"><\/i><\/a> <\/p>\n","protected":false},"author":1,"featured_media":0,"parent":26,"menu_order":0,"comment_status":"closed","ping_status":"closed","template":"","meta":{"footnotes":""},"_links":{"self":[{"href":"http:\/\/www.lamamaumbria.org\/index.php?rest_route=\/wp\/v2\/pages\/102"}],"collection":[{"href":"http:\/\/www.lamamaumbria.org\/index.php?rest_route=\/wp\/v2\/pages"}],"about":[{"href":"http:\/\/www.lamamaumbria.org\/index.php?rest_route=\/wp\/v2\/types\/page"}],"author":[{"embeddable":true,"href":"http:\/\/www.lamamaumbria.org\/index.php?rest_route=\/wp\/v2\/users\/1"}],"replies":[{"embeddable":true,"href":"http:\/\/www.lamamaumbria.org\/index.php?rest_route=%2Fwp%2Fv2%2Fcomments&post=102"}],"version-history":[{"count":1,"href":"http:\/\/www.lamamaumbria.org\/index.php?rest_route=\/wp\/v2\/pages\/102\/revisions"}],"predecessor-version":[{"id":1347,"href":"http:\/\/www.lamamaumbria.org\/index.php?rest_route=\/wp\/v2\/pages\/102\/revisions\/1347"}],"up":[{"embeddable":true,"href":"http:\/\/www.lamamaumbria.org\/index.php?rest_route=\/wp\/v2\/pages\/26"}],"wp:attachment":[{"href":"http:\/\/www.lamamaumbria.org\/index.php?rest_route=%2Fwp%2Fv2%2Fmedia&parent=102"}],"curies":[{"name":"wp","href":"https:\/\/api.w.org\/{rel}","templated":true}]}}