{"id":100,"date":"2011-04-10T12:11:40","date_gmt":"2011-04-10T10:11:40","guid":{"rendered":"http:\/\/www.lamamaumbria.org\/?page_id=100"},"modified":"2015-06-20T17:20:13","modified_gmt":"2015-06-20T15:20:13","slug":"sessione-1","status":"publish","type":"page","link":"http:\/\/www.lamamaumbria.org\/?page_id=100","title":{"rendered":"Sessione 1"},"content":{"rendered":"<p><strong> <\/strong><\/p>\n<h2><strong>dal 15 al 29 luglio<\/strong><span style=\"color: #cf2f36;\"><strong><span style=\"text-decoration: underline;\"><strong> <\/strong><\/span><\/strong><\/span><\/h2>\n<h2><span style=\"color: #cf2f36;\"><strong><span style=\"text-decoration: underline;\"><strong><br \/>\nPrima settimana:<\/strong><\/span><\/strong><\/span><\/h2>\n<h3><strong><strong>PING CHONG<\/strong><\/strong><strong><strong><br \/>\n<span style=\"color: #cf2f36;\">Creare nel tempo e nello spazio<\/span><\/strong><\/strong><\/h3>\n<p>Il tema principale del corso \u00e8 appunto \u201ccreare nel tempo e nello  spazio\u201d. Il workshop si concentrer\u00e0 sul linguaggio teatrale come punto  di incontro tra movimento, testo, suono, spazio e immagine. Ai  partecipanti verr\u00e0 chiesto di elaborare dei brevi lavori, affrontando  ognuno di questi elementi, fino a creare una presentazione finale che  che sintetizza insieme tutti gli elementi. A tal fine, potranno  utilizzare materiale testuale, suoni registrati, oggetti che possono  creare dei suoni, e qualsiasi elemento reputino utile all&#8217;esplorazione  del tema individuato dal corso.<\/p>\n<p><strong>PING CHONG <\/strong>\u00e8 un regista teatrale, drammaturgo e creatore di  installazioni e video internazionalmente riconosciuto. I suoi lavori  sono stati presentati in molti importanti teatri e festival in giro per  il mondo, tra cui: il<em> John F. Kennedy Center for the Performing Arts<\/em>, <em>Lincoln Center Festival<\/em>,<em> Brooklyn Academy of Music<\/em>,<em> La MaMa E.T.C<\/em>, <em>Festival Spoleto USA<\/em>, <em>Vienna Festival<\/em>, <em>RomaEuropa Festival<\/em>, <em>Lille European Capital of Culture<\/em>, <em>Tokyo International Arts Festival<\/em>, <em>Singapore Festival of the Arts<\/em>, e molti altri.<\/p>\n<h3><strong>HJALMAR JORGE JOFFRE-EICHHORN<\/strong><strong><br \/>\n<span style=\"color: #cf2f36;\">Playback Theatre e Il teatro degli oppressi<\/span><\/strong><\/h3>\n<p>Il workshop si concentra su una variet\u00e0 di metodologie di teatro partecipato e interattivo, come il <em>Playback Theatre <\/em>e il <em>Teatro degli Oppressi<\/em>.  Alcune di queste tecniche interattive verranno prese in considerazione  anche come approccio innovativo per lavorare a spettacoli basati su  testi teatrali pre- esistenti.<\/p>\n<p><strong><strong>HJALMAR JORGE JOFFRE-EICHHORN <\/strong><\/strong>ha ricevuto un Master Universitario su <em>Processi di Pace e di Sviluppo <\/em>ed  ha utilizzando il teatro come metodologia per stimolare il dialogo  comunitario e interculturale, in diversi paesi del mondo, compreso  Afghanistan, Australia, Belgio, Bolivia, Colombia, Germania, Ruanda,  Sierra Leone, Tajikistan, Stati Uniti e Ucraina. \u00c8 uno dei fondatori a  Kabul dell&#8217;<em>Organizzazione Afgana per i Diritti Umani e per la Democrazia <\/em>(AHRDO; www.ahrdo.org), un&#8217;organizzazione teatrale comunitaria composta per lo pi\u00f9 da cittadini afgani.<strong> <\/strong><\/p>\n<h2><span style=\"color: #cf2f36;\"><strong><span style=\"text-decoration: underline;\"><strong>Seconda settimana:<\/strong><\/span><\/strong><\/span><\/h2>\n<h3><strong>RUTH MALECZECH <\/strong><strong><br \/>\n<span style=\"color: #cf2f36;\">Nuove idee per i Classici del Teatro Americano<\/span><\/strong><\/h3>\n<p>Durante il corso i partecipanti lavoreranno all&#8217;applicazione di nuove  idee e concetti per la messa in scena di testi del teatro classico  americano, analizzando come queste idee possono informare e forse  condizionare scelte scenografiche e di design, la recitazione, la regia e  la parola stessa.<\/p>\n<p><strong>RUTH MALECZECH <\/strong>Una straordinaria attrice che ha collaborato,  fin dal 1970, in quasi ogni produzione della compagnia newyorchese Mabou  Mines, riconosciuta internazionalmente per \u201cUna visione originale nel  teatro contemporaneo americano&#8230; fonte di ispirazione per il suo lavoro  artistico, l&#8217;attivismo per i diritti delle donne e per il suo spirito  creativo.\u201d Nella sua carriera ha vinto 3 premi Obie, il premio NEA  Distinguished Artist Award, Foundation of Contemporary Arts Fellow, Otto  Rene Castillo Award, U.S. Artists Gracie Fellow nel 2010.<\/p>\n<h3><strong><strong>LUCA RONCONI<br \/>\n<\/strong><\/strong><span style=\"color: #cf2f36;\"><strong><strong>La preparazione del regista<\/strong><\/strong><\/span><\/h3>\n<p>Laboratorio condotto da uno dei grandi maestri del teatro italiano  contemporaneo. Ronconi accoglier\u00e0 i partecipanti nella sua Residenza  Artistica di Santa Cristina, vicino Gubbio, coinvolgendoli nel suo  personale processo di studio e analisi di un testo teatrale in fase di  preparazione. A partire dall&#8217;analisi del testo, il discorso si  allargher\u00e0 per affrontare questioni pi\u00f9 ampie relative al lavoro di  preparazione del regista, fino a sperimentare in maniera pratica alcune  delle possibilit\u00e0 emerse.<\/p>\n<p><strong>LUCA RONCONI<\/strong>, \u00e8 considerato uno dei registi teatrali pi\u00f9  influenti in Europa. Dopo aver ottenuto il diploma dell&#8217;Accademia d&#8217;Arte  Drammatica di Roma, ha iniziato a lavorare come attore con importanti  registi quali Luigi Squarzina, Orazio Costa, Michelangelo Antonioni, ed  altri. Nel 1963, ha curato la regia del suo primo spettacolo e da allora  ha lavorato quasi esclusivamente come regista, creando numerosissimi  spettacoli ed opere, lavorando con alcuni dei pi\u00f9 prestigiosi teatri,  compagnie e festival in Italia e all&#8217;estero, tra cui: Burgtheater di  Vienna, il Teatro alla Scala di Milan, la Vienna State Opera, il  Festival Rossini di Pesaro, il Festival di Salisburgo e il Festival di  Spoleto. \u00c8 stato direttore artistico di: Biennale di Venezia dal 1977 al  1999, il Teatro Stabile di Torino dal 1989 al 1994, il Teatro di Roma  dal 1994 al 1998 e il Piccolo Teatro di Milano, dal 1998 al 2004.<\/p>\n<p>Nel corso di oltre trenta anni di carriera Ronconi ha ricevuto  numerosi premi e riconoscimenti, tra cui il Premio Europa per il teatro  nel 1998 e numerosi Premi UBU per il migliore spettacolo della stagione o  per la migliore regia, tra questi: <em>Fratelli Karamazov <\/em>nel 1998<em>, Progetto Sogno <\/em>nel 2000, <em>Lolita <\/em>nel 2001 e <em>Infinities <\/em>in 2002. In 2006, per le Olimpiadi Invernali di Torino, Ronconi ha ideato e diretto le <em>Olimpiadi della Cultura, <\/em>5 spettacoli interconnessi dedicati al tema del futuro. Anche questo complesso progetto ha ricevuto il <em>Premio UBU<\/em>.<\/p>\n<h3><strong>MARCO MARTINELLI ed ERMANNA MONTANARI, Teatro Delle Albe<br \/>\n<span style=\"color: #cf2f36;\">Alchemy At Work<\/span><\/strong><\/h3>\n<p>Lavoro incentrato sull&#8217;intreccio che fonda la scena: la drammaturgia e  il lavoro d&#8217;attore intesi come due poli alchemici che si influenzano e  si irrobustiscono a vicenda, in un corpo a corpo che rende la messa in  scena una messa in vita. Come trasformare il metallo (la parola) in oro  (la presenza di carne, viva, emozionante dell&#8217;attore)? Come rompere una  logica gerarchica (l&#8217;attore &#8220;esecutore&#8221; del testo) in favore di una  visione organica (la parola &#8220;incarnata&#8221;)? Non va mai dimenticato che  l&#8217;avanguardia \u00e8 il segreto che i greci conoscevano alle origini:  l&#8217;attore \u00e8 un &#8220;tecnico di Dioniso&#8221;.<\/p>\n<p><strong>MARCO MARTINELLI ed ERMANNA MONTANARI <\/strong>hanno fondato nel 1983 il <em>Teatro delle Albe<\/em>,  compagnia che \u00e8 diventata una della pi\u00f9 importanti realt\u00e0 della scena  nazionale ed internazionale. Marco \u00e8 autore e regista, Ermanna \u00e8 anche  autore della maggior parte dei lavori della compagnia, attrice  principale e scenografa. La compagnia ha mescolato la ricerca del  \u201cnuovo\u201d con l&#8217;insegnamento del teatro tradizionale, fondando il loro  originale linguaggio contemporaneo. Hanno ricevuto numerosi premi e  riconoscimenti per il loro lavoro in Italia e all&#8217;estero, compreso 9 <em>Premi UBU<\/em>, il <em>Premio Lo Straniero<\/em> dedicato alla memoria di Carmelo Bene e 2 <em>Golden Laurel<\/em> al <em>MESS International Festival <\/em>di Sarajevo. Nel 1991 le Albe hanno fondato <em>Ravenna Teatro<\/em>, che \u00e8 diventato uno dei centri teatrali pi\u00f9 vivaci in Italia e nel 2011 cureranno la direzione artistica del <em>Festival Internazionale di Santarcangelo<\/em>.<\/p>\n<p><\/p>","protected":false},"excerpt":{"rendered":"<p>dal 15 al 29 luglio Prima settimana: PING CHONG Creare nel tempo e nello spazio Il tema principale del corso \u00e8 appunto \u201ccreare nel tempo e nello spazio\u201d. Il workshop si concentrer\u00e0 sul linguaggio teatrale come punto di incontro tra movimento, testo, suono, spazio e immagine. Ai partecipanti verr\u00e0 chiesto\u2026<\/p>\n<p> <a class=\"continue-reading-link\" href=\"http:\/\/www.lamamaumbria.org\/?page_id=100\"><span>Continue reading<\/span><i class=\"crycon-right-dir\"><\/i><\/a> <\/p>\n","protected":false},"author":1,"featured_media":0,"parent":26,"menu_order":0,"comment_status":"closed","ping_status":"closed","template":"","meta":{"footnotes":""},"_links":{"self":[{"href":"http:\/\/www.lamamaumbria.org\/index.php?rest_route=\/wp\/v2\/pages\/100"}],"collection":[{"href":"http:\/\/www.lamamaumbria.org\/index.php?rest_route=\/wp\/v2\/pages"}],"about":[{"href":"http:\/\/www.lamamaumbria.org\/index.php?rest_route=\/wp\/v2\/types\/page"}],"author":[{"embeddable":true,"href":"http:\/\/www.lamamaumbria.org\/index.php?rest_route=\/wp\/v2\/users\/1"}],"replies":[{"embeddable":true,"href":"http:\/\/www.lamamaumbria.org\/index.php?rest_route=%2Fwp%2Fv2%2Fcomments&post=100"}],"version-history":[{"count":1,"href":"http:\/\/www.lamamaumbria.org\/index.php?rest_route=\/wp\/v2\/pages\/100\/revisions"}],"predecessor-version":[{"id":1346,"href":"http:\/\/www.lamamaumbria.org\/index.php?rest_route=\/wp\/v2\/pages\/100\/revisions\/1346"}],"up":[{"embeddable":true,"href":"http:\/\/www.lamamaumbria.org\/index.php?rest_route=\/wp\/v2\/pages\/26"}],"wp:attachment":[{"href":"http:\/\/www.lamamaumbria.org\/index.php?rest_route=%2Fwp%2Fv2%2Fmedia&parent=100"}],"curies":[{"name":"wp","href":"https:\/\/api.w.org\/{rel}","templated":true}]}}